{"id":1181,"date":"2018-02-27T15:35:04","date_gmt":"2018-02-27T15:35:04","guid":{"rendered":"http:\/\/mindfb.com?page_id=1181"},"modified":"2018-06-17T22:54:45","modified_gmt":"2018-06-17T22:54:45","slug":"author-bio","status":"publish","type":"page","link":"https:\/\/mindfb.com\/es\/author-bio","title":{"rendered":"BIOGRAF\u00cdA"},"content":{"rendered":"<p><img data-recalc-dims=\"1\" loading=\"lazy\" decoding=\"async\" data-attachment-id=\"1703\" data-permalink=\"https:\/\/mindfb.com\/es\/media\/oscar-segurado-headshot-1c_j8-2\" data-orig-file=\"https:\/\/i0.wp.com\/mindfb.com\/wp-content\/uploads\/2018\/06\/Oscar-Segurado-Headshot-1c_J8.jpg?fit=3359%2C3050&amp;ssl=1\" data-orig-size=\"3359,3050\" data-comments-opened=\"1\" data-image-meta=\"{&quot;aperture&quot;:&quot;0&quot;,&quot;credit&quot;:&quot;&quot;,&quot;camera&quot;:&quot;&quot;,&quot;caption&quot;:&quot;&quot;,&quot;created_timestamp&quot;:&quot;0&quot;,&quot;copyright&quot;:&quot;&quot;,&quot;focal_length&quot;:&quot;0&quot;,&quot;iso&quot;:&quot;0&quot;,&quot;shutter_speed&quot;:&quot;0&quot;,&quot;title&quot;:&quot;&quot;,&quot;orientation&quot;:&quot;0&quot;}\" data-image-title=\"Oscar Segurado Headshot 1c_J8\" data-image-description=\"\" data-image-caption=\"\" data-medium-file=\"https:\/\/i0.wp.com\/mindfb.com\/wp-content\/uploads\/2018\/06\/Oscar-Segurado-Headshot-1c_J8.jpg?fit=300%2C272&amp;ssl=1\" data-large-file=\"https:\/\/i0.wp.com\/mindfb.com\/wp-content\/uploads\/2018\/06\/Oscar-Segurado-Headshot-1c_J8.jpg?fit=1024%2C930&amp;ssl=1\" class=\"alignnone size-medium wp-image-1703\" src=\"https:\/\/i0.wp.com\/mindfb.com\/wp-content\/uploads\/2018\/06\/Oscar-Segurado-Headshot-1c_J8.jpg?resize=300%2C272&#038;ssl=1\" alt=\"\" width=\"300\" height=\"272\" srcset=\"https:\/\/i0.wp.com\/mindfb.com\/wp-content\/uploads\/2018\/06\/Oscar-Segurado-Headshot-1c_J8.jpg?resize=300%2C272&amp;ssl=1 300w, https:\/\/i0.wp.com\/mindfb.com\/wp-content\/uploads\/2018\/06\/Oscar-Segurado-Headshot-1c_J8.jpg?resize=768%2C697&amp;ssl=1 768w, https:\/\/i0.wp.com\/mindfb.com\/wp-content\/uploads\/2018\/06\/Oscar-Segurado-Headshot-1c_J8.jpg?resize=1024%2C930&amp;ssl=1 1024w, https:\/\/i0.wp.com\/mindfb.com\/wp-content\/uploads\/2018\/06\/Oscar-Segurado-Headshot-1c_J8.jpg?resize=800%2C726&amp;ssl=1 800w, https:\/\/i0.wp.com\/mindfb.com\/wp-content\/uploads\/2018\/06\/Oscar-Segurado-Headshot-1c_J8.jpg?resize=441%2C400&amp;ssl=1 441w, https:\/\/i0.wp.com\/mindfb.com\/wp-content\/uploads\/2018\/06\/Oscar-Segurado-Headshot-1c_J8.jpg?w=2000&amp;ssl=1 2000w, https:\/\/i0.wp.com\/mindfb.com\/wp-content\/uploads\/2018\/06\/Oscar-Segurado-Headshot-1c_J8.jpg?w=3000&amp;ssl=1 3000w\" sizes=\"auto, (max-width: 300px) 100vw, 300px\" \/><\/p>\n<p>Soy un m\u00e9dico cient\u00edfico con d\u00e9cadas de experiencia en neurociencias e inmunolog\u00eda y m\u00e1s de 100 art\u00edculos cient\u00edficos en revistas de primera categor\u00eda como Nature y Lancet, tambi\u00e9n un veterano de la industria farmac\u00e9utica. Siempre me ha interesado entender como la interacci\u00f3n de la mente con el sistema nervioso y con el sistema inmune afecta nuestro bienestar, especialmente la ansiedad.<\/p>\n<p>Escrib\u00ed este libro como consecuencia de mi profundo inter\u00e9s por la medicina oriental, especialmente mi conocimiento de la medicina china y ayurv\u00e9dica, que me llev\u00f3 a desarrollar la pr\u00e1ctica de autorreflexi\u00f3n y el estilo de vida NEO Chi.<\/p>\n<p>Cuando mi acelerada vida se vio sacudida por eventos dolorosos que afectaron a dos familiares cercanos, todos mis par\u00e1metros vitales quedaron trastocados y alcanc\u00e9 niveles insoportables de ansiedad. Me di cuenta de que mi enfoque vital ten\u00eda que cambiar, comenzando por una b\u00fasqueda del sentido de mi vida. Ten\u00eda una ansiedad de alto rendimiento, siempre nervioso, ansioso de acumular logros a mi lista interminable de tareas personales y profesionales. Posesiones, vacaciones o entretenimiento fueron soluciones transitorias, eran \u00abactividades triviales\u00bb. No me estaba ocupando de mis necesidades emocionales y f\u00edsicas, y en consecuencia, tampoco prestaba atenci\u00f3n a las personas clave en mi vida.<\/p>\n<p>Me recet\u00e9 lo siguiente: Detente. D\u00e9jalo ser. D\u00e9jalo ir. Menos, es m\u00e1s. Fue entonces cuando decid\u00ed abordar mi ansiedad reflexionando profundamente, buscando respuestas dentro de m\u00ed, volviendo a mis ra\u00edces como un joven m\u00e9dico apasionado por la psico neuro inmunolog\u00eda y la medicina integrativa, desenterrando las mejores pr\u00e1cticas m\u00e9dicas occidentales y orientales\u2026 y as\u00ed naci\u00f3 este libro.<\/p>\n","protected":false},"excerpt":{"rendered":"<p>Soy un m\u00e9dico cient\u00edfico con d\u00e9cadas de experiencia en neurociencias e inmunolog\u00eda y m\u00e1s de 100 art\u00edculos cient\u00edficos en revistas de primera categor\u00eda como Nature y Lancet, tambi\u00e9n un veterano [&hellip;]<\/p>\n","protected":false},"author":1,"featured_media":1703,"parent":0,"menu_order":0,"comment_status":"open","ping_status":"closed","template":"","meta":{"_exactmetrics_skip_tracking":false,"_exactmetrics_sitenote_active":false,"_exactmetrics_sitenote_note":"","_exactmetrics_sitenote_category":0,"_monsterinsights_skip_tracking":false,"_monsterinsights_sitenote_active":false,"_monsterinsights_sitenote_note":"","_monsterinsights_sitenote_category":0,"_genesis_hide_title":false,"_genesis_hide_breadcrumbs":false,"_genesis_hide_singular_image":false,"_genesis_hide_footer_widgets":false,"_genesis_custom_body_class":"","_genesis_custom_post_class":"","_genesis_layout":"","ngg_post_thumbnail":0,"jetpack_post_was_ever_published":false,"footnotes":""},"class_list":["post-1181","page","type-page","status-publish","has-post-thumbnail","entry"],"aioseo_notices":[],"aioseo_head":"\n\t\t<!-- All in One SEO Pro 4.9.5.2 - aioseo.com -->\n\t<meta name=\"description\" content=\"Oscar Segurado is a physician-scientist living in the San Francisco Bay area with decades of experience in neuroscience and immunology and over 100 scientific and news articles in top-rated journals as Nature and Lancet, also a veteran of the biopharmaceutical industry. He is a neuroscience and immunology researcher.\" \/>\n\t<meta name=\"robots\" content=\"max-image-preview:large\" \/>\n\t<meta name=\"google-site-verification\" content=\"R3p8qoxnKDD2ey8UfFcI0032TE8RtguDzPd_6rx-yVo\" \/>\n\t<meta name=\"msvalidate.01\" content=\"C2613C93A35D5FFAA26B4CCBC4D61E15\" \/>\n\t<meta name=\"keywords\" content=\"oscar segurado,mindful framing,mindfulness,mindful practice,mindful service,mindful meditation,meditation practice,physician scientist\" \/>\n\t<link rel=\"canonical\" href=\"https:\/\/mindfb.com\/es\/author-bio\" \/>\n\t<meta name=\"generator\" content=\"All in One SEO Pro (AIOSEO) 4.9.5.2\" \/>\n\t\t<script type=\"application\/ld+json\" class=\"aioseo-schema\">\n\t\t\t{\"@context\":\"https:\\\/\\\/schema.org\",\"@graph\":[{\"@type\":\"BreadcrumbList\",\"@id\":\"https:\\\/\\\/mindfb.com\\\/es\\\/author-bio#breadcrumblist\",\"itemListElement\":[{\"@type\":\"ListItem\",\"@id\":\"https:\\\/\\\/mindfb.com\\\/es#listItem\",\"position\":1,\"name\":\"Home\",\"item\":\"https:\\\/\\\/mindfb.com\\\/es\",\"nextItem\":{\"@type\":\"ListItem\",\"@id\":\"https:\\\/\\\/mindfb.com\\\/es\\\/author-bio#listItem\",\"name\":\"BIOGRAF\\u00cdA\"}},{\"@type\":\"ListItem\",\"@id\":\"https:\\\/\\\/mindfb.com\\\/es\\\/author-bio#listItem\",\"position\":2,\"name\":\"BIOGRAF\\u00cdA\",\"previousItem\":{\"@type\":\"ListItem\",\"@id\":\"https:\\\/\\\/mindfb.com\\\/es#listItem\",\"name\":\"Home\"}}]},{\"@type\":\"Organization\",\"@id\":\"https:\\\/\\\/mindfb.com\\\/es\\\/#organization\",\"name\":\"Mindful Framing\",\"description\":\"Transform Your Anxiety into Vital Energy\",\"url\":\"https:\\\/\\\/mindfb.com\\\/es\\\/\",\"logo\":{\"@type\":\"ImageObject\",\"url\":\"https:\\\/\\\/i0.wp.com\\\/mindfb.com\\\/wp-content\\\/uploads\\\/2023\\\/02\\\/cropped-mindfulframing_logo.png?fit=640%2C269&ssl=1\",\"@id\":\"https:\\\/\\\/mindfb.com\\\/es\\\/author-bio\\\/#organizationLogo\",\"width\":640,\"height\":269},\"image\":{\"@id\":\"https:\\\/\\\/mindfb.com\\\/es\\\/author-bio\\\/#organizationLogo\"},\"sameAs\":[\"https:\\\/\\\/www.facebook.com\\\/neochiorg\\\/\",\"https:\\\/\\\/twitter.com\\\/neochiorg\",\"https:\\\/\\\/www.instagram.com\\\/neochiorg\\\/\",\"https:\\\/\\\/hu.pinterest.com\\\/oscarsegurado\\\/\"]},{\"@type\":\"WebPage\",\"@id\":\"https:\\\/\\\/mindfb.com\\\/es\\\/author-bio#webpage\",\"url\":\"https:\\\/\\\/mindfb.com\\\/es\\\/author-bio\",\"name\":\"Author Bio | Oscar Segurado's book is out: Mindful Framing | Mindful Framing\",\"description\":\"Oscar Segurado is a physician-scientist living in the San Francisco Bay area with decades of experience in neuroscience and immunology and over 100 scientific and news articles in top-rated journals as Nature and Lancet, also a veteran of the biopharmaceutical industry. He is a neuroscience and immunology researcher.\",\"inLanguage\":\"es-ES\",\"isPartOf\":{\"@id\":\"https:\\\/\\\/mindfb.com\\\/es\\\/#website\"},\"breadcrumb\":{\"@id\":\"https:\\\/\\\/mindfb.com\\\/es\\\/author-bio#breadcrumblist\"},\"image\":{\"@type\":\"ImageObject\",\"url\":\"https:\\\/\\\/i0.wp.com\\\/mindfb.com\\\/wp-content\\\/uploads\\\/2018\\\/06\\\/Oscar-Segurado-Headshot-1c_J8.jpg?fit=3359%2C3050&ssl=1\",\"@id\":\"https:\\\/\\\/mindfb.com\\\/es\\\/author-bio\\\/#mainImage\",\"width\":3359,\"height\":3050},\"primaryImageOfPage\":{\"@id\":\"https:\\\/\\\/mindfb.com\\\/es\\\/author-bio#mainImage\"},\"datePublished\":\"2018-02-27T15:35:04-08:00\",\"dateModified\":\"2018-06-17T22:54:45-07:00\"},{\"@type\":\"WebSite\",\"@id\":\"https:\\\/\\\/mindfb.com\\\/es\\\/#website\",\"url\":\"https:\\\/\\\/mindfb.com\\\/es\\\/\",\"name\":\"Mindful Framing\",\"description\":\"Transform Your Anxiety into Vital Energy\",\"inLanguage\":\"es-ES\",\"publisher\":{\"@id\":\"https:\\\/\\\/mindfb.com\\\/es\\\/#organization\"}}]}\n\t\t<\/script>\n\t\t<!-- All in One SEO Pro -->\r\n\t\t<title>Author Bio | Oscar Segurado's book is out: Mindful Framing | Mindful Framing<\/title>\n\n","aioseo_head_json":{"title":"Author Bio | Oscar Segurado's book is out: Mindful Framing | Mindful Framing","description":"Oscar Segurado is a physician-scientist living in the San Francisco Bay area with decades of experience in neuroscience and immunology and over 100 scientific and news articles in top-rated journals as Nature and Lancet, also a veteran of the biopharmaceutical industry. He is a neuroscience and immunology researcher.","canonical_url":"https:\/\/mindfb.com\/es\/author-bio","robots":"max-image-preview:large","keywords":"oscar segurado,mindful framing,mindfulness,mindful practice,mindful service,mindful meditation,meditation practice,physician scientist","webmasterTools":{"google-site-verification":"R3p8qoxnKDD2ey8UfFcI0032TE8RtguDzPd_6rx-yVo","msvalidate.01":"C2613C93A35D5FFAA26B4CCBC4D61E15","miscellaneous":""},"schema":{"@context":"https:\/\/schema.org","@graph":[{"@type":"BreadcrumbList","@id":"https:\/\/mindfb.com\/es\/author-bio#breadcrumblist","itemListElement":[{"@type":"ListItem","@id":"https:\/\/mindfb.com\/es#listItem","position":1,"name":"Home","item":"https:\/\/mindfb.com\/es","nextItem":{"@type":"ListItem","@id":"https:\/\/mindfb.com\/es\/author-bio#listItem","name":"BIOGRAF\u00cdA"}},{"@type":"ListItem","@id":"https:\/\/mindfb.com\/es\/author-bio#listItem","position":2,"name":"BIOGRAF\u00cdA","previousItem":{"@type":"ListItem","@id":"https:\/\/mindfb.com\/es#listItem","name":"Home"}}]},{"@type":"Organization","@id":"https:\/\/mindfb.com\/es\/#organization","name":"Mindful Framing","description":"Transform Your Anxiety into Vital Energy","url":"https:\/\/mindfb.com\/es\/","logo":{"@type":"ImageObject","url":"https:\/\/i0.wp.com\/mindfb.com\/wp-content\/uploads\/2023\/02\/cropped-mindfulframing_logo.png?fit=640%2C269&ssl=1","@id":"https:\/\/mindfb.com\/es\/author-bio\/#organizationLogo","width":640,"height":269},"image":{"@id":"https:\/\/mindfb.com\/es\/author-bio\/#organizationLogo"},"sameAs":["https:\/\/www.facebook.com\/neochiorg\/","https:\/\/twitter.com\/neochiorg","https:\/\/www.instagram.com\/neochiorg\/","https:\/\/hu.pinterest.com\/oscarsegurado\/"]},{"@type":"WebPage","@id":"https:\/\/mindfb.com\/es\/author-bio#webpage","url":"https:\/\/mindfb.com\/es\/author-bio","name":"Author Bio | Oscar Segurado's book is out: Mindful Framing | Mindful Framing","description":"Oscar Segurado is a physician-scientist living in the San Francisco Bay area with decades of experience in neuroscience and immunology and over 100 scientific and news articles in top-rated journals as Nature and Lancet, also a veteran of the biopharmaceutical industry. He is a neuroscience and immunology researcher.","inLanguage":"es-ES","isPartOf":{"@id":"https:\/\/mindfb.com\/es\/#website"},"breadcrumb":{"@id":"https:\/\/mindfb.com\/es\/author-bio#breadcrumblist"},"image":{"@type":"ImageObject","url":"https:\/\/i0.wp.com\/mindfb.com\/wp-content\/uploads\/2018\/06\/Oscar-Segurado-Headshot-1c_J8.jpg?fit=3359%2C3050&ssl=1","@id":"https:\/\/mindfb.com\/es\/author-bio\/#mainImage","width":3359,"height":3050},"primaryImageOfPage":{"@id":"https:\/\/mindfb.com\/es\/author-bio#mainImage"},"datePublished":"2018-02-27T15:35:04-08:00","dateModified":"2018-06-17T22:54:45-07:00"},{"@type":"WebSite","@id":"https:\/\/mindfb.com\/es\/#website","url":"https:\/\/mindfb.com\/es\/","name":"Mindful Framing","description":"Transform Your Anxiety into Vital Energy","inLanguage":"es-ES","publisher":{"@id":"https:\/\/mindfb.com\/es\/#organization"}}]}},"aioseo_meta_data":{"post_id":"1181","title":"Author Bio | Oscar Segurado's book is out: Mindful Framing   | #site_title","description":"Oscar Segurado is a physician-scientist living in the San Francisco Bay area with decades of experience in neuroscience and immunology and over 100 scientific and news articles in top-rated journals as Nature and Lancet, also a veteran of the biopharmaceutical industry. He is a neuroscience and immunology researcher.","keywords":[{"label":"Oscar Segurado","value":"Oscar Segurado"},{"label":"Mindful Framing","value":"Mindful Framing"},{"label":"mindfulness","value":"mindfulness"},{"label":"mindful practice","value":"mindful practice"},{"label":"mindful service","value":"mindful service"},{"label":"mindful meditation","value":"mindful meditation"},{"label":"meditation practice","value":"meditation practice"},{"label":"physician scientist","value":"physician scientist"}],"keyphrases":null,"primary_term":null,"canonical_url":null,"og_title":null,"og_description":null,"og_object_type":"default","og_image_type":"default","og_image_url":null,"og_image_width":null,"og_image_height":null,"og_image_custom_url":null,"og_image_custom_fields":null,"og_video":null,"og_custom_url":null,"og_article_section":null,"og_article_tags":null,"twitter_use_og":false,"twitter_card":"default","twitter_image_type":"default","twitter_image_url":null,"twitter_image_custom_url":null,"twitter_image_custom_fields":null,"twitter_title":null,"twitter_description":null,"schema":{"blockGraphs":[],"customGraphs":[],"default":{"data":{"Article":[],"Course":[],"Dataset":[],"FAQPage":[],"Movie":[],"Person":[],"Product":[],"ProductReview":[],"Car":[],"Recipe":[],"Service":[],"SoftwareApplication":[],"WebPage":[]},"graphName":"","isEnabled":true},"graphs":[],"defaultGraph":"","defaultPostTypeGraph":""},"schema_type":null,"schema_type_options":null,"pillar_content":false,"robots_default":true,"robots_noindex":false,"robots_noarchive":false,"robots_nosnippet":false,"robots_nofollow":false,"robots_noimageindex":false,"robots_noodp":false,"robots_notranslate":false,"robots_max_snippet":null,"robots_max_videopreview":null,"robots_max_imagepreview":"large","priority":null,"frequency":null,"local_seo":null,"seo_analyzer_scan_date":"2025-10-09 00:54:59","breadcrumb_settings":null,"limit_modified_date":false,"open_ai":null,"ai":null,"created":"2021-01-11 13:45:09","updated":"2025-10-09 00:54:59"},"aioseo_breadcrumb":"<div class=\"aioseo-breadcrumbs\"><span class=\"aioseo-breadcrumb\">\n\t<a href=\"https:\/\/mindfb.com\/es\" title=\"Home\">Home<\/a>\n<\/span><span class=\"aioseo-breadcrumb-separator\">&raquo;<\/span><span class=\"aioseo-breadcrumb\">\n\tBIOGRAF\u00cdA\n<\/span><\/div>","aioseo_breadcrumb_json":[{"label":"Home","link":"https:\/\/mindfb.com\/es"},{"label":"BIOGRAF\u00cdA","link":"https:\/\/mindfb.com\/es\/author-bio"}],"jetpack_sharing_enabled":true,"jetpack_shortlink":"https:\/\/wp.me\/P9HfYW-j3","jetpack_likes_enabled":true,"jetpack-related-posts":[],"_links":{"self":[{"href":"https:\/\/mindfb.com\/es\/wp-json\/wp\/v2\/pages\/1181","targetHints":{"allow":["GET"]}}],"collection":[{"href":"https:\/\/mindfb.com\/es\/wp-json\/wp\/v2\/pages"}],"about":[{"href":"https:\/\/mindfb.com\/es\/wp-json\/wp\/v2\/types\/page"}],"author":[{"embeddable":true,"href":"https:\/\/mindfb.com\/es\/wp-json\/wp\/v2\/users\/1"}],"replies":[{"embeddable":true,"href":"https:\/\/mindfb.com\/es\/wp-json\/wp\/v2\/comments?post=1181"}],"version-history":[{"count":0,"href":"https:\/\/mindfb.com\/es\/wp-json\/wp\/v2\/pages\/1181\/revisions"}],"wp:featuredmedia":[{"embeddable":true,"href":"https:\/\/mindfb.com\/es\/wp-json\/wp\/v2\/media\/1703"}],"wp:attachment":[{"href":"https:\/\/mindfb.com\/es\/wp-json\/wp\/v2\/media?parent=1181"}],"curies":[{"name":"wp","href":"https:\/\/api.w.org\/{rel}","templated":true}]}}