{"id":1185,"date":"2018-02-27T15:37:19","date_gmt":"2018-02-27T15:37:19","guid":{"rendered":"http:\/\/mindfb.com?page_id=1185"},"modified":"2018-03-17T22:13:48","modified_gmt":"2018-03-17T22:13:48","slug":"detective-story-section","status":"publish","type":"page","link":"https:\/\/mindfb.com\/es\/detective-story-section","title":{"rendered":"Una HISTORIA POLIC\u00cdACA"},"content":{"rendered":"<p>Cuando empec\u00e9 ha escribir este libro, me di cuenta de que explicar la enorme complejidad del sistema inmune y su interacci\u00f3n con el sistema nervioso y otros sistemas biol\u00f3gicos ser\u00eda abrumador para muchos lectores. Pens\u00e9 que una historia policiaca breve transformar\u00eda la complejidad del sistema inmune en conceptos claros y accesibles. Te dar\u00e1s cuenta de lo f\u00e1cil que es memorizar los principios b\u00e1sicos de tu sistema inmune y otros sistemas de tu cuerpo.<\/p>\n<p>Comienza leyendo pausadamente la breve historia de la inspectora Teresa y sus colegas, afrontando cr\u00edmenes en la ciudad de Valencia. Esta historia es una met\u00e1fora de tu sistema inmune en el contexto de otros sistemas biol\u00f3gicos. Es una fuerza policial siempre dispuesta a proteger a los ciudadanos, representando a nuestro sistema inmune protegiendo tu organismo de infecciones, c\u00e1ncer y otras enfermedades inmunol\u00f3gicas.<\/p>\n<p>Teresa es la inspectora jefe que supervisa el trabajo en estos cr\u00edmenes, ella representa la c\u00e9lula T, una c\u00e9lula de la sangre que coordina a todo el sistema inmune.<\/p>\n<p><img data-recalc-dims=\"1\" loading=\"lazy\" decoding=\"async\" data-attachment-id=\"1327\" data-permalink=\"https:\/\/mindfb.com\/es\/detective-story-section\/det-illustr-1-final-2\" data-orig-file=\"https:\/\/i0.wp.com\/mindfb.com\/wp-content\/uploads\/2018\/03\/DET-Illustr-1-Final.jpg?fit=2625%2C2625&amp;ssl=1\" data-orig-size=\"2625,2625\" data-comments-opened=\"1\" data-image-meta=\"{&quot;aperture&quot;:&quot;0&quot;,&quot;credit&quot;:&quot;&quot;,&quot;camera&quot;:&quot;&quot;,&quot;caption&quot;:&quot;&quot;,&quot;created_timestamp&quot;:&quot;0&quot;,&quot;copyright&quot;:&quot;&quot;,&quot;focal_length&quot;:&quot;0&quot;,&quot;iso&quot;:&quot;0&quot;,&quot;shutter_speed&quot;:&quot;0&quot;,&quot;title&quot;:&quot;&quot;,&quot;orientation&quot;:&quot;1&quot;}\" data-image-title=\"DET Illustr 1 Final SPA\" data-image-description=\"\" data-image-caption=\"\" data-medium-file=\"https:\/\/i0.wp.com\/mindfb.com\/wp-content\/uploads\/2018\/03\/DET-Illustr-1-Final.jpg?fit=300%2C300&amp;ssl=1\" data-large-file=\"https:\/\/i0.wp.com\/mindfb.com\/wp-content\/uploads\/2018\/03\/DET-Illustr-1-Final.jpg?fit=1024%2C1024&amp;ssl=1\" class=\"alignnone wp-image-1327\" src=\"https:\/\/i0.wp.com\/mindfb.com\/wp-content\/uploads\/2018\/03\/DET-Illustr-1-Final.jpg?resize=890%2C890&#038;ssl=1\" alt=\"\" width=\"890\" height=\"890\" srcset=\"https:\/\/i0.wp.com\/mindfb.com\/wp-content\/uploads\/2018\/03\/DET-Illustr-1-Final.jpg?w=2625&amp;ssl=1 2625w, https:\/\/i0.wp.com\/mindfb.com\/wp-content\/uploads\/2018\/03\/DET-Illustr-1-Final.jpg?resize=150%2C150&amp;ssl=1 150w, https:\/\/i0.wp.com\/mindfb.com\/wp-content\/uploads\/2018\/03\/DET-Illustr-1-Final.jpg?resize=300%2C300&amp;ssl=1 300w, https:\/\/i0.wp.com\/mindfb.com\/wp-content\/uploads\/2018\/03\/DET-Illustr-1-Final.jpg?resize=768%2C768&amp;ssl=1 768w, https:\/\/i0.wp.com\/mindfb.com\/wp-content\/uploads\/2018\/03\/DET-Illustr-1-Final.jpg?resize=1024%2C1024&amp;ssl=1 1024w, https:\/\/i0.wp.com\/mindfb.com\/wp-content\/uploads\/2018\/03\/DET-Illustr-1-Final.jpg?resize=200%2C200&amp;ssl=1 200w, https:\/\/i0.wp.com\/mindfb.com\/wp-content\/uploads\/2018\/03\/DET-Illustr-1-Final.jpg?resize=800%2C800&amp;ssl=1 800w, https:\/\/i0.wp.com\/mindfb.com\/wp-content\/uploads\/2018\/03\/DET-Illustr-1-Final.jpg?resize=400%2C400&amp;ssl=1 400w, https:\/\/i0.wp.com\/mindfb.com\/wp-content\/uploads\/2018\/03\/DET-Illustr-1-Final.jpg?w=2000&amp;ssl=1 2000w\" sizes=\"auto, (max-width: 890px) 100vw, 890px\" \/><\/p>\n<p>&nbsp;<\/p>\n<p><img data-recalc-dims=\"1\" loading=\"lazy\" decoding=\"async\" class=\"aligncenter size-full wp-image-796\" src=\"https:\/\/i0.wp.com\/mindfb.com\/wp-content\/uploads\/2018\/02\/DET-Illustr-2-Final_1000.jpg?resize=1000%2C1000\" alt=\"\" width=\"1000\" height=\"1000\" srcset=\"https:\/\/i0.wp.com\/mindfb.com\/wp-content\/uploads\/2018\/02\/DET-Illustr-2-Final_1000.jpg?w=1000&amp;ssl=1 1000w, https:\/\/i0.wp.com\/mindfb.com\/wp-content\/uploads\/2018\/02\/DET-Illustr-2-Final_1000.jpg?resize=150%2C150&amp;ssl=1 150w, https:\/\/i0.wp.com\/mindfb.com\/wp-content\/uploads\/2018\/02\/DET-Illustr-2-Final_1000.jpg?resize=300%2C300&amp;ssl=1 300w, https:\/\/i0.wp.com\/mindfb.com\/wp-content\/uploads\/2018\/02\/DET-Illustr-2-Final_1000.jpg?resize=768%2C768&amp;ssl=1 768w, https:\/\/i0.wp.com\/mindfb.com\/wp-content\/uploads\/2018\/02\/DET-Illustr-2-Final_1000.jpg?resize=800%2C800&amp;ssl=1 800w\" sizes=\"auto, (max-width: 1000px) 100vw, 1000px\" \/><\/p>\n<p>&nbsp;<\/p>\n<p>El equipo de cuatro inspectores de polic\u00eda representa los diferentes tips de c\u00e9lulas en el sistema inmune.<\/p>\n<p><img data-recalc-dims=\"1\" loading=\"lazy\" decoding=\"async\" data-attachment-id=\"1329\" data-permalink=\"https:\/\/mindfb.com\/es\/detective-story-section\/det-illustr-3-final-2\" data-orig-file=\"https:\/\/i0.wp.com\/mindfb.com\/wp-content\/uploads\/2018\/03\/DET-Illustr-3-Final.jpg?fit=2625%2C2625&amp;ssl=1\" data-orig-size=\"2625,2625\" data-comments-opened=\"1\" data-image-meta=\"{&quot;aperture&quot;:&quot;0&quot;,&quot;credit&quot;:&quot;&quot;,&quot;camera&quot;:&quot;&quot;,&quot;caption&quot;:&quot;&quot;,&quot;created_timestamp&quot;:&quot;0&quot;,&quot;copyright&quot;:&quot;&quot;,&quot;focal_length&quot;:&quot;0&quot;,&quot;iso&quot;:&quot;0&quot;,&quot;shutter_speed&quot;:&quot;0&quot;,&quot;title&quot;:&quot;&quot;,&quot;orientation&quot;:&quot;1&quot;}\" data-image-title=\"DET Illustr 3 Final SPA\" data-image-description=\"\" data-image-caption=\"\" data-medium-file=\"https:\/\/i0.wp.com\/mindfb.com\/wp-content\/uploads\/2018\/03\/DET-Illustr-3-Final.jpg?fit=300%2C300&amp;ssl=1\" data-large-file=\"https:\/\/i0.wp.com\/mindfb.com\/wp-content\/uploads\/2018\/03\/DET-Illustr-3-Final.jpg?fit=1024%2C1024&amp;ssl=1\" class=\"alignnone wp-image-1329\" src=\"https:\/\/i0.wp.com\/mindfb.com\/wp-content\/uploads\/2018\/03\/DET-Illustr-3-Final.jpg?resize=889%2C889&#038;ssl=1\" alt=\"\" width=\"889\" height=\"889\" srcset=\"https:\/\/i0.wp.com\/mindfb.com\/wp-content\/uploads\/2018\/03\/DET-Illustr-3-Final.jpg?w=2625&amp;ssl=1 2625w, https:\/\/i0.wp.com\/mindfb.com\/wp-content\/uploads\/2018\/03\/DET-Illustr-3-Final.jpg?resize=150%2C150&amp;ssl=1 150w, https:\/\/i0.wp.com\/mindfb.com\/wp-content\/uploads\/2018\/03\/DET-Illustr-3-Final.jpg?resize=300%2C300&amp;ssl=1 300w, https:\/\/i0.wp.com\/mindfb.com\/wp-content\/uploads\/2018\/03\/DET-Illustr-3-Final.jpg?resize=768%2C768&amp;ssl=1 768w, https:\/\/i0.wp.com\/mindfb.com\/wp-content\/uploads\/2018\/03\/DET-Illustr-3-Final.jpg?resize=1024%2C1024&amp;ssl=1 1024w, https:\/\/i0.wp.com\/mindfb.com\/wp-content\/uploads\/2018\/03\/DET-Illustr-3-Final.jpg?resize=200%2C200&amp;ssl=1 200w, https:\/\/i0.wp.com\/mindfb.com\/wp-content\/uploads\/2018\/03\/DET-Illustr-3-Final.jpg?resize=800%2C800&amp;ssl=1 800w, https:\/\/i0.wp.com\/mindfb.com\/wp-content\/uploads\/2018\/03\/DET-Illustr-3-Final.jpg?resize=400%2C400&amp;ssl=1 400w, https:\/\/i0.wp.com\/mindfb.com\/wp-content\/uploads\/2018\/03\/DET-Illustr-3-Final.jpg?w=2000&amp;ssl=1 2000w\" sizes=\"auto, (max-width: 889px) 100vw, 889px\" \/><\/p>\n<p>&nbsp;<\/p>\n<p>El asesino en serie es una met\u00e1fora de un agente pat\u00f3geno que destruye c\u00e9lulas sanas en tu organismo.<\/p>\n<p><img data-recalc-dims=\"1\" loading=\"lazy\" decoding=\"async\" class=\"aligncenter size-full wp-image-794\" src=\"https:\/\/i0.wp.com\/mindfb.com\/wp-content\/uploads\/2018\/02\/DET-Illustr-4-Final_1000.jpg?resize=1000%2C1000\" alt=\"\" width=\"1000\" height=\"1000\" srcset=\"https:\/\/i0.wp.com\/mindfb.com\/wp-content\/uploads\/2018\/02\/DET-Illustr-4-Final_1000.jpg?w=1000&amp;ssl=1 1000w, https:\/\/i0.wp.com\/mindfb.com\/wp-content\/uploads\/2018\/02\/DET-Illustr-4-Final_1000.jpg?resize=150%2C150&amp;ssl=1 150w, https:\/\/i0.wp.com\/mindfb.com\/wp-content\/uploads\/2018\/02\/DET-Illustr-4-Final_1000.jpg?resize=300%2C300&amp;ssl=1 300w, https:\/\/i0.wp.com\/mindfb.com\/wp-content\/uploads\/2018\/02\/DET-Illustr-4-Final_1000.jpg?resize=768%2C768&amp;ssl=1 768w, https:\/\/i0.wp.com\/mindfb.com\/wp-content\/uploads\/2018\/02\/DET-Illustr-4-Final_1000.jpg?resize=800%2C800&amp;ssl=1 800w\" sizes=\"auto, (max-width: 1000px) 100vw, 1000px\" \/><\/p>\n<p>&nbsp;<\/p>\n<p>Las c\u00e9lulas cancerosas son c\u00e9lulas sanas que se vuelven destructivas, como la mafia, una organizaci\u00f3n criminal en la que ciudadanos honestos se convierten en criminales que socavan la estructura misma de la sociedad.<\/p>\n<p>La autoinmunidad ocurre cuando las c\u00e9lulas inmunes atacan las c\u00e9lulas sanas, como los inspectores de polic\u00eda corruptos que da\u00f1an en lugar de proteger a los ciudadanos.<\/p>\n<p><img data-recalc-dims=\"1\" loading=\"lazy\" decoding=\"async\" data-attachment-id=\"1331\" data-permalink=\"https:\/\/mindfb.com\/es\/detective-story-section\/det-illustr-5-final-2\" data-orig-file=\"https:\/\/i0.wp.com\/mindfb.com\/wp-content\/uploads\/2018\/03\/DET-Illustr-5-Final.jpg?fit=2625%2C2625&amp;ssl=1\" data-orig-size=\"2625,2625\" data-comments-opened=\"1\" data-image-meta=\"{&quot;aperture&quot;:&quot;0&quot;,&quot;credit&quot;:&quot;&quot;,&quot;camera&quot;:&quot;&quot;,&quot;caption&quot;:&quot;&quot;,&quot;created_timestamp&quot;:&quot;0&quot;,&quot;copyright&quot;:&quot;&quot;,&quot;focal_length&quot;:&quot;0&quot;,&quot;iso&quot;:&quot;0&quot;,&quot;shutter_speed&quot;:&quot;0&quot;,&quot;title&quot;:&quot;&quot;,&quot;orientation&quot;:&quot;1&quot;}\" data-image-title=\"DET Illustr 5 Final SPA\" data-image-description=\"\" data-image-caption=\"\" data-medium-file=\"https:\/\/i0.wp.com\/mindfb.com\/wp-content\/uploads\/2018\/03\/DET-Illustr-5-Final.jpg?fit=300%2C300&amp;ssl=1\" data-large-file=\"https:\/\/i0.wp.com\/mindfb.com\/wp-content\/uploads\/2018\/03\/DET-Illustr-5-Final.jpg?fit=1024%2C1024&amp;ssl=1\" class=\"alignnone wp-image-1331\" src=\"https:\/\/i0.wp.com\/mindfb.com\/wp-content\/uploads\/2018\/03\/DET-Illustr-5-Final.jpg?resize=888%2C888&#038;ssl=1\" alt=\"\" width=\"888\" height=\"888\" srcset=\"https:\/\/i0.wp.com\/mindfb.com\/wp-content\/uploads\/2018\/03\/DET-Illustr-5-Final.jpg?w=2625&amp;ssl=1 2625w, https:\/\/i0.wp.com\/mindfb.com\/wp-content\/uploads\/2018\/03\/DET-Illustr-5-Final.jpg?resize=150%2C150&amp;ssl=1 150w, https:\/\/i0.wp.com\/mindfb.com\/wp-content\/uploads\/2018\/03\/DET-Illustr-5-Final.jpg?resize=300%2C300&amp;ssl=1 300w, https:\/\/i0.wp.com\/mindfb.com\/wp-content\/uploads\/2018\/03\/DET-Illustr-5-Final.jpg?resize=768%2C768&amp;ssl=1 768w, https:\/\/i0.wp.com\/mindfb.com\/wp-content\/uploads\/2018\/03\/DET-Illustr-5-Final.jpg?resize=1024%2C1024&amp;ssl=1 1024w, https:\/\/i0.wp.com\/mindfb.com\/wp-content\/uploads\/2018\/03\/DET-Illustr-5-Final.jpg?resize=200%2C200&amp;ssl=1 200w, https:\/\/i0.wp.com\/mindfb.com\/wp-content\/uploads\/2018\/03\/DET-Illustr-5-Final.jpg?resize=800%2C800&amp;ssl=1 800w, https:\/\/i0.wp.com\/mindfb.com\/wp-content\/uploads\/2018\/03\/DET-Illustr-5-Final.jpg?resize=400%2C400&amp;ssl=1 400w, https:\/\/i0.wp.com\/mindfb.com\/wp-content\/uploads\/2018\/03\/DET-Illustr-5-Final.jpg?w=2000&amp;ssl=1 2000w\" sizes=\"auto, (max-width: 888px) 100vw, 888px\" \/><\/p>\n<p>&nbsp;<\/p>\n<p>La polic\u00eda y los inspectores est\u00e1n integrados en la administraci\u00f3n y servicios de la ciudad, representando tus c\u00e9lulas, tejidos, \u00f3rganos y sistemas del organismo<\/p>\n<p>.\u00a0<img data-recalc-dims=\"1\" loading=\"lazy\" decoding=\"async\" data-attachment-id=\"1333\" data-permalink=\"https:\/\/mindfb.com\/es\/detective-story-section\/det-illustr-6-caps-final\" data-orig-file=\"https:\/\/i0.wp.com\/mindfb.com\/wp-content\/uploads\/2018\/03\/DET-Illustr-6-CAPS-Final.jpg?fit=2625%2C2625&amp;ssl=1\" data-orig-size=\"2625,2625\" data-comments-opened=\"1\" data-image-meta=\"{&quot;aperture&quot;:&quot;0&quot;,&quot;credit&quot;:&quot;&quot;,&quot;camera&quot;:&quot;&quot;,&quot;caption&quot;:&quot;&quot;,&quot;created_timestamp&quot;:&quot;0&quot;,&quot;copyright&quot;:&quot;&quot;,&quot;focal_length&quot;:&quot;0&quot;,&quot;iso&quot;:&quot;0&quot;,&quot;shutter_speed&quot;:&quot;0&quot;,&quot;title&quot;:&quot;&quot;,&quot;orientation&quot;:&quot;1&quot;}\" data-image-title=\"DET Illustr 6-CAPS Final\" data-image-description=\"\" data-image-caption=\"\" data-medium-file=\"https:\/\/i0.wp.com\/mindfb.com\/wp-content\/uploads\/2018\/03\/DET-Illustr-6-CAPS-Final.jpg?fit=300%2C300&amp;ssl=1\" data-large-file=\"https:\/\/i0.wp.com\/mindfb.com\/wp-content\/uploads\/2018\/03\/DET-Illustr-6-CAPS-Final.jpg?fit=1024%2C1024&amp;ssl=1\" class=\"alignnone wp-image-1333\" src=\"https:\/\/i0.wp.com\/mindfb.com\/wp-content\/uploads\/2018\/03\/DET-Illustr-6-CAPS-Final.jpg?resize=878%2C878&#038;ssl=1\" alt=\"\" width=\"878\" height=\"878\" srcset=\"https:\/\/i0.wp.com\/mindfb.com\/wp-content\/uploads\/2018\/03\/DET-Illustr-6-CAPS-Final.jpg?w=2625&amp;ssl=1 2625w, https:\/\/i0.wp.com\/mindfb.com\/wp-content\/uploads\/2018\/03\/DET-Illustr-6-CAPS-Final.jpg?resize=150%2C150&amp;ssl=1 150w, https:\/\/i0.wp.com\/mindfb.com\/wp-content\/uploads\/2018\/03\/DET-Illustr-6-CAPS-Final.jpg?resize=300%2C300&amp;ssl=1 300w, https:\/\/i0.wp.com\/mindfb.com\/wp-content\/uploads\/2018\/03\/DET-Illustr-6-CAPS-Final.jpg?resize=768%2C768&amp;ssl=1 768w, https:\/\/i0.wp.com\/mindfb.com\/wp-content\/uploads\/2018\/03\/DET-Illustr-6-CAPS-Final.jpg?resize=1024%2C1024&amp;ssl=1 1024w, https:\/\/i0.wp.com\/mindfb.com\/wp-content\/uploads\/2018\/03\/DET-Illustr-6-CAPS-Final.jpg?resize=200%2C200&amp;ssl=1 200w, https:\/\/i0.wp.com\/mindfb.com\/wp-content\/uploads\/2018\/03\/DET-Illustr-6-CAPS-Final.jpg?resize=800%2C800&amp;ssl=1 800w, https:\/\/i0.wp.com\/mindfb.com\/wp-content\/uploads\/2018\/03\/DET-Illustr-6-CAPS-Final.jpg?resize=400%2C400&amp;ssl=1 400w, https:\/\/i0.wp.com\/mindfb.com\/wp-content\/uploads\/2018\/03\/DET-Illustr-6-CAPS-Final.jpg?w=2000&amp;ssl=1 2000w\" sizes=\"auto, (max-width: 878px) 100vw, 878px\" \/><\/p>\n<p>&nbsp;<\/p>\n","protected":false},"excerpt":{"rendered":"<p>Cuando empec\u00e9 ha escribir este libro, me di cuenta de que explicar la enorme complejidad del sistema inmune y su interacci\u00f3n con el sistema nervioso y otros sistemas biol\u00f3gicos ser\u00eda [&hellip;]<\/p>\n","protected":false},"author":1,"featured_media":1253,"parent":0,"menu_order":0,"comment_status":"closed","ping_status":"closed","template":"","meta":{"_exactmetrics_skip_tracking":false,"_exactmetrics_sitenote_active":false,"_exactmetrics_sitenote_note":"","_exactmetrics_sitenote_category":0,"_monsterinsights_skip_tracking":false,"_monsterinsights_sitenote_active":false,"_monsterinsights_sitenote_note":"","_monsterinsights_sitenote_category":0,"_genesis_hide_title":false,"_genesis_hide_breadcrumbs":false,"_genesis_hide_singular_image":false,"_genesis_hide_footer_widgets":false,"_genesis_custom_body_class":"","_genesis_custom_post_class":"","_genesis_layout":"","ngg_post_thumbnail":0,"jetpack_post_was_ever_published":false,"footnotes":""},"class_list":["post-1185","page","type-page","status-publish","has-post-thumbnail","entry"],"aioseo_notices":[],"aioseo_head":"\n\t\t<!-- All in One SEO Pro 4.9.5.2 - aioseo.com -->\n\t<meta name=\"description\" content=\"When approaching this book, I realized that explaining the enormous complexity of the immune system, and its interaction with the nervous and other systems, would be overwhelming for many. A short detective story makes the immune system complexity clear and approachable.\" \/>\n\t<meta name=\"robots\" content=\"max-image-preview:large\" \/>\n\t<meta name=\"google-site-verification\" content=\"R3p8qoxnKDD2ey8UfFcI0032TE8RtguDzPd_6rx-yVo\" \/>\n\t<meta name=\"msvalidate.01\" content=\"C2613C93A35D5FFAA26B4CCBC4D61E15\" \/>\n\t<meta name=\"keywords\" content=\"detective story section,meditation section\" \/>\n\t<link rel=\"canonical\" href=\"https:\/\/mindfb.com\/es\/detective-story-section\" \/>\n\t<meta name=\"generator\" content=\"All in One SEO Pro (AIOSEO) 4.9.5.2\" \/>\n\t\t<script type=\"application\/ld+json\" class=\"aioseo-schema\">\n\t\t\t{\"@context\":\"https:\\\/\\\/schema.org\",\"@graph\":[{\"@type\":\"BreadcrumbList\",\"@id\":\"https:\\\/\\\/mindfb.com\\\/es\\\/detective-story-section#breadcrumblist\",\"itemListElement\":[{\"@type\":\"ListItem\",\"@id\":\"https:\\\/\\\/mindfb.com\\\/es#listItem\",\"position\":1,\"name\":\"Home\",\"item\":\"https:\\\/\\\/mindfb.com\\\/es\",\"nextItem\":{\"@type\":\"ListItem\",\"@id\":\"https:\\\/\\\/mindfb.com\\\/es\\\/detective-story-section#listItem\",\"name\":\"Una HISTORIA POLIC\\u00cdACA\"}},{\"@type\":\"ListItem\",\"@id\":\"https:\\\/\\\/mindfb.com\\\/es\\\/detective-story-section#listItem\",\"position\":2,\"name\":\"Una HISTORIA POLIC\\u00cdACA\",\"previousItem\":{\"@type\":\"ListItem\",\"@id\":\"https:\\\/\\\/mindfb.com\\\/es#listItem\",\"name\":\"Home\"}}]},{\"@type\":\"Organization\",\"@id\":\"https:\\\/\\\/mindfb.com\\\/es\\\/#organization\",\"name\":\"Mindful Framing\",\"description\":\"Transform Your Anxiety into Vital Energy\",\"url\":\"https:\\\/\\\/mindfb.com\\\/es\\\/\",\"logo\":{\"@type\":\"ImageObject\",\"url\":\"https:\\\/\\\/i0.wp.com\\\/mindfb.com\\\/wp-content\\\/uploads\\\/2023\\\/02\\\/cropped-mindfulframing_logo.png?fit=640%2C269&ssl=1\",\"@id\":\"https:\\\/\\\/mindfb.com\\\/es\\\/detective-story-section\\\/#organizationLogo\",\"width\":640,\"height\":269},\"image\":{\"@id\":\"https:\\\/\\\/mindfb.com\\\/es\\\/detective-story-section\\\/#organizationLogo\"},\"sameAs\":[\"https:\\\/\\\/www.facebook.com\\\/neochiorg\\\/\",\"https:\\\/\\\/twitter.com\\\/neochiorg\",\"https:\\\/\\\/www.instagram.com\\\/neochiorg\\\/\",\"https:\\\/\\\/hu.pinterest.com\\\/oscarsegurado\\\/\"]},{\"@type\":\"WebPage\",\"@id\":\"https:\\\/\\\/mindfb.com\\\/es\\\/detective-story-section#webpage\",\"url\":\"https:\\\/\\\/mindfb.com\\\/es\\\/detective-story-section\",\"name\":\"DETECTIVE STORY section | Mindful Framing Book is out | Mindful Framing\",\"description\":\"When approaching this book, I realized that explaining the enormous complexity of the immune system, and its interaction with the nervous and other systems, would be overwhelming for many. A short detective story makes the immune system complexity clear and approachable.\",\"inLanguage\":\"es-ES\",\"isPartOf\":{\"@id\":\"https:\\\/\\\/mindfb.com\\\/es\\\/#website\"},\"breadcrumb\":{\"@id\":\"https:\\\/\\\/mindfb.com\\\/es\\\/detective-story-section#breadcrumblist\"},\"image\":{\"@type\":\"ImageObject\",\"url\":\"https:\\\/\\\/i0.wp.com\\\/mindfb.com\\\/wp-content\\\/uploads\\\/2018\\\/02\\\/mindframe1.png?fit=500%2C500&ssl=1\",\"@id\":\"https:\\\/\\\/mindfb.com\\\/es\\\/detective-story-section\\\/#mainImage\",\"width\":500,\"height\":500,\"caption\":\"DETECTIVE STORY section\"},\"primaryImageOfPage\":{\"@id\":\"https:\\\/\\\/mindfb.com\\\/es\\\/detective-story-section#mainImage\"},\"datePublished\":\"2018-02-27T15:37:19-08:00\",\"dateModified\":\"2018-03-17T22:13:48-07:00\"},{\"@type\":\"WebSite\",\"@id\":\"https:\\\/\\\/mindfb.com\\\/es\\\/#website\",\"url\":\"https:\\\/\\\/mindfb.com\\\/es\\\/\",\"name\":\"Mindful Framing\",\"description\":\"Transform Your Anxiety into Vital Energy\",\"inLanguage\":\"es-ES\",\"publisher\":{\"@id\":\"https:\\\/\\\/mindfb.com\\\/es\\\/#organization\"}}]}\n\t\t<\/script>\n\t\t<!-- All in One SEO Pro -->\r\n\t\t<title>DETECTIVE STORY section | Mindful Framing Book is out | Mindful Framing<\/title>\n\n","aioseo_head_json":{"title":"DETECTIVE STORY section | Mindful Framing Book is out | Mindful Framing","description":"When approaching this book, I realized that explaining the enormous complexity of the immune system, and its interaction with the nervous and other systems, would be overwhelming for many. A short detective story makes the immune system complexity clear and approachable.","canonical_url":"https:\/\/mindfb.com\/es\/detective-story-section","robots":"max-image-preview:large","keywords":"detective story section,meditation section","webmasterTools":{"google-site-verification":"R3p8qoxnKDD2ey8UfFcI0032TE8RtguDzPd_6rx-yVo","msvalidate.01":"C2613C93A35D5FFAA26B4CCBC4D61E15","miscellaneous":""},"schema":{"@context":"https:\/\/schema.org","@graph":[{"@type":"BreadcrumbList","@id":"https:\/\/mindfb.com\/es\/detective-story-section#breadcrumblist","itemListElement":[{"@type":"ListItem","@id":"https:\/\/mindfb.com\/es#listItem","position":1,"name":"Home","item":"https:\/\/mindfb.com\/es","nextItem":{"@type":"ListItem","@id":"https:\/\/mindfb.com\/es\/detective-story-section#listItem","name":"Una HISTORIA POLIC\u00cdACA"}},{"@type":"ListItem","@id":"https:\/\/mindfb.com\/es\/detective-story-section#listItem","position":2,"name":"Una HISTORIA POLIC\u00cdACA","previousItem":{"@type":"ListItem","@id":"https:\/\/mindfb.com\/es#listItem","name":"Home"}}]},{"@type":"Organization","@id":"https:\/\/mindfb.com\/es\/#organization","name":"Mindful Framing","description":"Transform Your Anxiety into Vital Energy","url":"https:\/\/mindfb.com\/es\/","logo":{"@type":"ImageObject","url":"https:\/\/i0.wp.com\/mindfb.com\/wp-content\/uploads\/2023\/02\/cropped-mindfulframing_logo.png?fit=640%2C269&ssl=1","@id":"https:\/\/mindfb.com\/es\/detective-story-section\/#organizationLogo","width":640,"height":269},"image":{"@id":"https:\/\/mindfb.com\/es\/detective-story-section\/#organizationLogo"},"sameAs":["https:\/\/www.facebook.com\/neochiorg\/","https:\/\/twitter.com\/neochiorg","https:\/\/www.instagram.com\/neochiorg\/","https:\/\/hu.pinterest.com\/oscarsegurado\/"]},{"@type":"WebPage","@id":"https:\/\/mindfb.com\/es\/detective-story-section#webpage","url":"https:\/\/mindfb.com\/es\/detective-story-section","name":"DETECTIVE STORY section | Mindful Framing Book is out | Mindful Framing","description":"When approaching this book, I realized that explaining the enormous complexity of the immune system, and its interaction with the nervous and other systems, would be overwhelming for many. A short detective story makes the immune system complexity clear and approachable.","inLanguage":"es-ES","isPartOf":{"@id":"https:\/\/mindfb.com\/es\/#website"},"breadcrumb":{"@id":"https:\/\/mindfb.com\/es\/detective-story-section#breadcrumblist"},"image":{"@type":"ImageObject","url":"https:\/\/i0.wp.com\/mindfb.com\/wp-content\/uploads\/2018\/02\/mindframe1.png?fit=500%2C500&ssl=1","@id":"https:\/\/mindfb.com\/es\/detective-story-section\/#mainImage","width":500,"height":500,"caption":"DETECTIVE STORY section"},"primaryImageOfPage":{"@id":"https:\/\/mindfb.com\/es\/detective-story-section#mainImage"},"datePublished":"2018-02-27T15:37:19-08:00","dateModified":"2018-03-17T22:13:48-07:00"},{"@type":"WebSite","@id":"https:\/\/mindfb.com\/es\/#website","url":"https:\/\/mindfb.com\/es\/","name":"Mindful Framing","description":"Transform Your Anxiety into Vital Energy","inLanguage":"es-ES","publisher":{"@id":"https:\/\/mindfb.com\/es\/#organization"}}]}},"aioseo_meta_data":{"post_id":"1185","title":"DETECTIVE STORY section | Mindful Framing Book is out | #site_title","description":"When approaching this book, I realized that explaining the enormous complexity of the immune system, and its interaction with the nervous and other systems, would be overwhelming for many. A short detective story makes the immune system complexity clear and approachable.","keywords":[{"label":"DETECTIVE STORY section","value":"DETECTIVE STORY section"},{"label":"meditation section","value":"meditation section"}],"keyphrases":null,"primary_term":null,"canonical_url":null,"og_title":null,"og_description":null,"og_object_type":"default","og_image_type":"default","og_image_url":null,"og_image_width":null,"og_image_height":null,"og_image_custom_url":null,"og_image_custom_fields":null,"og_video":null,"og_custom_url":null,"og_article_section":null,"og_article_tags":null,"twitter_use_og":false,"twitter_card":"default","twitter_image_type":"default","twitter_image_url":null,"twitter_image_custom_url":null,"twitter_image_custom_fields":null,"twitter_title":null,"twitter_description":null,"schema":{"blockGraphs":[],"customGraphs":[],"default":{"data":{"Article":[],"Course":[],"Dataset":[],"FAQPage":[],"Movie":[],"Person":[],"Product":[],"ProductReview":[],"Car":[],"Recipe":[],"Service":[],"SoftwareApplication":[],"WebPage":[]},"graphName":"","isEnabled":true},"graphs":[],"defaultGraph":"","defaultPostTypeGraph":""},"schema_type":null,"schema_type_options":null,"pillar_content":false,"robots_default":true,"robots_noindex":false,"robots_noarchive":false,"robots_nosnippet":false,"robots_nofollow":false,"robots_noimageindex":false,"robots_noodp":false,"robots_notranslate":false,"robots_max_snippet":null,"robots_max_videopreview":null,"robots_max_imagepreview":"large","priority":null,"frequency":null,"local_seo":null,"seo_analyzer_scan_date":"2025-10-09 00:55:01","breadcrumb_settings":null,"limit_modified_date":false,"open_ai":null,"ai":null,"created":"2021-01-11 13:45:09","updated":"2025-10-09 00:55:01"},"aioseo_breadcrumb":"<div class=\"aioseo-breadcrumbs\"><span class=\"aioseo-breadcrumb\">\n\t<a href=\"https:\/\/mindfb.com\/es\" title=\"Home\">Home<\/a>\n<\/span><span class=\"aioseo-breadcrumb-separator\">&raquo;<\/span><span class=\"aioseo-breadcrumb\">\n\tUna HISTORIA POLIC\u00cdACA\n<\/span><\/div>","aioseo_breadcrumb_json":[{"label":"Home","link":"https:\/\/mindfb.com\/es"},{"label":"Una HISTORIA POLIC\u00cdACA","link":"https:\/\/mindfb.com\/es\/detective-story-section"}],"jetpack_sharing_enabled":true,"jetpack_shortlink":"https:\/\/wp.me\/P9HfYW-j7","jetpack_likes_enabled":true,"jetpack-related-posts":[],"_links":{"self":[{"href":"https:\/\/mindfb.com\/es\/wp-json\/wp\/v2\/pages\/1185","targetHints":{"allow":["GET"]}}],"collection":[{"href":"https:\/\/mindfb.com\/es\/wp-json\/wp\/v2\/pages"}],"about":[{"href":"https:\/\/mindfb.com\/es\/wp-json\/wp\/v2\/types\/page"}],"author":[{"embeddable":true,"href":"https:\/\/mindfb.com\/es\/wp-json\/wp\/v2\/users\/1"}],"replies":[{"embeddable":true,"href":"https:\/\/mindfb.com\/es\/wp-json\/wp\/v2\/comments?post=1185"}],"version-history":[{"count":0,"href":"https:\/\/mindfb.com\/es\/wp-json\/wp\/v2\/pages\/1185\/revisions"}],"wp:featuredmedia":[{"embeddable":true,"href":"https:\/\/mindfb.com\/es\/wp-json\/wp\/v2\/media\/1253"}],"wp:attachment":[{"href":"https:\/\/mindfb.com\/es\/wp-json\/wp\/v2\/media?parent=1185"}],"curies":[{"name":"wp","href":"https:\/\/api.w.org\/{rel}","templated":true}]}}