{"id":1192,"date":"2018-02-27T15:38:30","date_gmt":"2018-02-27T15:38:30","guid":{"rendered":"http:\/\/mindfb.com?page_id=1192"},"modified":"2018-07-10T16:50:43","modified_gmt":"2018-07-10T16:50:43","slug":"media","status":"publish","type":"page","link":"https:\/\/mindfb.com\/es\/media","title":{"rendered":"MEDIOS"},"content":{"rendered":"<div class=\"one-half first\">\n<h3>Fotos del autor<\/h3>\n<p><img data-recalc-dims=\"1\" loading=\"lazy\" decoding=\"async\" data-attachment-id=\"1703\" data-permalink=\"https:\/\/mindfb.com\/es\/media\/oscar-segurado-headshot-1c_j8-2\" data-orig-file=\"https:\/\/i0.wp.com\/mindfb.com\/wp-content\/uploads\/2018\/06\/Oscar-Segurado-Headshot-1c_J8.jpg?fit=3359%2C3050&amp;ssl=1\" data-orig-size=\"3359,3050\" data-comments-opened=\"1\" data-image-meta=\"{&quot;aperture&quot;:&quot;0&quot;,&quot;credit&quot;:&quot;&quot;,&quot;camera&quot;:&quot;&quot;,&quot;caption&quot;:&quot;&quot;,&quot;created_timestamp&quot;:&quot;0&quot;,&quot;copyright&quot;:&quot;&quot;,&quot;focal_length&quot;:&quot;0&quot;,&quot;iso&quot;:&quot;0&quot;,&quot;shutter_speed&quot;:&quot;0&quot;,&quot;title&quot;:&quot;&quot;,&quot;orientation&quot;:&quot;0&quot;}\" data-image-title=\"Oscar Segurado Headshot 1c_J8\" data-image-description=\"\" data-image-caption=\"\" data-medium-file=\"https:\/\/i0.wp.com\/mindfb.com\/wp-content\/uploads\/2018\/06\/Oscar-Segurado-Headshot-1c_J8.jpg?fit=300%2C272&amp;ssl=1\" data-large-file=\"https:\/\/i0.wp.com\/mindfb.com\/wp-content\/uploads\/2018\/06\/Oscar-Segurado-Headshot-1c_J8.jpg?fit=1024%2C930&amp;ssl=1\" class=\"alignnone wp-image-1703\" src=\"https:\/\/i0.wp.com\/mindfb.com\/wp-content\/uploads\/2018\/06\/Oscar-Segurado-Headshot-1c_J8.jpg?resize=243%2C220&#038;ssl=1\" alt=\"\" width=\"243\" height=\"220\" srcset=\"https:\/\/i0.wp.com\/mindfb.com\/wp-content\/uploads\/2018\/06\/Oscar-Segurado-Headshot-1c_J8.jpg?w=3359&amp;ssl=1 3359w, https:\/\/i0.wp.com\/mindfb.com\/wp-content\/uploads\/2018\/06\/Oscar-Segurado-Headshot-1c_J8.jpg?resize=300%2C272&amp;ssl=1 300w, https:\/\/i0.wp.com\/mindfb.com\/wp-content\/uploads\/2018\/06\/Oscar-Segurado-Headshot-1c_J8.jpg?resize=768%2C697&amp;ssl=1 768w, https:\/\/i0.wp.com\/mindfb.com\/wp-content\/uploads\/2018\/06\/Oscar-Segurado-Headshot-1c_J8.jpg?resize=1024%2C930&amp;ssl=1 1024w, https:\/\/i0.wp.com\/mindfb.com\/wp-content\/uploads\/2018\/06\/Oscar-Segurado-Headshot-1c_J8.jpg?resize=800%2C726&amp;ssl=1 800w, https:\/\/i0.wp.com\/mindfb.com\/wp-content\/uploads\/2018\/06\/Oscar-Segurado-Headshot-1c_J8.jpg?resize=441%2C400&amp;ssl=1 441w, https:\/\/i0.wp.com\/mindfb.com\/wp-content\/uploads\/2018\/06\/Oscar-Segurado-Headshot-1c_J8.jpg?w=2000&amp;ssl=1 2000w, https:\/\/i0.wp.com\/mindfb.com\/wp-content\/uploads\/2018\/06\/Oscar-Segurado-Headshot-1c_J8.jpg?w=3000&amp;ssl=1 3000w\" sizes=\"auto, (max-width: 243px) 100vw, 243px\" \/><\/p>\n<\/div>\n<div class=\"one-half\">\n<h3><\/h3>\n<h3><\/h3>\n<h3>\u00a0 \u00a0 \u00a0 \u00a0 \u00a0<img data-recalc-dims=\"1\" loading=\"lazy\" decoding=\"async\" data-attachment-id=\"1626\" data-permalink=\"https:\/\/mindfb.com\/es\/media\/oscar-s-nci-body-s-2\" data-orig-file=\"https:\/\/i0.wp.com\/mindfb.com\/wp-content\/uploads\/2018\/05\/Oscar-S-NCI-body-S.jpg?fit=2276%2C3266&amp;ssl=1\" data-orig-size=\"2276,3266\" data-comments-opened=\"1\" data-image-meta=\"{&quot;aperture&quot;:&quot;1.8&quot;,&quot;credit&quot;:&quot;&quot;,&quot;camera&quot;:&quot;iPhone 7 Plus&quot;,&quot;caption&quot;:&quot;&quot;,&quot;created_timestamp&quot;:&quot;1520068010&quot;,&quot;copyright&quot;:&quot;&quot;,&quot;focal_length&quot;:&quot;3.99&quot;,&quot;iso&quot;:&quot;20&quot;,&quot;shutter_speed&quot;:&quot;0.0021321961620469&quot;,&quot;title&quot;:&quot;&quot;,&quot;orientation&quot;:&quot;1&quot;}\" data-image-title=\"Oscar S NCI-body S\" data-image-description=\"\" data-image-caption=\"\" data-medium-file=\"https:\/\/i0.wp.com\/mindfb.com\/wp-content\/uploads\/2018\/05\/Oscar-S-NCI-body-S.jpg?fit=209%2C300&amp;ssl=1\" data-large-file=\"https:\/\/i0.wp.com\/mindfb.com\/wp-content\/uploads\/2018\/05\/Oscar-S-NCI-body-S.jpg?fit=714%2C1024&amp;ssl=1\" class=\"alignnone size-medium wp-image-1626\" src=\"https:\/\/i0.wp.com\/mindfb.com\/wp-content\/uploads\/2018\/05\/Oscar-S-NCI-body-S.jpg?resize=209%2C300&#038;ssl=1\" alt=\"\" width=\"209\" height=\"300\" srcset=\"https:\/\/i0.wp.com\/mindfb.com\/wp-content\/uploads\/2018\/05\/Oscar-S-NCI-body-S.jpg?resize=209%2C300&amp;ssl=1 209w, https:\/\/i0.wp.com\/mindfb.com\/wp-content\/uploads\/2018\/05\/Oscar-S-NCI-body-S.jpg?resize=768%2C1102&amp;ssl=1 768w, https:\/\/i0.wp.com\/mindfb.com\/wp-content\/uploads\/2018\/05\/Oscar-S-NCI-body-S.jpg?resize=714%2C1024&amp;ssl=1 714w, https:\/\/i0.wp.com\/mindfb.com\/wp-content\/uploads\/2018\/05\/Oscar-S-NCI-body-S.jpg?resize=558%2C800&amp;ssl=1 558w, https:\/\/i0.wp.com\/mindfb.com\/wp-content\/uploads\/2018\/05\/Oscar-S-NCI-body-S.jpg?resize=279%2C400&amp;ssl=1 279w, https:\/\/i0.wp.com\/mindfb.com\/wp-content\/uploads\/2018\/05\/Oscar-S-NCI-body-S.jpg?w=2000&amp;ssl=1 2000w\" sizes=\"auto, (max-width: 209px) 100vw, 209px\" \/><\/h3>\n<h3>Biograf\u00eda<\/h3>\n<p>El doctor Oscar Segurado es un neurocient\u00edfico e inmun\u00f3logo con un inter\u00e9s profundo en la medicina oriental. Su inter\u00e9s por la medicina ayurv\u00e9dica y china le llev\u00f3 a desarrollar la pr\u00e1ctica de autorreflexi\u00f3n \u00a0y el estilo de vida NEO Chi. Ha vivido momentos de estr\u00e9s y de \u00e9xito, momentos de gran tristeza y de alegr\u00eda para s\u00ed mismo y para sus seres queridos. Su experiencia de c\u00f3mo la ansiedad puede afectar el sistema inmune ha sido la motivaci\u00f3n central de su vida<\/p>\n<\/div>\n<hr class=\"clearfix\" \/>\n<h3>BESTSELLERS, CHARLAS, PREMIOS<\/h3>\n<p><img data-recalc-dims=\"1\" loading=\"lazy\" decoding=\"async\" data-attachment-id=\"1682\" data-permalink=\"https:\/\/mindfb.com\/es\/book\/autorreflexion\/mindful_framing_stars-2\" data-orig-file=\"https:\/\/i0.wp.com\/mindfb.com\/wp-content\/uploads\/2018\/02\/Mindful_framing_stars.png?fit=383%2C297&amp;ssl=1\" data-orig-size=\"383,297\" data-comments-opened=\"1\" data-image-meta=\"{&quot;aperture&quot;:&quot;0&quot;,&quot;credit&quot;:&quot;&quot;,&quot;camera&quot;:&quot;&quot;,&quot;caption&quot;:&quot;&quot;,&quot;created_timestamp&quot;:&quot;0&quot;,&quot;copyright&quot;:&quot;&quot;,&quot;focal_length&quot;:&quot;0&quot;,&quot;iso&quot;:&quot;0&quot;,&quot;shutter_speed&quot;:&quot;0&quot;,&quot;title&quot;:&quot;&quot;,&quot;orientation&quot;:&quot;0&quot;}\" data-image-title=\"Mindful_framing_stars\" data-image-description=\"\" data-image-caption=\"\" data-medium-file=\"https:\/\/i0.wp.com\/mindfb.com\/wp-content\/uploads\/2018\/02\/Mindful_framing_stars.png?fit=300%2C233&amp;ssl=1\" data-large-file=\"https:\/\/i0.wp.com\/mindfb.com\/wp-content\/uploads\/2018\/02\/Mindful_framing_stars.png?fit=383%2C297&amp;ssl=1\" class=\"size-medium wp-image-1682 aligncenter\" src=\"https:\/\/i0.wp.com\/mindfb.com\/wp-content\/uploads\/2018\/02\/Mindful_framing_stars.png?resize=300%2C233&#038;ssl=1\" alt=\"\" width=\"300\" height=\"233\" srcset=\"https:\/\/i0.wp.com\/mindfb.com\/wp-content\/uploads\/2018\/02\/Mindful_framing_stars.png?resize=300%2C233&amp;ssl=1 300w, https:\/\/i0.wp.com\/mindfb.com\/wp-content\/uploads\/2018\/02\/Mindful_framing_stars.png?w=383&amp;ssl=1 383w\" sizes=\"auto, (max-width: 300px) 100vw, 300px\" \/><\/p>\n<h3 style=\"text-align: center;\"><a href=\"http:\/\/www.beingone.eu\">*** Conferenciante en BEING ONE, Valencia del 12 al 14 de octubre, 2018. El mayor evento de creciminento personal en Europa, junto a Daniel Goleman,\u00a0Marianne Williamson, Elizabeth Gilbert, Bruce Lipton&#8230; ***<\/a><\/h3>\n<h3 style=\"text-align: center;\"><a href=\"http:\/\/newyorkbookfestival.com\">*** Menci\u00f3n de Honor. 2018 New York Book Festival ***<\/a><\/h3>\n<p>___________________________________________________________________________________<\/p>\n<h3>Revistas<\/h3>\n<h3><a href=\"https:\/\/issuu.com\/greenlivingaz\/docs\/glaz_mag_july2018_finalaa_mr_digita\/12\"><img data-recalc-dims=\"1\" loading=\"lazy\" decoding=\"async\" data-attachment-id=\"1786\" data-permalink=\"https:\/\/mindfb.com\/es\/media\/livinggreenaz_l8-2\" data-orig-file=\"https:\/\/i0.wp.com\/mindfb.com\/wp-content\/uploads\/2018\/07\/LivingGreenAZ_L8.jpg?fit=614%2C857&amp;ssl=1\" data-orig-size=\"614,857\" data-comments-opened=\"1\" data-image-meta=\"{&quot;aperture&quot;:&quot;0&quot;,&quot;credit&quot;:&quot;&quot;,&quot;camera&quot;:&quot;&quot;,&quot;caption&quot;:&quot;&quot;,&quot;created_timestamp&quot;:&quot;1531213584&quot;,&quot;copyright&quot;:&quot;&quot;,&quot;focal_length&quot;:&quot;0&quot;,&quot;iso&quot;:&quot;0&quot;,&quot;shutter_speed&quot;:&quot;0&quot;,&quot;title&quot;:&quot;&quot;,&quot;orientation&quot;:&quot;0&quot;}\" data-image-title=\"LivingGreenAZ_L8\" data-image-description=\"\" data-image-caption=\"\" data-medium-file=\"https:\/\/i0.wp.com\/mindfb.com\/wp-content\/uploads\/2018\/07\/LivingGreenAZ_L8.jpg?fit=215%2C300&amp;ssl=1\" data-large-file=\"https:\/\/i0.wp.com\/mindfb.com\/wp-content\/uploads\/2018\/07\/LivingGreenAZ_L8.jpg?fit=614%2C857&amp;ssl=1\" class=\"alignnone size-medium wp-image-1786\" src=\"https:\/\/i0.wp.com\/mindfb.com\/wp-content\/uploads\/2018\/07\/LivingGreenAZ_L8.jpg?resize=215%2C300&#038;ssl=1\" alt=\"\" width=\"215\" height=\"300\" srcset=\"https:\/\/i0.wp.com\/mindfb.com\/wp-content\/uploads\/2018\/07\/LivingGreenAZ_L8.jpg?resize=215%2C300&amp;ssl=1 215w, https:\/\/i0.wp.com\/mindfb.com\/wp-content\/uploads\/2018\/07\/LivingGreenAZ_L8.jpg?resize=573%2C800&amp;ssl=1 573w, https:\/\/i0.wp.com\/mindfb.com\/wp-content\/uploads\/2018\/07\/LivingGreenAZ_L8.jpg?resize=287%2C400&amp;ssl=1 287w, https:\/\/i0.wp.com\/mindfb.com\/wp-content\/uploads\/2018\/07\/LivingGreenAZ_L8.jpg?w=614&amp;ssl=1 614w\" sizes=\"auto, (max-width: 215px) 100vw, 215px\" \/><\/a><\/h3>\n<h3><a href=\"http:\/\/bit.ly\/SBA_Mindful_Framing\" target=\"_blank\" rel=\"noopener\"><img data-recalc-dims=\"1\" loading=\"lazy\" decoding=\"async\" class=\"alignnone wp-image-1512 size-medium\" src=\"https:\/\/i0.wp.com\/mindfb.com\/wp-content\/uploads\/2018\/04\/media-Oscar.png?resize=300%2C196&#038;ssl=1\" alt=\"\" width=\"300\" height=\"196\" srcset=\"https:\/\/i0.wp.com\/mindfb.com\/wp-content\/uploads\/2018\/04\/media-Oscar.png?resize=300%2C196&amp;ssl=1 300w, https:\/\/i0.wp.com\/mindfb.com\/wp-content\/uploads\/2018\/04\/media-Oscar.png?resize=768%2C502&amp;ssl=1 768w, https:\/\/i0.wp.com\/mindfb.com\/wp-content\/uploads\/2018\/04\/media-Oscar.png?resize=1024%2C670&amp;ssl=1 1024w, https:\/\/i0.wp.com\/mindfb.com\/wp-content\/uploads\/2018\/04\/media-Oscar.png?w=1067&amp;ssl=1 1067w\" sizes=\"auto, (max-width: 300px) 100vw, 300px\" \/><\/a><\/h3>\n<hr \/>\n<h3>Cubierta del libro<\/h3>\n<p><a href=\"https:\/\/i0.wp.com\/2018\/02\/MINDFUL_FRAMING_Final_Cover.jpg\"><img data-recalc-dims=\"1\" loading=\"lazy\" decoding=\"async\" data-attachment-id=\"1266\" data-permalink=\"https:\/\/mindfb.com\/es\/media\/mindful_framing_final_cover\" data-orig-file=\"https:\/\/i0.wp.com\/mindfb.com\/wp-content\/uploads\/2018\/02\/MINDFUL_FRAMING_Final_Cover.jpg?fit=1700%2C1226&amp;ssl=1\" data-orig-size=\"1700,1226\" data-comments-opened=\"1\" data-image-meta=\"{&quot;aperture&quot;:&quot;0&quot;,&quot;credit&quot;:&quot;&quot;,&quot;camera&quot;:&quot;&quot;,&quot;caption&quot;:&quot;&quot;,&quot;created_timestamp&quot;:&quot;0&quot;,&quot;copyright&quot;:&quot;&quot;,&quot;focal_length&quot;:&quot;0&quot;,&quot;iso&quot;:&quot;0&quot;,&quot;shutter_speed&quot;:&quot;0&quot;,&quot;title&quot;:&quot;&quot;,&quot;orientation&quot;:&quot;0&quot;}\" data-image-title=\"MINDFUL_FRAMING_Final_Cover\" data-image-description=\"\" data-image-caption=\"\" data-medium-file=\"https:\/\/i0.wp.com\/mindfb.com\/wp-content\/uploads\/2018\/02\/MINDFUL_FRAMING_Final_Cover.jpg?fit=300%2C216&amp;ssl=1\" data-large-file=\"https:\/\/i0.wp.com\/mindfb.com\/wp-content\/uploads\/2018\/02\/MINDFUL_FRAMING_Final_Cover.jpg?fit=1024%2C738&amp;ssl=1\" class=\"alignnone size-medium wp-image-1266\" src=\"https:\/\/i0.wp.com\/mindfb.com\/wp-content\/uploads\/2018\/02\/MINDFUL_FRAMING_Final_Cover.jpg?resize=300%2C216&#038;ssl=1\" alt=\"Trabsform your anxiety into vital energy\" width=\"300\" height=\"216\" srcset=\"https:\/\/i0.wp.com\/mindfb.com\/wp-content\/uploads\/2018\/02\/MINDFUL_FRAMING_Final_Cover.jpg?resize=300%2C216&amp;ssl=1 300w, https:\/\/i0.wp.com\/mindfb.com\/wp-content\/uploads\/2018\/02\/MINDFUL_FRAMING_Final_Cover.jpg?resize=768%2C554&amp;ssl=1 768w, https:\/\/i0.wp.com\/mindfb.com\/wp-content\/uploads\/2018\/02\/MINDFUL_FRAMING_Final_Cover.jpg?resize=1024%2C738&amp;ssl=1 1024w, https:\/\/i0.wp.com\/mindfb.com\/wp-content\/uploads\/2018\/02\/MINDFUL_FRAMING_Final_Cover.jpg?w=1700&amp;ssl=1 1700w\" sizes=\"auto, (max-width: 300px) 100vw, 300px\" \/><\/a><\/p>\n<p>&nbsp;<\/p>\n<p>&nbsp;<\/p>\n<p><a><img class=\"alignleft wp-image-1215 size-medium\" alt=\"\" width=\"188\" height=\"300\" \/><\/a><\/p>\n","protected":false},"excerpt":{"rendered":"<p>Fotos del autor \u00a0 \u00a0 \u00a0 \u00a0 \u00a0 Biograf\u00eda El doctor Oscar Segurado es un neurocient\u00edfico e inmun\u00f3logo con un inter\u00e9s profundo en la medicina oriental. Su inter\u00e9s por la [&hellip;]<\/p>\n","protected":false},"author":1,"featured_media":0,"parent":0,"menu_order":0,"comment_status":"closed","ping_status":"closed","template":"","meta":{"_exactmetrics_skip_tracking":false,"_exactmetrics_sitenote_active":false,"_exactmetrics_sitenote_note":"","_exactmetrics_sitenote_category":0,"_monsterinsights_skip_tracking":false,"_monsterinsights_sitenote_active":false,"_monsterinsights_sitenote_note":"","_monsterinsights_sitenote_category":0,"_genesis_hide_title":false,"_genesis_hide_breadcrumbs":false,"_genesis_hide_singular_image":false,"_genesis_hide_footer_widgets":false,"_genesis_custom_body_class":"","_genesis_custom_post_class":"","_genesis_layout":"content-sidebar","ngg_post_thumbnail":0,"jetpack_post_was_ever_published":false,"footnotes":""},"class_list":["post-1192","page","type-page","status-publish","entry"],"aioseo_notices":[],"aioseo_head":"\n\t\t<!-- All in One SEO Pro 4.9.5.2 - aioseo.com -->\n\t<meta name=\"description\" content=\"Oscar Segurado, MD PhD, is a neuroscientist and immunologist with a lifelong interest in ancient medicine. His interest in Ayurvedic and Chinese medicine led to the development of mindful framing and associated NEO Chi lifestyle.\" \/>\n\t<meta name=\"robots\" content=\"max-image-preview:large\" \/>\n\t<meta name=\"google-site-verification\" content=\"R3p8qoxnKDD2ey8UfFcI0032TE8RtguDzPd_6rx-yVo\" \/>\n\t<meta name=\"msvalidate.01\" content=\"C2613C93A35D5FFAA26B4CCBC4D61E15\" \/>\n\t<meta name=\"keywords\" content=\"chinese medicine,oscar segurado md phd,neuroscientist,immunologist,ancient medicine,neo chi lifestyle\" \/>\n\t<link rel=\"canonical\" href=\"https:\/\/mindfb.com\/es\/media\" \/>\n\t<meta name=\"generator\" content=\"All in One SEO Pro (AIOSEO) 4.9.5.2\" \/>\n\t\t<script type=\"application\/ld+json\" class=\"aioseo-schema\">\n\t\t\t{\"@context\":\"https:\\\/\\\/schema.org\",\"@graph\":[{\"@type\":\"BreadcrumbList\",\"@id\":\"https:\\\/\\\/mindfb.com\\\/es\\\/media#breadcrumblist\",\"itemListElement\":[{\"@type\":\"ListItem\",\"@id\":\"https:\\\/\\\/mindfb.com\\\/es#listItem\",\"position\":1,\"name\":\"Home\",\"item\":\"https:\\\/\\\/mindfb.com\\\/es\",\"nextItem\":{\"@type\":\"ListItem\",\"@id\":\"https:\\\/\\\/mindfb.com\\\/es\\\/media#listItem\",\"name\":\"MEDIOS\"}},{\"@type\":\"ListItem\",\"@id\":\"https:\\\/\\\/mindfb.com\\\/es\\\/media#listItem\",\"position\":2,\"name\":\"MEDIOS\",\"previousItem\":{\"@type\":\"ListItem\",\"@id\":\"https:\\\/\\\/mindfb.com\\\/es#listItem\",\"name\":\"Home\"}}]},{\"@type\":\"Organization\",\"@id\":\"https:\\\/\\\/mindfb.com\\\/es\\\/#organization\",\"name\":\"Mindful Framing\",\"description\":\"Transform Your Anxiety into Vital Energy\",\"url\":\"https:\\\/\\\/mindfb.com\\\/es\\\/\",\"logo\":{\"@type\":\"ImageObject\",\"url\":\"https:\\\/\\\/i0.wp.com\\\/mindfb.com\\\/wp-content\\\/uploads\\\/2023\\\/02\\\/cropped-mindfulframing_logo.png?fit=640%2C269&ssl=1\",\"@id\":\"https:\\\/\\\/mindfb.com\\\/es\\\/media\\\/#organizationLogo\",\"width\":640,\"height\":269},\"image\":{\"@id\":\"https:\\\/\\\/mindfb.com\\\/es\\\/media\\\/#organizationLogo\"},\"sameAs\":[\"https:\\\/\\\/www.facebook.com\\\/neochiorg\\\/\",\"https:\\\/\\\/twitter.com\\\/neochiorg\",\"https:\\\/\\\/www.instagram.com\\\/neochiorg\\\/\",\"https:\\\/\\\/hu.pinterest.com\\\/oscarsegurado\\\/\"]},{\"@type\":\"WebPage\",\"@id\":\"https:\\\/\\\/mindfb.com\\\/es\\\/media#webpage\",\"url\":\"https:\\\/\\\/mindfb.com\\\/es\\\/media\",\"name\":\"MEDIA KIT | MINDFUL FRAMING AND NEOCHI LIFESTYLE | Mindful Framing\",\"description\":\"Oscar Segurado, MD PhD, is a neuroscientist and immunologist with a lifelong interest in ancient medicine. His interest in Ayurvedic and Chinese medicine led to the development of mindful framing and associated NEO Chi lifestyle.\",\"inLanguage\":\"es-ES\",\"isPartOf\":{\"@id\":\"https:\\\/\\\/mindfb.com\\\/es\\\/#website\"},\"breadcrumb\":{\"@id\":\"https:\\\/\\\/mindfb.com\\\/es\\\/media#breadcrumblist\"},\"datePublished\":\"2018-02-27T15:38:30-08:00\",\"dateModified\":\"2018-07-10T16:50:43-07:00\"},{\"@type\":\"WebSite\",\"@id\":\"https:\\\/\\\/mindfb.com\\\/es\\\/#website\",\"url\":\"https:\\\/\\\/mindfb.com\\\/es\\\/\",\"name\":\"Mindful Framing\",\"description\":\"Transform Your Anxiety into Vital Energy\",\"inLanguage\":\"es-ES\",\"publisher\":{\"@id\":\"https:\\\/\\\/mindfb.com\\\/es\\\/#organization\"}}]}\n\t\t<\/script>\n\t\t<!-- All in One SEO Pro -->\r\n\t\t<title>MEDIA KIT | MINDFUL FRAMING AND NEOCHI LIFESTYLE | Mindful Framing<\/title>\n\n","aioseo_head_json":{"title":"MEDIA KIT | MINDFUL FRAMING AND NEOCHI LIFESTYLE | Mindful Framing","description":"Oscar Segurado, MD PhD, is a neuroscientist and immunologist with a lifelong interest in ancient medicine. His interest in Ayurvedic and Chinese medicine led to the development of mindful framing and associated NEO Chi lifestyle.","canonical_url":"https:\/\/mindfb.com\/es\/media","robots":"max-image-preview:large","keywords":"chinese medicine,oscar segurado md phd,neuroscientist,immunologist,ancient medicine,neo chi lifestyle","webmasterTools":{"google-site-verification":"R3p8qoxnKDD2ey8UfFcI0032TE8RtguDzPd_6rx-yVo","msvalidate.01":"C2613C93A35D5FFAA26B4CCBC4D61E15","miscellaneous":""},"schema":{"@context":"https:\/\/schema.org","@graph":[{"@type":"BreadcrumbList","@id":"https:\/\/mindfb.com\/es\/media#breadcrumblist","itemListElement":[{"@type":"ListItem","@id":"https:\/\/mindfb.com\/es#listItem","position":1,"name":"Home","item":"https:\/\/mindfb.com\/es","nextItem":{"@type":"ListItem","@id":"https:\/\/mindfb.com\/es\/media#listItem","name":"MEDIOS"}},{"@type":"ListItem","@id":"https:\/\/mindfb.com\/es\/media#listItem","position":2,"name":"MEDIOS","previousItem":{"@type":"ListItem","@id":"https:\/\/mindfb.com\/es#listItem","name":"Home"}}]},{"@type":"Organization","@id":"https:\/\/mindfb.com\/es\/#organization","name":"Mindful Framing","description":"Transform Your Anxiety into Vital Energy","url":"https:\/\/mindfb.com\/es\/","logo":{"@type":"ImageObject","url":"https:\/\/i0.wp.com\/mindfb.com\/wp-content\/uploads\/2023\/02\/cropped-mindfulframing_logo.png?fit=640%2C269&ssl=1","@id":"https:\/\/mindfb.com\/es\/media\/#organizationLogo","width":640,"height":269},"image":{"@id":"https:\/\/mindfb.com\/es\/media\/#organizationLogo"},"sameAs":["https:\/\/www.facebook.com\/neochiorg\/","https:\/\/twitter.com\/neochiorg","https:\/\/www.instagram.com\/neochiorg\/","https:\/\/hu.pinterest.com\/oscarsegurado\/"]},{"@type":"WebPage","@id":"https:\/\/mindfb.com\/es\/media#webpage","url":"https:\/\/mindfb.com\/es\/media","name":"MEDIA KIT | MINDFUL FRAMING AND NEOCHI LIFESTYLE | Mindful Framing","description":"Oscar Segurado, MD PhD, is a neuroscientist and immunologist with a lifelong interest in ancient medicine. His interest in Ayurvedic and Chinese medicine led to the development of mindful framing and associated NEO Chi lifestyle.","inLanguage":"es-ES","isPartOf":{"@id":"https:\/\/mindfb.com\/es\/#website"},"breadcrumb":{"@id":"https:\/\/mindfb.com\/es\/media#breadcrumblist"},"datePublished":"2018-02-27T15:38:30-08:00","dateModified":"2018-07-10T16:50:43-07:00"},{"@type":"WebSite","@id":"https:\/\/mindfb.com\/es\/#website","url":"https:\/\/mindfb.com\/es\/","name":"Mindful Framing","description":"Transform Your Anxiety into Vital Energy","inLanguage":"es-ES","publisher":{"@id":"https:\/\/mindfb.com\/es\/#organization"}}]}},"aioseo_meta_data":{"post_id":"1192","title":"MEDIA KIT | MINDFUL FRAMING AND NEOCHI LIFESTYLE | #site_title","description":"Oscar Segurado, MD PhD, is a neuroscientist and immunologist with a lifelong interest in ancient medicine. His interest in Ayurvedic and Chinese medicine led to the development of mindful framing and associated NEO Chi lifestyle.","keywords":[{"label":"chinese medicine","value":"chinese medicine"},{"label":"Oscar Segurado MD PhD","value":"Oscar Segurado MD PhD"},{"label":"neuroscientist","value":"neuroscientist"},{"label":"immunologist","value":"immunologist"},{"label":"ancient medicine","value":"ancient medicine"},{"label":"NEO Chi lifestyle","value":"NEO Chi lifestyle"},{"label":"chinese medicine","value":"chinese medicine"}],"keyphrases":null,"primary_term":null,"canonical_url":null,"og_title":null,"og_description":null,"og_object_type":"default","og_image_type":"default","og_image_url":null,"og_image_width":null,"og_image_height":null,"og_image_custom_url":null,"og_image_custom_fields":null,"og_video":null,"og_custom_url":null,"og_article_section":null,"og_article_tags":null,"twitter_use_og":false,"twitter_card":"default","twitter_image_type":"default","twitter_image_url":null,"twitter_image_custom_url":null,"twitter_image_custom_fields":null,"twitter_title":null,"twitter_description":null,"schema":{"blockGraphs":[],"customGraphs":[],"default":{"data":{"Article":[],"Course":[],"Dataset":[],"FAQPage":[],"Movie":[],"Person":[],"Product":[],"ProductReview":[],"Car":[],"Recipe":[],"Service":[],"SoftwareApplication":[],"WebPage":[]},"graphName":"","isEnabled":true},"graphs":[],"defaultGraph":"","defaultPostTypeGraph":""},"schema_type":null,"schema_type_options":null,"pillar_content":false,"robots_default":true,"robots_noindex":false,"robots_noarchive":false,"robots_nosnippet":false,"robots_nofollow":false,"robots_noimageindex":false,"robots_noodp":false,"robots_notranslate":false,"robots_max_snippet":null,"robots_max_videopreview":null,"robots_max_imagepreview":"large","priority":null,"frequency":null,"local_seo":null,"seo_analyzer_scan_date":"2025-10-09 00:57:45","breadcrumb_settings":null,"limit_modified_date":false,"open_ai":null,"ai":null,"created":"2021-01-11 13:45:09","updated":"2025-10-09 00:57:45"},"aioseo_breadcrumb":"<div class=\"aioseo-breadcrumbs\"><span class=\"aioseo-breadcrumb\">\n\t<a href=\"https:\/\/mindfb.com\/es\" title=\"Home\">Home<\/a>\n<\/span><span class=\"aioseo-breadcrumb-separator\">&raquo;<\/span><span class=\"aioseo-breadcrumb\">\n\tMEDIOS\n<\/span><\/div>","aioseo_breadcrumb_json":[{"label":"Home","link":"https:\/\/mindfb.com\/es"},{"label":"MEDIOS","link":"https:\/\/mindfb.com\/es\/media"}],"jetpack_sharing_enabled":true,"jetpack_shortlink":"https:\/\/wp.me\/P9HfYW-je","jetpack_likes_enabled":true,"jetpack-related-posts":[],"_links":{"self":[{"href":"https:\/\/mindfb.com\/es\/wp-json\/wp\/v2\/pages\/1192","targetHints":{"allow":["GET"]}}],"collection":[{"href":"https:\/\/mindfb.com\/es\/wp-json\/wp\/v2\/pages"}],"about":[{"href":"https:\/\/mindfb.com\/es\/wp-json\/wp\/v2\/types\/page"}],"author":[{"embeddable":true,"href":"https:\/\/mindfb.com\/es\/wp-json\/wp\/v2\/users\/1"}],"replies":[{"embeddable":true,"href":"https:\/\/mindfb.com\/es\/wp-json\/wp\/v2\/comments?post=1192"}],"version-history":[{"count":0,"href":"https:\/\/mindfb.com\/es\/wp-json\/wp\/v2\/pages\/1192\/revisions"}],"wp:attachment":[{"href":"https:\/\/mindfb.com\/es\/wp-json\/wp\/v2\/media?parent=1192"}],"curies":[{"name":"wp","href":"https:\/\/api.w.org\/{rel}","templated":true}]}}