{"id":1201,"date":"2018-02-27T15:39:46","date_gmt":"2018-02-27T15:39:46","guid":{"rendered":"http:\/\/mindfb.com?page_id=1201"},"modified":"2018-03-26T08:44:52","modified_gmt":"2018-03-26T08:44:52","slug":"neo-chi-institute","status":"publish","type":"page","link":"https:\/\/mindfb.com\/es\/neo-chi-institute","title":{"rendered":"INSTITUTO NEO CHI"},"content":{"rendered":"<p><img data-recalc-dims=\"1\" loading=\"lazy\" decoding=\"async\" data-attachment-id=\"1368\" data-permalink=\"https:\/\/mindfb.com\/es\/neo-chi-institute\/neochi-logo-redesign-typo-spanish\" data-orig-file=\"https:\/\/i0.wp.com\/mindfb.com\/wp-content\/uploads\/2018\/03\/NeoChi-Logo-Redesign-Typo-Spanish.png?fit=2625%2C2625&amp;ssl=1\" data-orig-size=\"2625,2625\" data-comments-opened=\"1\" data-image-meta=\"{&quot;aperture&quot;:&quot;0&quot;,&quot;credit&quot;:&quot;&quot;,&quot;camera&quot;:&quot;&quot;,&quot;caption&quot;:&quot;&quot;,&quot;created_timestamp&quot;:&quot;0&quot;,&quot;copyright&quot;:&quot;&quot;,&quot;focal_length&quot;:&quot;0&quot;,&quot;iso&quot;:&quot;0&quot;,&quot;shutter_speed&quot;:&quot;0&quot;,&quot;title&quot;:&quot;&quot;,&quot;orientation&quot;:&quot;0&quot;}\" data-image-title=\"NeoChi Logo Redesign Typo Spanish\" data-image-description=\"\" data-image-caption=\"\" data-large-file=\"https:\/\/i0.wp.com\/mindfb.com\/wp-content\/uploads\/2018\/03\/NeoChi-Logo-Redesign-Typo-Spanish.png?fit=1024%2C1024&amp;ssl=1\" class=\"wp-image-1368 aligncenter\" src=\"https:\/\/i0.wp.com\/mindfb.com\/wp-content\/uploads\/2018\/03\/NeoChi-Logo-Redesign-Typo-Spanish.png?resize=107%2C107\" alt=\"\" width=\"107\" height=\"107\" srcset=\"https:\/\/i0.wp.com\/mindfb.com\/wp-content\/uploads\/2018\/03\/NeoChi-Logo-Redesign-Typo-Spanish.png?w=2625&amp;ssl=1 2625w, https:\/\/i0.wp.com\/mindfb.com\/wp-content\/uploads\/2018\/03\/NeoChi-Logo-Redesign-Typo-Spanish.png?resize=150%2C150&amp;ssl=1 150w, https:\/\/i0.wp.com\/mindfb.com\/wp-content\/uploads\/2018\/03\/NeoChi-Logo-Redesign-Typo-Spanish.png?resize=300%2C300&amp;ssl=1 300w, https:\/\/i0.wp.com\/mindfb.com\/wp-content\/uploads\/2018\/03\/NeoChi-Logo-Redesign-Typo-Spanish.png?resize=768%2C768&amp;ssl=1 768w, https:\/\/i0.wp.com\/mindfb.com\/wp-content\/uploads\/2018\/03\/NeoChi-Logo-Redesign-Typo-Spanish.png?resize=1024%2C1024&amp;ssl=1 1024w, https:\/\/i0.wp.com\/mindfb.com\/wp-content\/uploads\/2018\/03\/NeoChi-Logo-Redesign-Typo-Spanish.png?resize=200%2C200&amp;ssl=1 200w, https:\/\/i0.wp.com\/mindfb.com\/wp-content\/uploads\/2018\/03\/NeoChi-Logo-Redesign-Typo-Spanish.png?resize=800%2C800&amp;ssl=1 800w, https:\/\/i0.wp.com\/mindfb.com\/wp-content\/uploads\/2018\/03\/NeoChi-Logo-Redesign-Typo-Spanish.png?resize=400%2C400&amp;ssl=1 400w, https:\/\/i0.wp.com\/mindfb.com\/wp-content\/uploads\/2018\/03\/NeoChi-Logo-Redesign-Typo-Spanish.png?w=2000&amp;ssl=1 2000w\" sizes=\"auto, (max-width: 107px) 100vw, 107px\" \/><\/p>\n<h2 style=\"text-align: center;\">El objetivo del instituto NEO Chi, sin \u00e1nimo de lucro, es la ense\u00f1anza de la pr\u00e1ctica de autorreflexi\u00f3n y del estilo de vida NEO Chi<\/h2>\n","protected":false},"excerpt":{"rendered":"<p>El objetivo del instituto NEO Chi, sin \u00e1nimo de lucro, es la ense\u00f1anza de la pr\u00e1ctica de autorreflexi\u00f3n y del estilo de vida NEO Chi<\/p>\n","protected":false},"author":1,"featured_media":1249,"parent":0,"menu_order":0,"comment_status":"closed","ping_status":"closed","template":"","meta":{"_exactmetrics_skip_tracking":false,"_exactmetrics_sitenote_active":false,"_exactmetrics_sitenote_note":"","_exactmetrics_sitenote_category":0,"_monsterinsights_skip_tracking":false,"_monsterinsights_sitenote_active":false,"_monsterinsights_sitenote_note":"","_monsterinsights_sitenote_category":0,"_genesis_hide_title":false,"_genesis_hide_breadcrumbs":false,"_genesis_hide_singular_image":false,"_genesis_hide_footer_widgets":false,"_genesis_custom_body_class":"","_genesis_custom_post_class":"","_genesis_layout":"","ngg_post_thumbnail":0,"jetpack_post_was_ever_published":false,"footnotes":""},"class_list":["post-1201","page","type-page","status-publish","has-post-thumbnail","entry"],"aioseo_notices":[],"aioseo_head":"\n\t\t<!-- All in One SEO Pro 4.9.6.1 - aioseo.com -->\n\t<meta name=\"robots\" content=\"max-image-preview:large\" \/>\n\t<meta name=\"google-site-verification\" content=\"R3p8qoxnKDD2ey8UfFcI0032TE8RtguDzPd_6rx-yVo\" \/>\n\t<meta name=\"msvalidate.01\" content=\"C2613C93A35D5FFAA26B4CCBC4D61E15\" \/>\n\t<link rel=\"canonical\" href=\"https:\/\/mindfb.com\/es\/neo-chi-institute\" \/>\n\t<meta name=\"generator\" content=\"All in One SEO Pro (AIOSEO) 4.9.6.1\" \/>\n\t\t<script type=\"application\/ld+json\" class=\"aioseo-schema\">\n\t\t\t{\"@context\":\"https:\\\/\\\/schema.org\",\"@graph\":[{\"@type\":\"BreadcrumbList\",\"@id\":\"https:\\\/\\\/mindfb.com\\\/es\\\/neo-chi-institute#breadcrumblist\",\"itemListElement\":[{\"@type\":\"ListItem\",\"@id\":\"https:\\\/\\\/mindfb.com\\\/es#listItem\",\"position\":1,\"name\":\"Home\",\"item\":\"https:\\\/\\\/mindfb.com\\\/es\",\"nextItem\":{\"@type\":\"ListItem\",\"@id\":\"https:\\\/\\\/mindfb.com\\\/es\\\/neo-chi-institute#listItem\",\"name\":\"INSTITUTO NEO CHI\"}},{\"@type\":\"ListItem\",\"@id\":\"https:\\\/\\\/mindfb.com\\\/es\\\/neo-chi-institute#listItem\",\"position\":2,\"name\":\"INSTITUTO NEO CHI\",\"previousItem\":{\"@type\":\"ListItem\",\"@id\":\"https:\\\/\\\/mindfb.com\\\/es#listItem\",\"name\":\"Home\"}}]},{\"@type\":\"Organization\",\"@id\":\"https:\\\/\\\/mindfb.com\\\/es\\\/#organization\",\"name\":\"Mindful Framing\",\"description\":\"Transform Your Anxiety into Vital Energy\",\"url\":\"https:\\\/\\\/mindfb.com\\\/es\\\/\",\"logo\":{\"@type\":\"ImageObject\",\"url\":\"https:\\\/\\\/i0.wp.com\\\/mindfb.com\\\/wp-content\\\/uploads\\\/2023\\\/02\\\/cropped-mindfulframing_logo.png?fit=640%2C269&ssl=1\",\"@id\":\"https:\\\/\\\/mindfb.com\\\/es\\\/neo-chi-institute\\\/#organizationLogo\",\"width\":640,\"height\":269},\"image\":{\"@id\":\"https:\\\/\\\/mindfb.com\\\/es\\\/neo-chi-institute\\\/#organizationLogo\"},\"sameAs\":[\"https:\\\/\\\/www.facebook.com\\\/neochiorg\\\/\",\"https:\\\/\\\/twitter.com\\\/neochiorg\",\"https:\\\/\\\/www.instagram.com\\\/neochiorg\\\/\",\"https:\\\/\\\/hu.pinterest.com\\\/oscarsegurado\\\/\"]},{\"@type\":\"WebPage\",\"@id\":\"https:\\\/\\\/mindfb.com\\\/es\\\/neo-chi-institute#webpage\",\"url\":\"https:\\\/\\\/mindfb.com\\\/es\\\/neo-chi-institute\",\"name\":\"INSTITUTO NEO CHI | Mindful Framing\",\"inLanguage\":\"es-ES\",\"isPartOf\":{\"@id\":\"https:\\\/\\\/mindfb.com\\\/es\\\/#website\"},\"breadcrumb\":{\"@id\":\"https:\\\/\\\/mindfb.com\\\/es\\\/neo-chi-institute#breadcrumblist\"},\"image\":{\"@type\":\"ImageObject\",\"url\":\"https:\\\/\\\/i0.wp.com\\\/mindfb.com\\\/wp-content\\\/uploads\\\/2018\\\/02\\\/NEOCHI_LOGO.png?fit=1000%2C1000&ssl=1\",\"@id\":\"https:\\\/\\\/mindfb.com\\\/es\\\/neo-chi-institute\\\/#mainImage\",\"width\":1000,\"height\":1000},\"primaryImageOfPage\":{\"@id\":\"https:\\\/\\\/mindfb.com\\\/es\\\/neo-chi-institute#mainImage\"},\"datePublished\":\"2018-02-27T15:39:46-08:00\",\"dateModified\":\"2018-03-26T08:44:52-07:00\"},{\"@type\":\"WebSite\",\"@id\":\"https:\\\/\\\/mindfb.com\\\/es\\\/#website\",\"url\":\"https:\\\/\\\/mindfb.com\\\/es\\\/\",\"name\":\"Mindful Framing\",\"description\":\"Transform Your Anxiety into Vital Energy\",\"inLanguage\":\"es-ES\",\"publisher\":{\"@id\":\"https:\\\/\\\/mindfb.com\\\/es\\\/#organization\"}}]}\n\t\t<\/script>\n\t\t<!-- All in One SEO Pro -->\r\n\t\t<title>INSTITUTO NEO CHI | Mindful Framing<\/title>\n\n","aioseo_head_json":{"title":"INSTITUTO NEO CHI | Mindful Framing","description":"","canonical_url":"https:\/\/mindfb.com\/es\/neo-chi-institute","robots":"max-image-preview:large","keywords":"","webmasterTools":{"google-site-verification":"R3p8qoxnKDD2ey8UfFcI0032TE8RtguDzPd_6rx-yVo","msvalidate.01":"C2613C93A35D5FFAA26B4CCBC4D61E15","miscellaneous":""},"schema":{"@context":"https:\/\/schema.org","@graph":[{"@type":"BreadcrumbList","@id":"https:\/\/mindfb.com\/es\/neo-chi-institute#breadcrumblist","itemListElement":[{"@type":"ListItem","@id":"https:\/\/mindfb.com\/es#listItem","position":1,"name":"Home","item":"https:\/\/mindfb.com\/es","nextItem":{"@type":"ListItem","@id":"https:\/\/mindfb.com\/es\/neo-chi-institute#listItem","name":"INSTITUTO NEO CHI"}},{"@type":"ListItem","@id":"https:\/\/mindfb.com\/es\/neo-chi-institute#listItem","position":2,"name":"INSTITUTO NEO CHI","previousItem":{"@type":"ListItem","@id":"https:\/\/mindfb.com\/es#listItem","name":"Home"}}]},{"@type":"Organization","@id":"https:\/\/mindfb.com\/es\/#organization","name":"Mindful Framing","description":"Transform Your Anxiety into Vital Energy","url":"https:\/\/mindfb.com\/es\/","logo":{"@type":"ImageObject","url":"https:\/\/i0.wp.com\/mindfb.com\/wp-content\/uploads\/2023\/02\/cropped-mindfulframing_logo.png?fit=640%2C269&ssl=1","@id":"https:\/\/mindfb.com\/es\/neo-chi-institute\/#organizationLogo","width":640,"height":269},"image":{"@id":"https:\/\/mindfb.com\/es\/neo-chi-institute\/#organizationLogo"},"sameAs":["https:\/\/www.facebook.com\/neochiorg\/","https:\/\/twitter.com\/neochiorg","https:\/\/www.instagram.com\/neochiorg\/","https:\/\/hu.pinterest.com\/oscarsegurado\/"]},{"@type":"WebPage","@id":"https:\/\/mindfb.com\/es\/neo-chi-institute#webpage","url":"https:\/\/mindfb.com\/es\/neo-chi-institute","name":"INSTITUTO NEO CHI | Mindful Framing","inLanguage":"es-ES","isPartOf":{"@id":"https:\/\/mindfb.com\/es\/#website"},"breadcrumb":{"@id":"https:\/\/mindfb.com\/es\/neo-chi-institute#breadcrumblist"},"image":{"@type":"ImageObject","url":"https:\/\/i0.wp.com\/mindfb.com\/wp-content\/uploads\/2018\/02\/NEOCHI_LOGO.png?fit=1000%2C1000&ssl=1","@id":"https:\/\/mindfb.com\/es\/neo-chi-institute\/#mainImage","width":1000,"height":1000},"primaryImageOfPage":{"@id":"https:\/\/mindfb.com\/es\/neo-chi-institute#mainImage"},"datePublished":"2018-02-27T15:39:46-08:00","dateModified":"2018-03-26T08:44:52-07:00"},{"@type":"WebSite","@id":"https:\/\/mindfb.com\/es\/#website","url":"https:\/\/mindfb.com\/es\/","name":"Mindful Framing","description":"Transform Your Anxiety into Vital Energy","inLanguage":"es-ES","publisher":{"@id":"https:\/\/mindfb.com\/es\/#organization"}}]}},"aioseo_meta_data":{"post_id":"1201","title":null,"description":null,"keywords":null,"keyphrases":null,"primary_term":null,"canonical_url":null,"og_title":null,"og_description":null,"og_object_type":"default","og_image_type":"default","og_image_url":null,"og_image_width":null,"og_image_height":null,"og_image_custom_url":null,"og_image_custom_fields":null,"og_video":null,"og_custom_url":null,"og_article_section":null,"og_article_tags":null,"twitter_use_og":false,"twitter_card":"default","twitter_image_type":"default","twitter_image_url":null,"twitter_image_custom_url":null,"twitter_image_custom_fields":null,"twitter_title":null,"twitter_description":null,"schema":{"blockGraphs":[],"customGraphs":[],"default":{"data":{"Article":[],"Course":[],"Dataset":[],"FAQPage":[],"Movie":[],"Person":[],"Product":[],"ProductReview":[],"Car":[],"Recipe":[],"Service":[],"SoftwareApplication":[],"WebPage":[]},"graphName":"","isEnabled":true},"graphs":[],"defaultGraph":"","defaultPostTypeGraph":""},"schema_type":null,"schema_type_options":null,"pillar_content":false,"robots_default":true,"robots_noindex":false,"robots_noarchive":false,"robots_nosnippet":false,"robots_nofollow":false,"robots_noimageindex":false,"robots_noodp":false,"robots_notranslate":false,"robots_max_snippet":null,"robots_max_videopreview":null,"robots_max_imagepreview":"large","priority":null,"frequency":null,"local_seo":null,"seo_analyzer_scan_date":"2025-10-09 00:57:51","breadcrumb_settings":null,"limit_modified_date":false,"open_ai":null,"ai":null,"created":"2021-01-11 13:45:09","updated":"2025-10-09 00:57:51"},"aioseo_breadcrumb":"<div class=\"aioseo-breadcrumbs\"><span class=\"aioseo-breadcrumb\">\n\t<a href=\"https:\/\/mindfb.com\/es\" title=\"Home\">Home<\/a>\n<\/span><span class=\"aioseo-breadcrumb-separator\">&raquo;<\/span><span class=\"aioseo-breadcrumb\">\n\tINSTITUTO NEO CHI\n<\/span><\/div>","aioseo_breadcrumb_json":[{"label":"Home","link":"https:\/\/mindfb.com\/es"},{"label":"INSTITUTO NEO CHI","link":"https:\/\/mindfb.com\/es\/neo-chi-institute"}],"jetpack_sharing_enabled":true,"jetpack_shortlink":"https:\/\/wp.me\/P9HfYW-jn","jetpack_likes_enabled":true,"jetpack-related-posts":[],"_links":{"self":[{"href":"https:\/\/mindfb.com\/es\/wp-json\/wp\/v2\/pages\/1201","targetHints":{"allow":["GET"]}}],"collection":[{"href":"https:\/\/mindfb.com\/es\/wp-json\/wp\/v2\/pages"}],"about":[{"href":"https:\/\/mindfb.com\/es\/wp-json\/wp\/v2\/types\/page"}],"author":[{"embeddable":true,"href":"https:\/\/mindfb.com\/es\/wp-json\/wp\/v2\/users\/1"}],"replies":[{"embeddable":true,"href":"https:\/\/mindfb.com\/es\/wp-json\/wp\/v2\/comments?post=1201"}],"version-history":[{"count":0,"href":"https:\/\/mindfb.com\/es\/wp-json\/wp\/v2\/pages\/1201\/revisions"}],"wp:featuredmedia":[{"embeddable":true,"href":"https:\/\/mindfb.com\/es\/wp-json\/wp\/v2\/media\/1249"}],"wp:attachment":[{"href":"https:\/\/mindfb.com\/es\/wp-json\/wp\/v2\/media?parent=1201"}],"curies":[{"name":"wp","href":"https:\/\/api.w.org\/{rel}","templated":true}]}}