{"id":1202,"date":"2018-02-27T15:39:43","date_gmt":"2018-02-27T15:39:43","guid":{"rendered":"http:\/\/mindfb.com?page_id=1202"},"modified":"2018-03-21T21:15:24","modified_gmt":"2018-03-21T21:15:24","slug":"neo-chi-lifestyle-section","status":"publish","type":"page","link":"https:\/\/mindfb.com\/es\/neo-chi-lifestyle-section","title":{"rendered":"El estilo de vida NEO Chi"},"content":{"rendered":"<p>La secci\u00f3n de estilo de vida de NEO Chi ofrece una descripci\u00f3n general de mi pr\u00f3ximo libro: Conecta con la naturaleza, armoniza tus emociones y revitaliza tu organismo.<\/p>\n<p>Seamos realistas: para lograr una transformaci\u00f3n permanente de tu ansiedad y estr\u00e9s, necesitas cambiar tu estado de \u00e1nimo.<\/p>\n<p>Puedes notar beneficios a corto plazo despu\u00e9s de algunas semanas de meditaci\u00f3n o de autorreflexi\u00f3n, pero no ver\u00e1s efectos duraderos a no ser que incorpores nuevos h\u00e1bitos y rutinas en tu vida. No te sentir\u00e1s m\u00e1gicamente tranquilo y sereno con semanas o meses de autorreflexi\u00f3n, atenci\u00f3n plena, yoga o escuchando una meditaci\u00f3n con gu\u00eda audiovisual.<\/p>\n<p>Necesitas cambiar, adaptarte y perfeccionar tu estilo de vida. Si reduces el tiempo que pasas en actividades pasivas, como ver la televisi\u00f3n, y utilizas este tiempo para la pr\u00e1ctica de la autorreflexi\u00f3n y otras actividades intencionales descritas en el estilo e vida NEO Chi, se transformar\u00e1 tu vida.<\/p>\n<p>Transformar\u00e1s tu ansiedad<\/p>\n<p>Mejorar\u00e1s sus sentidos<\/p>\n<p>Te conectar\u00e1s con la naturaleza<\/p>\n<p>Armonizar\u00e1s tus emociones con las de los dem\u00e1s<\/p>\n<p>Revitalizar\u00e1s tu organismo, especialmente tu sistema inmune<\/p>\n","protected":false},"excerpt":{"rendered":"<p>La secci\u00f3n de estilo de vida de NEO Chi ofrece una descripci\u00f3n general de mi pr\u00f3ximo libro: Conecta con la naturaleza, armoniza tus emociones y revitaliza tu organismo. Seamos realistas: [&hellip;]<\/p>\n","protected":false},"author":1,"featured_media":1259,"parent":0,"menu_order":0,"comment_status":"closed","ping_status":"closed","template":"","meta":{"_exactmetrics_skip_tracking":false,"_exactmetrics_sitenote_active":false,"_exactmetrics_sitenote_note":"","_exactmetrics_sitenote_category":0,"_monsterinsights_skip_tracking":false,"_monsterinsights_sitenote_active":false,"_monsterinsights_sitenote_note":"","_monsterinsights_sitenote_category":0,"_genesis_hide_title":false,"_genesis_hide_breadcrumbs":false,"_genesis_hide_singular_image":false,"_genesis_hide_footer_widgets":false,"_genesis_custom_body_class":"","_genesis_custom_post_class":"","_genesis_layout":"content-sidebar","ngg_post_thumbnail":0,"jetpack_post_was_ever_published":false,"footnotes":""},"class_list":["post-1202","page","type-page","status-publish","has-post-thumbnail","entry"],"aioseo_notices":[],"aioseo_head":"\n\t\t<!-- All in One SEO Pro 4.9.6.2 - aioseo.com -->\n\t<meta name=\"description\" content=\"The NEO Chi lifestyle section provides an overview of my upcoming book: The Nature\u2212Mind\u2212Body Connection\u2014Connect with Nature, Harmonize Your Emotions and Invigorate Your Organism. Let\u2019s be realistic: to achieve a sustained transformation of your anxiety and stress, you need to change your frame of mind.\" \/>\n\t<meta name=\"robots\" content=\"max-image-preview:large\" \/>\n\t<meta name=\"google-site-verification\" content=\"R3p8qoxnKDD2ey8UfFcI0032TE8RtguDzPd_6rx-yVo\" \/>\n\t<meta name=\"msvalidate.01\" content=\"C2613C93A35D5FFAA26B4CCBC4D61E15\" \/>\n\t<meta name=\"keywords\" content=\"neo chi lifestyle section,mindful framing,neo chi institute,neo chi,neochi.org,mind\u2212body,mind meditation\" \/>\n\t<link rel=\"canonical\" href=\"https:\/\/mindfb.com\/es\/neo-chi-lifestyle-section\" \/>\n\t<meta name=\"generator\" content=\"All in One SEO Pro (AIOSEO) 4.9.6.2\" \/>\n\t\t<script type=\"application\/ld+json\" class=\"aioseo-schema\">\n\t\t\t{\"@context\":\"https:\\\/\\\/schema.org\",\"@graph\":[{\"@type\":\"BreadcrumbList\",\"@id\":\"https:\\\/\\\/mindfb.com\\\/es\\\/neo-chi-lifestyle-section#breadcrumblist\",\"itemListElement\":[{\"@type\":\"ListItem\",\"@id\":\"https:\\\/\\\/mindfb.com\\\/es#listItem\",\"position\":1,\"name\":\"Home\",\"item\":\"https:\\\/\\\/mindfb.com\\\/es\",\"nextItem\":{\"@type\":\"ListItem\",\"@id\":\"https:\\\/\\\/mindfb.com\\\/es\\\/neo-chi-lifestyle-section#listItem\",\"name\":\"El estilo de vida NEO Chi\"}},{\"@type\":\"ListItem\",\"@id\":\"https:\\\/\\\/mindfb.com\\\/es\\\/neo-chi-lifestyle-section#listItem\",\"position\":2,\"name\":\"El estilo de vida NEO Chi\",\"previousItem\":{\"@type\":\"ListItem\",\"@id\":\"https:\\\/\\\/mindfb.com\\\/es#listItem\",\"name\":\"Home\"}}]},{\"@type\":\"Organization\",\"@id\":\"https:\\\/\\\/mindfb.com\\\/es\\\/#organization\",\"name\":\"Mindful Framing\",\"description\":\"Transform Your Anxiety into Vital Energy\",\"url\":\"https:\\\/\\\/mindfb.com\\\/es\\\/\",\"logo\":{\"@type\":\"ImageObject\",\"url\":\"https:\\\/\\\/i0.wp.com\\\/mindfb.com\\\/wp-content\\\/uploads\\\/2023\\\/02\\\/cropped-mindfulframing_logo.png?fit=640%2C269&ssl=1\",\"@id\":\"https:\\\/\\\/mindfb.com\\\/es\\\/neo-chi-lifestyle-section\\\/#organizationLogo\",\"width\":640,\"height\":269},\"image\":{\"@id\":\"https:\\\/\\\/mindfb.com\\\/es\\\/neo-chi-lifestyle-section\\\/#organizationLogo\"},\"sameAs\":[\"https:\\\/\\\/www.facebook.com\\\/neochiorg\\\/\",\"https:\\\/\\\/twitter.com\\\/neochiorg\",\"https:\\\/\\\/www.instagram.com\\\/neochiorg\\\/\",\"https:\\\/\\\/hu.pinterest.com\\\/oscarsegurado\\\/\"]},{\"@type\":\"WebPage\",\"@id\":\"https:\\\/\\\/mindfb.com\\\/es\\\/neo-chi-lifestyle-section#webpage\",\"url\":\"https:\\\/\\\/mindfb.com\\\/es\\\/neo-chi-lifestyle-section\",\"name\":\"NEO CHI LIFESTYLE section | Mindful Framing - NEO CHI Institute | Mindful Framing\",\"description\":\"The NEO Chi lifestyle section provides an overview of my upcoming book: The Nature\\u2212Mind\\u2212Body Connection\\u2014Connect with Nature, Harmonize Your Emotions and Invigorate Your Organism. Let\\u2019s be realistic: to achieve a sustained transformation of your anxiety and stress, you need to change your frame of mind.\",\"inLanguage\":\"es-ES\",\"isPartOf\":{\"@id\":\"https:\\\/\\\/mindfb.com\\\/es\\\/#website\"},\"breadcrumb\":{\"@id\":\"https:\\\/\\\/mindfb.com\\\/es\\\/neo-chi-lifestyle-section#breadcrumblist\"},\"image\":{\"@type\":\"ImageObject\",\"url\":\"https:\\\/\\\/i0.wp.com\\\/mindfb.com\\\/wp-content\\\/uploads\\\/2018\\\/02\\\/section5.png?fit=500%2C500&ssl=1\",\"@id\":\"https:\\\/\\\/mindfb.com\\\/es\\\/neo-chi-lifestyle-section\\\/#mainImage\",\"width\":500,\"height\":500},\"primaryImageOfPage\":{\"@id\":\"https:\\\/\\\/mindfb.com\\\/es\\\/neo-chi-lifestyle-section#mainImage\"},\"datePublished\":\"2018-02-27T15:39:43-08:00\",\"dateModified\":\"2018-03-21T21:15:24-07:00\"},{\"@type\":\"WebSite\",\"@id\":\"https:\\\/\\\/mindfb.com\\\/es\\\/#website\",\"url\":\"https:\\\/\\\/mindfb.com\\\/es\\\/\",\"name\":\"Mindful Framing\",\"description\":\"Transform Your Anxiety into Vital Energy\",\"inLanguage\":\"es-ES\",\"publisher\":{\"@id\":\"https:\\\/\\\/mindfb.com\\\/es\\\/#organization\"}}]}\n\t\t<\/script>\n\t\t<!-- All in One SEO Pro -->\r\n\t\t<title>NEO CHI LIFESTYLE section | Mindful Framing - NEO CHI Institute | Mindful Framing<\/title>\n\n","aioseo_head_json":{"title":"NEO CHI LIFESTYLE section | Mindful Framing - NEO CHI Institute | Mindful Framing","description":"The NEO Chi lifestyle section provides an overview of my upcoming book: The Nature\u2212Mind\u2212Body Connection\u2014Connect with Nature, Harmonize Your Emotions and Invigorate Your Organism. Let\u2019s be realistic: to achieve a sustained transformation of your anxiety and stress, you need to change your frame of mind.","canonical_url":"https:\/\/mindfb.com\/es\/neo-chi-lifestyle-section","robots":"max-image-preview:large","keywords":"neo chi lifestyle section,mindful framing,neo chi institute,neo chi,neochi.org,mind\u2212body,mind meditation","webmasterTools":{"google-site-verification":"R3p8qoxnKDD2ey8UfFcI0032TE8RtguDzPd_6rx-yVo","msvalidate.01":"C2613C93A35D5FFAA26B4CCBC4D61E15","miscellaneous":""},"schema":{"@context":"https:\/\/schema.org","@graph":[{"@type":"BreadcrumbList","@id":"https:\/\/mindfb.com\/es\/neo-chi-lifestyle-section#breadcrumblist","itemListElement":[{"@type":"ListItem","@id":"https:\/\/mindfb.com\/es#listItem","position":1,"name":"Home","item":"https:\/\/mindfb.com\/es","nextItem":{"@type":"ListItem","@id":"https:\/\/mindfb.com\/es\/neo-chi-lifestyle-section#listItem","name":"El estilo de vida NEO Chi"}},{"@type":"ListItem","@id":"https:\/\/mindfb.com\/es\/neo-chi-lifestyle-section#listItem","position":2,"name":"El estilo de vida NEO Chi","previousItem":{"@type":"ListItem","@id":"https:\/\/mindfb.com\/es#listItem","name":"Home"}}]},{"@type":"Organization","@id":"https:\/\/mindfb.com\/es\/#organization","name":"Mindful Framing","description":"Transform Your Anxiety into Vital Energy","url":"https:\/\/mindfb.com\/es\/","logo":{"@type":"ImageObject","url":"https:\/\/i0.wp.com\/mindfb.com\/wp-content\/uploads\/2023\/02\/cropped-mindfulframing_logo.png?fit=640%2C269&ssl=1","@id":"https:\/\/mindfb.com\/es\/neo-chi-lifestyle-section\/#organizationLogo","width":640,"height":269},"image":{"@id":"https:\/\/mindfb.com\/es\/neo-chi-lifestyle-section\/#organizationLogo"},"sameAs":["https:\/\/www.facebook.com\/neochiorg\/","https:\/\/twitter.com\/neochiorg","https:\/\/www.instagram.com\/neochiorg\/","https:\/\/hu.pinterest.com\/oscarsegurado\/"]},{"@type":"WebPage","@id":"https:\/\/mindfb.com\/es\/neo-chi-lifestyle-section#webpage","url":"https:\/\/mindfb.com\/es\/neo-chi-lifestyle-section","name":"NEO CHI LIFESTYLE section | Mindful Framing - NEO CHI Institute | Mindful Framing","description":"The NEO Chi lifestyle section provides an overview of my upcoming book: The Nature\u2212Mind\u2212Body Connection\u2014Connect with Nature, Harmonize Your Emotions and Invigorate Your Organism. Let\u2019s be realistic: to achieve a sustained transformation of your anxiety and stress, you need to change your frame of mind.","inLanguage":"es-ES","isPartOf":{"@id":"https:\/\/mindfb.com\/es\/#website"},"breadcrumb":{"@id":"https:\/\/mindfb.com\/es\/neo-chi-lifestyle-section#breadcrumblist"},"image":{"@type":"ImageObject","url":"https:\/\/i0.wp.com\/mindfb.com\/wp-content\/uploads\/2018\/02\/section5.png?fit=500%2C500&ssl=1","@id":"https:\/\/mindfb.com\/es\/neo-chi-lifestyle-section\/#mainImage","width":500,"height":500},"primaryImageOfPage":{"@id":"https:\/\/mindfb.com\/es\/neo-chi-lifestyle-section#mainImage"},"datePublished":"2018-02-27T15:39:43-08:00","dateModified":"2018-03-21T21:15:24-07:00"},{"@type":"WebSite","@id":"https:\/\/mindfb.com\/es\/#website","url":"https:\/\/mindfb.com\/es\/","name":"Mindful Framing","description":"Transform Your Anxiety into Vital Energy","inLanguage":"es-ES","publisher":{"@id":"https:\/\/mindfb.com\/es\/#organization"}}]}},"aioseo_meta_data":{"post_id":"1202","title":"NEO CHI LIFESTYLE section | Mindful Framing - NEO CHI Institute | #site_title","description":"The NEO Chi lifestyle section provides an overview of my upcoming book: The Nature\u2212Mind\u2212Body Connection\u2014Connect with Nature, Harmonize Your Emotions and Invigorate Your Organism. Let\u2019s be realistic: to achieve a sustained transformation of your anxiety and stress, you need to change your frame of mind.","keywords":[{"label":"NEO CHI LIFESTYLE section","value":"NEO CHI LIFESTYLE section"},{"label":"Mindful Framing","value":"Mindful Framing"},{"label":"NEO CHI Institute","value":"NEO CHI Institute"},{"label":"neo chi","value":"neo chi"},{"label":"neochi.org","value":"neochi.org"},{"label":"Mind\u2212Body","value":"Mind\u2212Body"},{"label":"mind meditation","value":"mind meditation"}],"keyphrases":null,"primary_term":null,"canonical_url":null,"og_title":null,"og_description":null,"og_object_type":"default","og_image_type":"default","og_image_url":null,"og_image_width":null,"og_image_height":null,"og_image_custom_url":null,"og_image_custom_fields":null,"og_video":null,"og_custom_url":null,"og_article_section":null,"og_article_tags":null,"twitter_use_og":false,"twitter_card":"default","twitter_image_type":"default","twitter_image_url":null,"twitter_image_custom_url":null,"twitter_image_custom_fields":null,"twitter_title":null,"twitter_description":null,"schema":{"blockGraphs":[],"customGraphs":[],"default":{"data":{"Article":[],"Course":[],"Dataset":[],"FAQPage":[],"Movie":[],"Person":[],"Product":[],"ProductReview":[],"Car":[],"Recipe":[],"Service":[],"SoftwareApplication":[],"WebPage":[]},"graphName":"","isEnabled":true},"graphs":[],"defaultGraph":"","defaultPostTypeGraph":""},"schema_type":null,"schema_type_options":null,"pillar_content":false,"robots_default":true,"robots_noindex":false,"robots_noarchive":false,"robots_nosnippet":false,"robots_nofollow":false,"robots_noimageindex":false,"robots_noodp":false,"robots_notranslate":false,"robots_max_snippet":null,"robots_max_videopreview":null,"robots_max_imagepreview":"large","priority":null,"frequency":null,"local_seo":null,"seo_analyzer_scan_date":"2025-10-09 00:57:49","breadcrumb_settings":null,"limit_modified_date":false,"open_ai":null,"ai":null,"created":"2021-01-11 13:45:09","updated":"2025-10-09 00:57:49"},"aioseo_breadcrumb":"<div class=\"aioseo-breadcrumbs\"><span class=\"aioseo-breadcrumb\">\n\t<a href=\"https:\/\/mindfb.com\/es\" title=\"Home\">Home<\/a>\n<\/span><span class=\"aioseo-breadcrumb-separator\">&raquo;<\/span><span class=\"aioseo-breadcrumb\">\n\tEl estilo de vida NEO Chi\n<\/span><\/div>","aioseo_breadcrumb_json":[{"label":"Home","link":"https:\/\/mindfb.com\/es"},{"label":"El estilo de vida NEO Chi","link":"https:\/\/mindfb.com\/es\/neo-chi-lifestyle-section"}],"jetpack_sharing_enabled":true,"jetpack_shortlink":"https:\/\/wp.me\/P9HfYW-jo","jetpack_likes_enabled":true,"jetpack-related-posts":[],"_links":{"self":[{"href":"https:\/\/mindfb.com\/es\/wp-json\/wp\/v2\/pages\/1202","targetHints":{"allow":["GET"]}}],"collection":[{"href":"https:\/\/mindfb.com\/es\/wp-json\/wp\/v2\/pages"}],"about":[{"href":"https:\/\/mindfb.com\/es\/wp-json\/wp\/v2\/types\/page"}],"author":[{"embeddable":true,"href":"https:\/\/mindfb.com\/es\/wp-json\/wp\/v2\/users\/1"}],"replies":[{"embeddable":true,"href":"https:\/\/mindfb.com\/es\/wp-json\/wp\/v2\/comments?post=1202"}],"version-history":[{"count":0,"href":"https:\/\/mindfb.com\/es\/wp-json\/wp\/v2\/pages\/1202\/revisions"}],"wp:featuredmedia":[{"embeddable":true,"href":"https:\/\/mindfb.com\/es\/wp-json\/wp\/v2\/media\/1259"}],"wp:attachment":[{"href":"https:\/\/mindfb.com\/es\/wp-json\/wp\/v2\/media?parent=1202"}],"curies":[{"name":"wp","href":"https:\/\/api.w.org\/{rel}","templated":true}]}}