{"id":1206,"date":"2018-02-27T15:40:24","date_gmt":"2018-02-27T15:40:24","guid":{"rendered":"http:\/\/mindfb.com?page_id=1206"},"modified":"2018-03-17T22:32:49","modified_gmt":"2018-03-17T22:32:49","slug":"privacy-policy","status":"publish","type":"page","link":"https:\/\/mindfb.com\/es\/privacy-policy","title":{"rendered":"Tu privacidad"},"content":{"rendered":"<p>Introducci\u00f3n<\/p>\n<p>MindFB.com (\u00abnosotros\u00bb o \u00abnosotros\u00bb) valora la privacidad de sus visitantes. Esta pol\u00edtica de privacidad es efectiva el 03\/01\/2018; resume la informaci\u00f3n que podr\u00edamos recopilar de un usuario registrado u otro visitante (\u00abusted\u00bb), y lo que haremos y no haremos con ella.<\/p>\n<p>Tenga en cuenta que esta pol\u00edtica de privacidad no rige la recopilaci\u00f3n y el uso de informaci\u00f3n por parte de las empresas que MindFB.com no controla, ni por personas que no est\u00e9n empleadas o administradas por MindFB.com. Si visita un sitio web que mencionamos o enlazamos, aseg\u00farese de revisar su pol\u00edtica de privacidad antes de proporcionarle informaci\u00f3n.<\/p>\n<p>Qu\u00e9 hacemos con su informaci\u00f3n de identificaci\u00f3n personal<\/p>\n<p>Siempre depende de usted si nos divulga informaci\u00f3n de identificaci\u00f3n personal, aunque si decide no hacerlo, nos reservamos el derecho de no registrarlo como usuario o proporcionarle ning\u00fan producto o servicio. La \u00abinformaci\u00f3n de identificaci\u00f3n personal\u00bb se refiere a la informaci\u00f3n que se puede usar para identificarlo como individuo, como por ejemplo:<\/p>\n<p>su nombre, direcci\u00f3n de correo electr\u00f3nico, n\u00famero de tel\u00e9fono, direcci\u00f3n de facturaci\u00f3n y direcci\u00f3n de env\u00edo<br \/>\nsu ID de usuario y contrase\u00f1a de MindFB.com<br \/>\ncualquier informaci\u00f3n de preferencia de cuenta que nos brinde<br \/>\nel nombre de dominio y la direcci\u00f3n IP de su computadora, que indican d\u00f3nde se encuentra su computadora en Internet<br \/>\ndatos de sesi\u00f3n para su sesi\u00f3n de inicio de sesi\u00f3n, para que nuestra computadora pueda &#8216;hablar&#8217; con los suyos mientras est\u00e1 conectado<\/p>\n<p>Si nos proporciona informaci\u00f3n de identificaci\u00f3n personal, ya sea directamente o a trav\u00e9s de un revendedor u otro socio comercial, nosotros:<\/p>\n<p>no lo venda ni lo alquile a un tercero sin su permiso, aunque a menos que usted opte por no participar (ver a continuaci\u00f3n), podemos usar su informaci\u00f3n de contacto para proporcionarle informaci\u00f3n que creemos que necesita saber o que puede serle \u00fatil, como (por ejemplo ) noticias sobre nuestros servicios y productos y modificaciones a los T\u00e9rminos del Servicio;<br \/>\ntomar precauciones comercialmente razonables para proteger la informaci\u00f3n contra p\u00e9rdida, uso indebido y acceso no autorizado, divulgaci\u00f3n, alteraci\u00f3n y destrucci\u00f3n;<\/p>\n<p>No use ni divulgue la informaci\u00f3n excepto:<br \/>\nseg\u00fan sea necesario para proporcionar los servicios o productos que ha solicitado, como (por ejemplo) entreg\u00e1ndoselo a un transportista para que le entregue los productos que ha solicitado;<br \/>\nde otras maneras descritas en esta pol\u00edtica de privacidad o a las que haya dado su consentimiento;<br \/>\nen conjunto con otra informaci\u00f3n de tal manera que su identidad no pueda ser razonablemente determinada (por ejemplo, compilaciones estad\u00edsticas);<br \/>\ncomo lo requiere la ley, por ejemplo, en respuesta a una citaci\u00f3n o orden de registro;<br \/>\na auditores externos que han acordado mantener la confidencialidad de la informaci\u00f3n;<br \/>\nseg\u00fan sea necesario para hacer cumplir los T\u00e9rminos del Servicio;<br \/>\nseg\u00fan sea necesario para proteger los derechos, la seguridad o la propiedad de MindFB.com, sus usuarios u otras personas; esto puede incluir (por ejemplo) el intercambio de informaci\u00f3n con otras organizaciones para la protecci\u00f3n contra fraudes y \/ o reducci\u00f3n de riesgos.<\/p>\n<p>Otra informaci\u00f3n que recolectamos<\/p>\n<p>Podemos recopilar otra informaci\u00f3n que no se puede usar f\u00e1cilmente para identificarlo, como (por ejemplo) el nombre de dominio y la direcci\u00f3n IP de su computadora. Podemos utilizar esta informaci\u00f3n, individualmente o en conjunto, para la administraci\u00f3n t\u00e9cnica de nuestro (s) sitio (s) web; investigaci\u00f3n y desarrollo; administraci\u00f3n de clientes y cuentas; y para ayudarnos a enfocar nuestros esfuerzos de marketing con mayor precisi\u00f3n.<\/p>\n<p>Cookies<\/p>\n<p>MindFB.com utiliza \u00abcookies\u00bb para almacenar datos personales en su computadora. Tambi\u00e9n podemos vincular la informaci\u00f3n almacenada en su computadora en cookies con datos personales sobre individuos espec\u00edficos almacenados en nuestros servidores. Si configura su navegador web (por ejemplo, Internet Explorer o Firefox) para que no se permitan las cookies, es posible que no pueda usar algunas o todas las caracter\u00edsticas de nuestro (s) sitio (s) web.<\/p>\n<p>Sitios externos de almacenamiento de datos<\/p>\n<p>Podemos almacenar sus datos en servidores proporcionados por proveedores de hosting de terceros con los cuales hemos contratado.<\/p>\n<p>Sus responsabilidades de privacidad<\/p>\n<p>Para ayudar a proteger su privacidad, aseg\u00farese de:<\/p>\n<p>no compartir su identificaci\u00f3n de usuario o contrase\u00f1a con nadie m\u00e1s;<br \/>\ncerrar sesi\u00f3n en el sitio web de MindFB.com cuando haya terminado;<br \/>\ntomar las precauciones habituales para protegerse contra \u00abmalware\u00bb (virus, caballos de Troya, bots, etc.), por ejemplo, instalando y actualizando un software antivirus adecuado.<\/p>\n<p>Aviso a los usuarios de la Uni\u00f3n Europea<\/p>\n<p>Las operaciones de MindFB.com se encuentran principalmente en los Estados Unidos. Si nos proporciona informaci\u00f3n, la informaci\u00f3n se transferir\u00e1 fuera de la Uni\u00f3n Europea (UE) a los Estados Unidos. Al proporcionarnos informaci\u00f3n personal, usted est\u00e1 dando su consentimiento para su almacenamiento y uso como se describe aqu\u00ed.<\/p>\n<p>Informaci\u00f3n recopilada de ni\u00f1os<\/p>\n<p>Debe tener al menos 13 a\u00f1os de edad para usar el (los) sitio (s) web y los servicios deMindFB.com. MindFB.com no recopila deliberadamente informaci\u00f3n de ni\u00f1os menores de 13 a\u00f1os. (Consulte la Ley de protecci\u00f3n de privacidad en l\u00ednea para ni\u00f1os de los Estados Unidos).<\/p>\n<p>Cambios a esta pol\u00edtica de privacidad<\/p>\n<p>Nos reservamos el derecho de cambiar esta pol\u00edtica de privacidad cuando lo consideremos necesario o apropiado debido a requisitos de cumplimiento legal o cambios en nuestras pr\u00e1cticas comerciales. Si nos ha proporcionado una direcci\u00f3n de correo electr\u00f3nico, haremos lo posible por notificarle, por correo electr\u00f3nico a esa direcci\u00f3n.<\/p>\n","protected":false},"excerpt":{"rendered":"<p>Introducci\u00f3n MindFB.com (\u00abnosotros\u00bb o \u00abnosotros\u00bb) valora la privacidad de sus visitantes. Esta pol\u00edtica de privacidad es efectiva el 03\/01\/2018; resume la informaci\u00f3n que podr\u00edamos recopilar de un usuario registrado u [&hellip;]<\/p>\n","protected":false},"author":1,"featured_media":0,"parent":0,"menu_order":0,"comment_status":"closed","ping_status":"closed","template":"","meta":{"_exactmetrics_skip_tracking":false,"_exactmetrics_sitenote_active":false,"_exactmetrics_sitenote_note":"","_exactmetrics_sitenote_category":0,"_monsterinsights_skip_tracking":false,"_monsterinsights_sitenote_active":false,"_monsterinsights_sitenote_note":"","_monsterinsights_sitenote_category":0,"_genesis_hide_title":false,"_genesis_hide_breadcrumbs":false,"_genesis_hide_singular_image":false,"_genesis_hide_footer_widgets":false,"_genesis_custom_body_class":"","_genesis_custom_post_class":"","_genesis_layout":"","ngg_post_thumbnail":0,"jetpack_post_was_ever_published":false,"footnotes":""},"class_list":["post-1206","page","type-page","status-publish","entry"],"aioseo_notices":[],"aioseo_head":"\n\t\t<!-- All in One SEO Pro 4.9.5.2 - aioseo.com -->\n\t<meta name=\"description\" content=\"MindFB.com uses \u201ccookies\u201d to store personal data on your computer. We may also link information stored on your computer in cookies with personal data about specific individuals stored on our servers. If you set up your Web browser (for example, Internet Explorer or Firefox) so that cookies are not allowed, you might not be able to use some or all of the features of our Web site(s).\" \/>\n\t<meta name=\"robots\" content=\"max-image-preview:large\" \/>\n\t<meta name=\"google-site-verification\" content=\"R3p8qoxnKDD2ey8UfFcI0032TE8RtguDzPd_6rx-yVo\" \/>\n\t<meta name=\"msvalidate.01\" content=\"C2613C93A35D5FFAA26B4CCBC4D61E15\" \/>\n\t<meta name=\"keywords\" content=\"privacy policy,mindful framing,mindful,mindfulness book,mindfulness article\" \/>\n\t<link rel=\"canonical\" href=\"https:\/\/mindfb.com\/es\/privacy-policy\" \/>\n\t<meta name=\"generator\" content=\"All in One SEO Pro (AIOSEO) 4.9.5.2\" \/>\n\t\t<script type=\"application\/ld+json\" class=\"aioseo-schema\">\n\t\t\t{\"@context\":\"https:\\\/\\\/schema.org\",\"@graph\":[{\"@type\":\"BreadcrumbList\",\"@id\":\"https:\\\/\\\/mindfb.com\\\/es\\\/privacy-policy#breadcrumblist\",\"itemListElement\":[{\"@type\":\"ListItem\",\"@id\":\"https:\\\/\\\/mindfb.com\\\/es#listItem\",\"position\":1,\"name\":\"Home\",\"item\":\"https:\\\/\\\/mindfb.com\\\/es\",\"nextItem\":{\"@type\":\"ListItem\",\"@id\":\"https:\\\/\\\/mindfb.com\\\/es\\\/privacy-policy#listItem\",\"name\":\"Tu privacidad\"}},{\"@type\":\"ListItem\",\"@id\":\"https:\\\/\\\/mindfb.com\\\/es\\\/privacy-policy#listItem\",\"position\":2,\"name\":\"Tu privacidad\",\"previousItem\":{\"@type\":\"ListItem\",\"@id\":\"https:\\\/\\\/mindfb.com\\\/es#listItem\",\"name\":\"Home\"}}]},{\"@type\":\"Organization\",\"@id\":\"https:\\\/\\\/mindfb.com\\\/es\\\/#organization\",\"name\":\"Mindful Framing\",\"description\":\"Transform Your Anxiety into Vital Energy\",\"url\":\"https:\\\/\\\/mindfb.com\\\/es\\\/\",\"logo\":{\"@type\":\"ImageObject\",\"url\":\"https:\\\/\\\/i0.wp.com\\\/mindfb.com\\\/wp-content\\\/uploads\\\/2023\\\/02\\\/cropped-mindfulframing_logo.png?fit=640%2C269&ssl=1\",\"@id\":\"https:\\\/\\\/mindfb.com\\\/es\\\/privacy-policy\\\/#organizationLogo\",\"width\":640,\"height\":269},\"image\":{\"@id\":\"https:\\\/\\\/mindfb.com\\\/es\\\/privacy-policy\\\/#organizationLogo\"},\"sameAs\":[\"https:\\\/\\\/www.facebook.com\\\/neochiorg\\\/\",\"https:\\\/\\\/twitter.com\\\/neochiorg\",\"https:\\\/\\\/www.instagram.com\\\/neochiorg\\\/\",\"https:\\\/\\\/hu.pinterest.com\\\/oscarsegurado\\\/\"]},{\"@type\":\"WebPage\",\"@id\":\"https:\\\/\\\/mindfb.com\\\/es\\\/privacy-policy#webpage\",\"url\":\"https:\\\/\\\/mindfb.com\\\/es\\\/privacy-policy\",\"name\":\"Privacy Policy | Mindful Framing | Mindful Framing\",\"description\":\"MindFB.com uses \\u201ccookies\\u201d to store personal data on your computer. We may also link information stored on your computer in cookies with personal data about specific individuals stored on our servers. If you set up your Web browser (for example, Internet Explorer or Firefox) so that cookies are not allowed, you might not be able to use some or all of the features of our Web site(s).\",\"inLanguage\":\"es-ES\",\"isPartOf\":{\"@id\":\"https:\\\/\\\/mindfb.com\\\/es\\\/#website\"},\"breadcrumb\":{\"@id\":\"https:\\\/\\\/mindfb.com\\\/es\\\/privacy-policy#breadcrumblist\"},\"datePublished\":\"2018-02-27T15:40:24-08:00\",\"dateModified\":\"2018-03-17T22:32:49-07:00\"},{\"@type\":\"WebSite\",\"@id\":\"https:\\\/\\\/mindfb.com\\\/es\\\/#website\",\"url\":\"https:\\\/\\\/mindfb.com\\\/es\\\/\",\"name\":\"Mindful Framing\",\"description\":\"Transform Your Anxiety into Vital Energy\",\"inLanguage\":\"es-ES\",\"publisher\":{\"@id\":\"https:\\\/\\\/mindfb.com\\\/es\\\/#organization\"}}]}\n\t\t<\/script>\n\t\t<!-- All in One SEO Pro -->\r\n\t\t<title>Privacy Policy | Mindful Framing | Mindful Framing<\/title>\n\n","aioseo_head_json":{"title":"Privacy Policy | Mindful Framing | Mindful Framing","description":"MindFB.com uses \u201ccookies\u201d to store personal data on your computer. We may also link information stored on your computer in cookies with personal data about specific individuals stored on our servers. If you set up your Web browser (for example, Internet Explorer or Firefox) so that cookies are not allowed, you might not be able to use some or all of the features of our Web site(s).","canonical_url":"https:\/\/mindfb.com\/es\/privacy-policy","robots":"max-image-preview:large","keywords":"privacy policy,mindful framing,mindful,mindfulness book,mindfulness article","webmasterTools":{"google-site-verification":"R3p8qoxnKDD2ey8UfFcI0032TE8RtguDzPd_6rx-yVo","msvalidate.01":"C2613C93A35D5FFAA26B4CCBC4D61E15","miscellaneous":""},"schema":{"@context":"https:\/\/schema.org","@graph":[{"@type":"BreadcrumbList","@id":"https:\/\/mindfb.com\/es\/privacy-policy#breadcrumblist","itemListElement":[{"@type":"ListItem","@id":"https:\/\/mindfb.com\/es#listItem","position":1,"name":"Home","item":"https:\/\/mindfb.com\/es","nextItem":{"@type":"ListItem","@id":"https:\/\/mindfb.com\/es\/privacy-policy#listItem","name":"Tu privacidad"}},{"@type":"ListItem","@id":"https:\/\/mindfb.com\/es\/privacy-policy#listItem","position":2,"name":"Tu privacidad","previousItem":{"@type":"ListItem","@id":"https:\/\/mindfb.com\/es#listItem","name":"Home"}}]},{"@type":"Organization","@id":"https:\/\/mindfb.com\/es\/#organization","name":"Mindful Framing","description":"Transform Your Anxiety into Vital Energy","url":"https:\/\/mindfb.com\/es\/","logo":{"@type":"ImageObject","url":"https:\/\/i0.wp.com\/mindfb.com\/wp-content\/uploads\/2023\/02\/cropped-mindfulframing_logo.png?fit=640%2C269&ssl=1","@id":"https:\/\/mindfb.com\/es\/privacy-policy\/#organizationLogo","width":640,"height":269},"image":{"@id":"https:\/\/mindfb.com\/es\/privacy-policy\/#organizationLogo"},"sameAs":["https:\/\/www.facebook.com\/neochiorg\/","https:\/\/twitter.com\/neochiorg","https:\/\/www.instagram.com\/neochiorg\/","https:\/\/hu.pinterest.com\/oscarsegurado\/"]},{"@type":"WebPage","@id":"https:\/\/mindfb.com\/es\/privacy-policy#webpage","url":"https:\/\/mindfb.com\/es\/privacy-policy","name":"Privacy Policy | Mindful Framing | Mindful Framing","description":"MindFB.com uses \u201ccookies\u201d to store personal data on your computer. We may also link information stored on your computer in cookies with personal data about specific individuals stored on our servers. If you set up your Web browser (for example, Internet Explorer or Firefox) so that cookies are not allowed, you might not be able to use some or all of the features of our Web site(s).","inLanguage":"es-ES","isPartOf":{"@id":"https:\/\/mindfb.com\/es\/#website"},"breadcrumb":{"@id":"https:\/\/mindfb.com\/es\/privacy-policy#breadcrumblist"},"datePublished":"2018-02-27T15:40:24-08:00","dateModified":"2018-03-17T22:32:49-07:00"},{"@type":"WebSite","@id":"https:\/\/mindfb.com\/es\/#website","url":"https:\/\/mindfb.com\/es\/","name":"Mindful Framing","description":"Transform Your Anxiety into Vital Energy","inLanguage":"es-ES","publisher":{"@id":"https:\/\/mindfb.com\/es\/#organization"}}]}},"aioseo_meta_data":{"post_id":"1206","title":"Privacy Policy | Mindful Framing | #site_title","description":"MindFB.com uses \u201ccookies\u201d to store personal data on your computer. We may also link information stored on your computer in cookies with personal data about specific individuals stored on our servers. If you set up your Web browser (for example, Internet Explorer or Firefox) so that cookies are not allowed, you might not be able to use some or all of the features of our Web site(s).","keywords":[{"label":"privacy policy","value":"privacy policy"},{"label":"mindful framing","value":"mindful framing"},{"label":"mindful","value":"mindful"},{"label":"mindfulness book","value":"mindfulness book"},{"label":"mindfulness article","value":"mindfulness article"}],"keyphrases":null,"primary_term":null,"canonical_url":null,"og_title":null,"og_description":null,"og_object_type":"default","og_image_type":"default","og_image_url":null,"og_image_width":null,"og_image_height":null,"og_image_custom_url":null,"og_image_custom_fields":null,"og_video":null,"og_custom_url":null,"og_article_section":null,"og_article_tags":null,"twitter_use_og":false,"twitter_card":"default","twitter_image_type":"default","twitter_image_url":null,"twitter_image_custom_url":null,"twitter_image_custom_fields":null,"twitter_title":null,"twitter_description":null,"schema":{"blockGraphs":[],"customGraphs":[],"default":{"data":{"Article":[],"Course":[],"Dataset":[],"FAQPage":[],"Movie":[],"Person":[],"Product":[],"ProductReview":[],"Car":[],"Recipe":[],"Service":[],"SoftwareApplication":[],"WebPage":[]},"graphName":"","isEnabled":true},"graphs":[],"defaultGraph":"","defaultPostTypeGraph":""},"schema_type":null,"schema_type_options":null,"pillar_content":false,"robots_default":true,"robots_noindex":false,"robots_noarchive":false,"robots_nosnippet":false,"robots_nofollow":false,"robots_noimageindex":false,"robots_noodp":false,"robots_notranslate":false,"robots_max_snippet":null,"robots_max_videopreview":null,"robots_max_imagepreview":"large","priority":null,"frequency":null,"local_seo":null,"seo_analyzer_scan_date":"2025-10-09 00:58:59","breadcrumb_settings":null,"limit_modified_date":false,"open_ai":null,"ai":null,"created":"2021-01-11 13:45:09","updated":"2025-10-09 00:58:59"},"aioseo_breadcrumb":"<div class=\"aioseo-breadcrumbs\"><span class=\"aioseo-breadcrumb\">\n\t<a href=\"https:\/\/mindfb.com\/es\" title=\"Home\">Home<\/a>\n<\/span><span class=\"aioseo-breadcrumb-separator\">&raquo;<\/span><span class=\"aioseo-breadcrumb\">\n\tTu privacidad\n<\/span><\/div>","aioseo_breadcrumb_json":[{"label":"Home","link":"https:\/\/mindfb.com\/es"},{"label":"Tu privacidad","link":"https:\/\/mindfb.com\/es\/privacy-policy"}],"jetpack_sharing_enabled":true,"jetpack_shortlink":"https:\/\/wp.me\/P9HfYW-js","jetpack_likes_enabled":true,"jetpack-related-posts":[],"_links":{"self":[{"href":"https:\/\/mindfb.com\/es\/wp-json\/wp\/v2\/pages\/1206","targetHints":{"allow":["GET"]}}],"collection":[{"href":"https:\/\/mindfb.com\/es\/wp-json\/wp\/v2\/pages"}],"about":[{"href":"https:\/\/mindfb.com\/es\/wp-json\/wp\/v2\/types\/page"}],"author":[{"embeddable":true,"href":"https:\/\/mindfb.com\/es\/wp-json\/wp\/v2\/users\/1"}],"replies":[{"embeddable":true,"href":"https:\/\/mindfb.com\/es\/wp-json\/wp\/v2\/comments?post=1206"}],"version-history":[{"count":0,"href":"https:\/\/mindfb.com\/es\/wp-json\/wp\/v2\/pages\/1206\/revisions"}],"wp:attachment":[{"href":"https:\/\/mindfb.com\/es\/wp-json\/wp\/v2\/media?parent=1206"}],"curies":[{"name":"wp","href":"https:\/\/api.w.org\/{rel}","templated":true}]}}