{"id":1209,"date":"2018-02-27T15:40:55","date_gmt":"2018-02-27T15:40:55","guid":{"rendered":"http:\/\/mindfb.com?page_id=1209"},"modified":"2018-03-17T22:42:22","modified_gmt":"2018-03-17T22:42:22","slug":"thank-you-section","status":"publish","type":"page","link":"https:\/\/mindfb.com\/es\/thank-you-section","title":{"rendered":"Te doy CONSEJOS PR\u00c1CTICOS"},"content":{"rendered":"<p>La \u00faltima secci\u00f3n proporciona consejos pr\u00e1cticos para implementar las ense\u00f1anzas clave del libro:<\/p>\n<p>C\u00f3mo practicar autorreflexi\u00f3n<\/p>\n<p>C\u00f3mo encontrar tiempo para la reflexi\u00f3n<\/p>\n<p>C\u00f3mo establecer H\u00e1bitos, Rutinas y Rituales<\/p>\n<p>C\u00f3mo pasar tiempo de calidad contigo mismo<\/p>\n<p>C\u00f3mo comprender, observar y controlar tu mente<\/p>\n<p>C\u00f3mo vivir el estilo de vida\u00a0NEO Chi Lifestyle<\/p>\n","protected":false},"excerpt":{"rendered":"<p>La \u00faltima secci\u00f3n proporciona consejos pr\u00e1cticos para implementar las ense\u00f1anzas clave del libro: C\u00f3mo practicar autorreflexi\u00f3n C\u00f3mo encontrar tiempo para la reflexi\u00f3n C\u00f3mo establecer H\u00e1bitos, Rutinas y Rituales C\u00f3mo pasar [&hellip;]<\/p>\n","protected":false},"author":1,"featured_media":1256,"parent":0,"menu_order":0,"comment_status":"closed","ping_status":"closed","template":"","meta":{"_exactmetrics_skip_tracking":false,"_exactmetrics_sitenote_active":false,"_exactmetrics_sitenote_note":"","_exactmetrics_sitenote_category":0,"_monsterinsights_skip_tracking":false,"_monsterinsights_sitenote_active":false,"_monsterinsights_sitenote_note":"","_monsterinsights_sitenote_category":0,"_genesis_hide_title":false,"_genesis_hide_breadcrumbs":false,"_genesis_hide_singular_image":false,"_genesis_hide_footer_widgets":false,"_genesis_custom_body_class":"","_genesis_custom_post_class":"","_genesis_layout":"","ngg_post_thumbnail":0,"jetpack_post_was_ever_published":false,"footnotes":""},"class_list":["post-1209","page","type-page","status-publish","has-post-thumbnail","entry"],"aioseo_notices":[],"aioseo_head":"\n\t\t<!-- All in One SEO Pro 4.9.6.2 - aioseo.com -->\n\t<meta name=\"description\" content=\"The final section of the book provides practical suggestions to implement the key teachings of the book: Practicing Mindful Framing Finding Time for Reflection Establishing Habits, Routines, and Rituals Spending Quality Time with Yourself Understanding, Observing, and Controlling your Mind Living the NEO Chi Lifestyle\" \/>\n\t<meta name=\"robots\" content=\"max-image-preview:large\" \/>\n\t<meta name=\"google-site-verification\" content=\"R3p8qoxnKDD2ey8UfFcI0032TE8RtguDzPd_6rx-yVo\" \/>\n\t<meta name=\"msvalidate.01\" content=\"C2613C93A35D5FFAA26B4CCBC4D61E15\" \/>\n\t<meta name=\"keywords\" content=\"practicing mindful framing,mind living,neo chi lifestyle,spending quality time with yourself,understanding,meditation time\" \/>\n\t<link rel=\"canonical\" href=\"https:\/\/mindfb.com\/es\/thank-you-section\" \/>\n\t<meta name=\"generator\" content=\"All in One SEO Pro (AIOSEO) 4.9.6.2\" \/>\n\t\t<script type=\"application\/ld+json\" class=\"aioseo-schema\">\n\t\t\t{\"@context\":\"https:\\\/\\\/schema.org\",\"@graph\":[{\"@type\":\"BreadcrumbList\",\"@id\":\"https:\\\/\\\/mindfb.com\\\/es\\\/thank-you-section#breadcrumblist\",\"itemListElement\":[{\"@type\":\"ListItem\",\"@id\":\"https:\\\/\\\/mindfb.com\\\/es#listItem\",\"position\":1,\"name\":\"Home\",\"item\":\"https:\\\/\\\/mindfb.com\\\/es\",\"nextItem\":{\"@type\":\"ListItem\",\"@id\":\"https:\\\/\\\/mindfb.com\\\/es\\\/thank-you-section#listItem\",\"name\":\"Te doy CONSEJOS PR\\u00c1CTICOS\"}},{\"@type\":\"ListItem\",\"@id\":\"https:\\\/\\\/mindfb.com\\\/es\\\/thank-you-section#listItem\",\"position\":2,\"name\":\"Te doy CONSEJOS PR\\u00c1CTICOS\",\"previousItem\":{\"@type\":\"ListItem\",\"@id\":\"https:\\\/\\\/mindfb.com\\\/es#listItem\",\"name\":\"Home\"}}]},{\"@type\":\"Organization\",\"@id\":\"https:\\\/\\\/mindfb.com\\\/es\\\/#organization\",\"name\":\"Mindful Framing\",\"description\":\"Transform Your Anxiety into Vital Energy\",\"url\":\"https:\\\/\\\/mindfb.com\\\/es\\\/\",\"logo\":{\"@type\":\"ImageObject\",\"url\":\"https:\\\/\\\/i0.wp.com\\\/mindfb.com\\\/wp-content\\\/uploads\\\/2023\\\/02\\\/cropped-mindfulframing_logo.png?fit=640%2C269&ssl=1\",\"@id\":\"https:\\\/\\\/mindfb.com\\\/es\\\/thank-you-section\\\/#organizationLogo\",\"width\":640,\"height\":269},\"image\":{\"@id\":\"https:\\\/\\\/mindfb.com\\\/es\\\/thank-you-section\\\/#organizationLogo\"},\"sameAs\":[\"https:\\\/\\\/www.facebook.com\\\/neochiorg\\\/\",\"https:\\\/\\\/twitter.com\\\/neochiorg\",\"https:\\\/\\\/www.instagram.com\\\/neochiorg\\\/\",\"https:\\\/\\\/hu.pinterest.com\\\/oscarsegurado\\\/\"]},{\"@type\":\"WebPage\",\"@id\":\"https:\\\/\\\/mindfb.com\\\/es\\\/thank-you-section#webpage\",\"url\":\"https:\\\/\\\/mindfb.com\\\/es\\\/thank-you-section\",\"name\":\"THANK YOU section | MINDFUL FRAMING PRACTICE | Mindful Framing\",\"description\":\"The final section of the book provides practical suggestions to implement the key teachings of the book: Practicing Mindful Framing Finding Time for Reflection Establishing Habits, Routines, and Rituals Spending Quality Time with Yourself Understanding, Observing, and Controlling your Mind Living the NEO Chi Lifestyle\",\"inLanguage\":\"es-ES\",\"isPartOf\":{\"@id\":\"https:\\\/\\\/mindfb.com\\\/es\\\/#website\"},\"breadcrumb\":{\"@id\":\"https:\\\/\\\/mindfb.com\\\/es\\\/thank-you-section#breadcrumblist\"},\"image\":{\"@type\":\"ImageObject\",\"url\":\"https:\\\/\\\/i0.wp.com\\\/mindfb.com\\\/wp-content\\\/uploads\\\/2018\\\/02\\\/section2.png?fit=500%2C500&ssl=1\",\"@id\":\"https:\\\/\\\/mindfb.com\\\/es\\\/thank-you-section\\\/#mainImage\",\"width\":500,\"height\":500,\"caption\":\"THANK YOU section\"},\"primaryImageOfPage\":{\"@id\":\"https:\\\/\\\/mindfb.com\\\/es\\\/thank-you-section#mainImage\"},\"datePublished\":\"2018-02-27T15:40:55-08:00\",\"dateModified\":\"2018-03-17T22:42:22-07:00\"},{\"@type\":\"WebSite\",\"@id\":\"https:\\\/\\\/mindfb.com\\\/es\\\/#website\",\"url\":\"https:\\\/\\\/mindfb.com\\\/es\\\/\",\"name\":\"Mindful Framing\",\"description\":\"Transform Your Anxiety into Vital Energy\",\"inLanguage\":\"es-ES\",\"publisher\":{\"@id\":\"https:\\\/\\\/mindfb.com\\\/es\\\/#organization\"}}]}\n\t\t<\/script>\n\t\t<!-- All in One SEO Pro -->\r\n\t\t<title>THANK YOU section | MINDFUL FRAMING PRACTICE | Mindful Framing<\/title>\n\n","aioseo_head_json":{"title":"THANK YOU section | MINDFUL FRAMING PRACTICE | Mindful Framing","description":"The final section of the book provides practical suggestions to implement the key teachings of the book: Practicing Mindful Framing Finding Time for Reflection Establishing Habits, Routines, and Rituals Spending Quality Time with Yourself Understanding, Observing, and Controlling your Mind Living the NEO Chi Lifestyle","canonical_url":"https:\/\/mindfb.com\/es\/thank-you-section","robots":"max-image-preview:large","keywords":"practicing mindful framing,mind living,neo chi lifestyle,spending quality time with yourself,understanding,meditation time","webmasterTools":{"google-site-verification":"R3p8qoxnKDD2ey8UfFcI0032TE8RtguDzPd_6rx-yVo","msvalidate.01":"C2613C93A35D5FFAA26B4CCBC4D61E15","miscellaneous":""},"schema":{"@context":"https:\/\/schema.org","@graph":[{"@type":"BreadcrumbList","@id":"https:\/\/mindfb.com\/es\/thank-you-section#breadcrumblist","itemListElement":[{"@type":"ListItem","@id":"https:\/\/mindfb.com\/es#listItem","position":1,"name":"Home","item":"https:\/\/mindfb.com\/es","nextItem":{"@type":"ListItem","@id":"https:\/\/mindfb.com\/es\/thank-you-section#listItem","name":"Te doy CONSEJOS PR\u00c1CTICOS"}},{"@type":"ListItem","@id":"https:\/\/mindfb.com\/es\/thank-you-section#listItem","position":2,"name":"Te doy CONSEJOS PR\u00c1CTICOS","previousItem":{"@type":"ListItem","@id":"https:\/\/mindfb.com\/es#listItem","name":"Home"}}]},{"@type":"Organization","@id":"https:\/\/mindfb.com\/es\/#organization","name":"Mindful Framing","description":"Transform Your Anxiety into Vital Energy","url":"https:\/\/mindfb.com\/es\/","logo":{"@type":"ImageObject","url":"https:\/\/i0.wp.com\/mindfb.com\/wp-content\/uploads\/2023\/02\/cropped-mindfulframing_logo.png?fit=640%2C269&ssl=1","@id":"https:\/\/mindfb.com\/es\/thank-you-section\/#organizationLogo","width":640,"height":269},"image":{"@id":"https:\/\/mindfb.com\/es\/thank-you-section\/#organizationLogo"},"sameAs":["https:\/\/www.facebook.com\/neochiorg\/","https:\/\/twitter.com\/neochiorg","https:\/\/www.instagram.com\/neochiorg\/","https:\/\/hu.pinterest.com\/oscarsegurado\/"]},{"@type":"WebPage","@id":"https:\/\/mindfb.com\/es\/thank-you-section#webpage","url":"https:\/\/mindfb.com\/es\/thank-you-section","name":"THANK YOU section | MINDFUL FRAMING PRACTICE | Mindful Framing","description":"The final section of the book provides practical suggestions to implement the key teachings of the book: Practicing Mindful Framing Finding Time for Reflection Establishing Habits, Routines, and Rituals Spending Quality Time with Yourself Understanding, Observing, and Controlling your Mind Living the NEO Chi Lifestyle","inLanguage":"es-ES","isPartOf":{"@id":"https:\/\/mindfb.com\/es\/#website"},"breadcrumb":{"@id":"https:\/\/mindfb.com\/es\/thank-you-section#breadcrumblist"},"image":{"@type":"ImageObject","url":"https:\/\/i0.wp.com\/mindfb.com\/wp-content\/uploads\/2018\/02\/section2.png?fit=500%2C500&ssl=1","@id":"https:\/\/mindfb.com\/es\/thank-you-section\/#mainImage","width":500,"height":500,"caption":"THANK YOU section"},"primaryImageOfPage":{"@id":"https:\/\/mindfb.com\/es\/thank-you-section#mainImage"},"datePublished":"2018-02-27T15:40:55-08:00","dateModified":"2018-03-17T22:42:22-07:00"},{"@type":"WebSite","@id":"https:\/\/mindfb.com\/es\/#website","url":"https:\/\/mindfb.com\/es\/","name":"Mindful Framing","description":"Transform Your Anxiety into Vital Energy","inLanguage":"es-ES","publisher":{"@id":"https:\/\/mindfb.com\/es\/#organization"}}]}},"aioseo_meta_data":{"post_id":"1209","title":"THANK YOU section | MINDFUL FRAMING PRACTICE | #site_title","description":"The final section of the book provides practical suggestions to implement the key teachings of the book: Practicing Mindful Framing Finding Time for Reflection Establishing Habits, Routines, and Rituals Spending Quality Time with Yourself Understanding, Observing,\u00a0and Controlling your Mind Living the NEO Chi Lifestyle","keywords":[{"label":"Practicing Mindful Framing","value":"Practicing Mindful Framing"},{"label":"Mind Living","value":"Mind Living"},{"label":"NEO Chi Lifestyle","value":"NEO Chi Lifestyle"},{"label":"Spending Quality Time with Yourself","value":"Spending Quality Time with Yourself"},{"label":"Understanding","value":"Understanding"},{"label":"Practicing Mindful Framing","value":"Practicing Mindful Framing"},{"label":"meditation time","value":"meditation time"}],"keyphrases":null,"primary_term":null,"canonical_url":null,"og_title":null,"og_description":null,"og_object_type":"default","og_image_type":"default","og_image_url":null,"og_image_width":null,"og_image_height":null,"og_image_custom_url":null,"og_image_custom_fields":null,"og_video":null,"og_custom_url":null,"og_article_section":null,"og_article_tags":null,"twitter_use_og":false,"twitter_card":"default","twitter_image_type":"default","twitter_image_url":null,"twitter_image_custom_url":null,"twitter_image_custom_fields":null,"twitter_title":null,"twitter_description":null,"schema":{"blockGraphs":[],"customGraphs":[],"default":{"data":{"Article":[],"Course":[],"Dataset":[],"FAQPage":[],"Movie":[],"Person":[],"Product":[],"ProductReview":[],"Car":[],"Recipe":[],"Service":[],"SoftwareApplication":[],"WebPage":[]},"graphName":"","isEnabled":true},"graphs":[],"defaultGraph":"","defaultPostTypeGraph":""},"schema_type":null,"schema_type_options":null,"pillar_content":false,"robots_default":true,"robots_noindex":false,"robots_noarchive":false,"robots_nosnippet":false,"robots_nofollow":false,"robots_noimageindex":false,"robots_noodp":false,"robots_notranslate":false,"robots_max_snippet":null,"robots_max_videopreview":null,"robots_max_imagepreview":"large","priority":null,"frequency":null,"local_seo":null,"seo_analyzer_scan_date":"2025-10-09 00:59:01","breadcrumb_settings":null,"limit_modified_date":false,"open_ai":null,"ai":null,"created":"2021-01-11 13:45:09","updated":"2025-10-09 00:59:01"},"aioseo_breadcrumb":"<div class=\"aioseo-breadcrumbs\"><span class=\"aioseo-breadcrumb\">\n\t<a href=\"https:\/\/mindfb.com\/es\" title=\"Home\">Home<\/a>\n<\/span><span class=\"aioseo-breadcrumb-separator\">&raquo;<\/span><span class=\"aioseo-breadcrumb\">\n\tTe doy CONSEJOS PR\u00c1CTICOS\n<\/span><\/div>","aioseo_breadcrumb_json":[{"label":"Home","link":"https:\/\/mindfb.com\/es"},{"label":"Te doy CONSEJOS PR\u00c1CTICOS","link":"https:\/\/mindfb.com\/es\/thank-you-section"}],"jetpack_sharing_enabled":true,"jetpack_shortlink":"https:\/\/wp.me\/P9HfYW-jv","jetpack_likes_enabled":true,"jetpack-related-posts":[],"_links":{"self":[{"href":"https:\/\/mindfb.com\/es\/wp-json\/wp\/v2\/pages\/1209","targetHints":{"allow":["GET"]}}],"collection":[{"href":"https:\/\/mindfb.com\/es\/wp-json\/wp\/v2\/pages"}],"about":[{"href":"https:\/\/mindfb.com\/es\/wp-json\/wp\/v2\/types\/page"}],"author":[{"embeddable":true,"href":"https:\/\/mindfb.com\/es\/wp-json\/wp\/v2\/users\/1"}],"replies":[{"embeddable":true,"href":"https:\/\/mindfb.com\/es\/wp-json\/wp\/v2\/comments?post=1209"}],"version-history":[{"count":0,"href":"https:\/\/mindfb.com\/es\/wp-json\/wp\/v2\/pages\/1209\/revisions"}],"wp:featuredmedia":[{"embeddable":true,"href":"https:\/\/mindfb.com\/es\/wp-json\/wp\/v2\/media\/1256"}],"wp:attachment":[{"href":"https:\/\/mindfb.com\/es\/wp-json\/wp\/v2\/media?parent=1209"}],"curies":[{"name":"wp","href":"https:\/\/api.w.org\/{rel}","templated":true}]}}