{"id":1212,"date":"2018-02-27T15:41:21","date_gmt":"2018-02-27T15:41:21","guid":{"rendered":"http:\/\/mindfb.com?page_id=1212"},"modified":"2018-03-17T22:59:30","modified_gmt":"2018-03-17T22:59:30","slug":"welcome-section","status":"publish","type":"page","link":"https:\/\/mindfb.com\/es\/welcome-section","title":{"rendered":"Te doy la BIENVENIDA"},"content":{"rendered":"<p>La pr\u00e1ctica de autorreflexi\u00f3n puede transformar tu ansiedad en energ\u00eda vital con s\u00f3lo invertir el 1 por ciento de tu tiempo, 15 minutos al d\u00eda. Una vez que domines esta pr\u00e1ctica diaria, te familiarizar\u00e1s con un nuevo concepto: la conexi\u00f3n naturaleza-mente-cuerpo, una conexi\u00f3n m\u00e1s \u00edntima con la Madre Naturaleza, la armonizaci\u00f3n de tus emociones con las de los que te rodean y un cuerpo m\u00e1s vigoroso.<\/p>\n<p>La autorreflexi\u00f3n consiste en utilizar el &#8216;ojo de tu mente&#8217; para ver im\u00e1genes en secuencia utilizando tu imaginaci\u00f3n. Ser\u00e1s el productor, guionista y director de tu propia pel\u00edcula: una nueva manera de pensar y estilo de vida.<\/p>\n<p>Tu ansiedad y estr\u00e9s se pueden reemplazar por un estado emocional m\u00e1s estable. Para lograr este equilibrio emocional necesitas un cierto esfuerzo, pero no demasiado. Es importante que practiques con intenci\u00f3n, a lo largo de meses o a\u00f1os, y que hagas un esfuerzo por comprender y enfocarte en el funcionamiento de tu mente. Con este libro te estoy transmitiendo todas mis experiencias al desarrollar y practicar la pr\u00e1ctica de autorreflexi\u00f3n, el resultado de intentos exitosos y fallidos para conquistar mi mente.<\/p>\n<p>Al leer este libro, prep\u00e1rate para usar tu imaginaci\u00f3n, con la ayuda del texto y las ilustraciones de este libro, as\u00ed como materiales audiovisuales complementarios gratuitos a los que puede acceder en esta p\u00e1gina web.<\/p>\n<p>&nbsp;<\/p>\n","protected":false},"excerpt":{"rendered":"<p>La pr\u00e1ctica de autorreflexi\u00f3n puede transformar tu ansiedad en energ\u00eda vital con s\u00f3lo invertir el 1 por ciento de tu tiempo, 15 minutos al d\u00eda. Una vez que domines esta [&hellip;]<\/p>\n","protected":false},"author":1,"featured_media":1264,"parent":0,"menu_order":0,"comment_status":"closed","ping_status":"closed","template":"","meta":{"_exactmetrics_skip_tracking":false,"_exactmetrics_sitenote_active":false,"_exactmetrics_sitenote_note":"","_exactmetrics_sitenote_category":0,"_monsterinsights_skip_tracking":false,"_monsterinsights_sitenote_active":false,"_monsterinsights_sitenote_note":"","_monsterinsights_sitenote_category":0,"_genesis_hide_title":false,"_genesis_hide_breadcrumbs":false,"_genesis_hide_singular_image":false,"_genesis_hide_footer_widgets":false,"_genesis_custom_body_class":"","_genesis_custom_post_class":"","_genesis_layout":"content-sidebar","ngg_post_thumbnail":0,"jetpack_post_was_ever_published":false,"footnotes":""},"class_list":["post-1212","page","type-page","status-publish","has-post-thumbnail","entry"],"aioseo_notices":[],"aioseo_head":"\n\t\t<!-- All in One SEO Pro 4.9.5.2 - aioseo.com -->\n\t<meta name=\"description\" content=\"Mindful framing is a self-reflection practice to transform your anxiety into vital energy by investing just 1 percent of your time, 15 minutes per day. Once you master this daily practice, you will become familiar with a new concept: the nature\u2212mind\u2212body connection, a more intimate connection with Mother Nature.\" \/>\n\t<meta name=\"robots\" content=\"max-image-preview:large\" \/>\n\t<meta name=\"google-site-verification\" content=\"R3p8qoxnKDD2ey8UfFcI0032TE8RtguDzPd_6rx-yVo\" \/>\n\t<meta name=\"msvalidate.01\" content=\"C2613C93A35D5FFAA26B4CCBC4D61E15\" \/>\n\t<meta name=\"keywords\" content=\"self-reflection practice,anxiety,vital energy,daily practice,body and mind mother nature,mother earth\" \/>\n\t<link rel=\"canonical\" href=\"https:\/\/mindfb.com\/es\/welcome-section\" \/>\n\t<meta name=\"generator\" content=\"All in One SEO Pro (AIOSEO) 4.9.5.2\" \/>\n\t\t<script type=\"application\/ld+json\" class=\"aioseo-schema\">\n\t\t\t{\"@context\":\"https:\\\/\\\/schema.org\",\"@graph\":[{\"@type\":\"BreadcrumbList\",\"@id\":\"https:\\\/\\\/mindfb.com\\\/es\\\/welcome-section#breadcrumblist\",\"itemListElement\":[{\"@type\":\"ListItem\",\"@id\":\"https:\\\/\\\/mindfb.com\\\/es#listItem\",\"position\":1,\"name\":\"Home\",\"item\":\"https:\\\/\\\/mindfb.com\\\/es\",\"nextItem\":{\"@type\":\"ListItem\",\"@id\":\"https:\\\/\\\/mindfb.com\\\/es\\\/welcome-section#listItem\",\"name\":\"Te doy la BIENVENIDA\"}},{\"@type\":\"ListItem\",\"@id\":\"https:\\\/\\\/mindfb.com\\\/es\\\/welcome-section#listItem\",\"position\":2,\"name\":\"Te doy la BIENVENIDA\",\"previousItem\":{\"@type\":\"ListItem\",\"@id\":\"https:\\\/\\\/mindfb.com\\\/es#listItem\",\"name\":\"Home\"}}]},{\"@type\":\"Organization\",\"@id\":\"https:\\\/\\\/mindfb.com\\\/es\\\/#organization\",\"name\":\"Mindful Framing\",\"description\":\"Transform Your Anxiety into Vital Energy\",\"url\":\"https:\\\/\\\/mindfb.com\\\/es\\\/\",\"logo\":{\"@type\":\"ImageObject\",\"url\":\"https:\\\/\\\/i0.wp.com\\\/mindfb.com\\\/wp-content\\\/uploads\\\/2023\\\/02\\\/cropped-mindfulframing_logo.png?fit=640%2C269&ssl=1\",\"@id\":\"https:\\\/\\\/mindfb.com\\\/es\\\/welcome-section\\\/#organizationLogo\",\"width\":640,\"height\":269},\"image\":{\"@id\":\"https:\\\/\\\/mindfb.com\\\/es\\\/welcome-section\\\/#organizationLogo\"},\"sameAs\":[\"https:\\\/\\\/www.facebook.com\\\/neochiorg\\\/\",\"https:\\\/\\\/twitter.com\\\/neochiorg\",\"https:\\\/\\\/www.instagram.com\\\/neochiorg\\\/\",\"https:\\\/\\\/hu.pinterest.com\\\/oscarsegurado\\\/\"]},{\"@type\":\"WebPage\",\"@id\":\"https:\\\/\\\/mindfb.com\\\/es\\\/welcome-section#webpage\",\"url\":\"https:\\\/\\\/mindfb.com\\\/es\\\/welcome-section\",\"name\":\"MINDFUL FRAMING - WELCOME section: Mindful meditation, self-reflection practice | Mindful Framing\",\"description\":\"Mindful framing is a self-reflection practice to transform your anxiety into vital energy by investing just 1 percent of your time, 15 minutes per day. Once you master this daily practice, you will become familiar with a new concept: the nature\\u2212mind\\u2212body connection, a more intimate connection with Mother Nature.\",\"inLanguage\":\"es-ES\",\"isPartOf\":{\"@id\":\"https:\\\/\\\/mindfb.com\\\/es\\\/#website\"},\"breadcrumb\":{\"@id\":\"https:\\\/\\\/mindfb.com\\\/es\\\/welcome-section#breadcrumblist\"},\"image\":{\"@type\":\"ImageObject\",\"url\":\"https:\\\/\\\/i0.wp.com\\\/mindfb.com\\\/wp-content\\\/uploads\\\/2018\\\/02\\\/welcome-1.png?fit=500%2C500&ssl=1\",\"@id\":\"https:\\\/\\\/mindfb.com\\\/es\\\/welcome-section\\\/#mainImage\",\"width\":500,\"height\":500,\"caption\":\"welcome section - mindful framing\"},\"primaryImageOfPage\":{\"@id\":\"https:\\\/\\\/mindfb.com\\\/es\\\/welcome-section#mainImage\"},\"datePublished\":\"2018-02-27T15:41:21-08:00\",\"dateModified\":\"2018-03-17T22:59:30-07:00\"},{\"@type\":\"WebSite\",\"@id\":\"https:\\\/\\\/mindfb.com\\\/es\\\/#website\",\"url\":\"https:\\\/\\\/mindfb.com\\\/es\\\/\",\"name\":\"Mindful Framing\",\"description\":\"Transform Your Anxiety into Vital Energy\",\"inLanguage\":\"es-ES\",\"publisher\":{\"@id\":\"https:\\\/\\\/mindfb.com\\\/es\\\/#organization\"}}]}\n\t\t<\/script>\n\t\t<!-- All in One SEO Pro -->\r\n\t\t<title>MINDFUL FRAMING - WELCOME section: Mindful meditation, self-reflection practice | Mindful Framing<\/title>\n\n","aioseo_head_json":{"title":"MINDFUL FRAMING - WELCOME section: Mindful meditation, self-reflection practice | Mindful Framing","description":"Mindful framing is a self-reflection practice to transform your anxiety into vital energy by investing just 1 percent of your time, 15 minutes per day. Once you master this daily practice, you will become familiar with a new concept: the nature\u2212mind\u2212body connection, a more intimate connection with Mother Nature.","canonical_url":"https:\/\/mindfb.com\/es\/welcome-section","robots":"max-image-preview:large","keywords":"self-reflection practice,anxiety,vital energy,daily practice,body and mind mother nature,mother earth","webmasterTools":{"google-site-verification":"R3p8qoxnKDD2ey8UfFcI0032TE8RtguDzPd_6rx-yVo","msvalidate.01":"C2613C93A35D5FFAA26B4CCBC4D61E15","miscellaneous":""},"schema":{"@context":"https:\/\/schema.org","@graph":[{"@type":"BreadcrumbList","@id":"https:\/\/mindfb.com\/es\/welcome-section#breadcrumblist","itemListElement":[{"@type":"ListItem","@id":"https:\/\/mindfb.com\/es#listItem","position":1,"name":"Home","item":"https:\/\/mindfb.com\/es","nextItem":{"@type":"ListItem","@id":"https:\/\/mindfb.com\/es\/welcome-section#listItem","name":"Te doy la BIENVENIDA"}},{"@type":"ListItem","@id":"https:\/\/mindfb.com\/es\/welcome-section#listItem","position":2,"name":"Te doy la BIENVENIDA","previousItem":{"@type":"ListItem","@id":"https:\/\/mindfb.com\/es#listItem","name":"Home"}}]},{"@type":"Organization","@id":"https:\/\/mindfb.com\/es\/#organization","name":"Mindful Framing","description":"Transform Your Anxiety into Vital Energy","url":"https:\/\/mindfb.com\/es\/","logo":{"@type":"ImageObject","url":"https:\/\/i0.wp.com\/mindfb.com\/wp-content\/uploads\/2023\/02\/cropped-mindfulframing_logo.png?fit=640%2C269&ssl=1","@id":"https:\/\/mindfb.com\/es\/welcome-section\/#organizationLogo","width":640,"height":269},"image":{"@id":"https:\/\/mindfb.com\/es\/welcome-section\/#organizationLogo"},"sameAs":["https:\/\/www.facebook.com\/neochiorg\/","https:\/\/twitter.com\/neochiorg","https:\/\/www.instagram.com\/neochiorg\/","https:\/\/hu.pinterest.com\/oscarsegurado\/"]},{"@type":"WebPage","@id":"https:\/\/mindfb.com\/es\/welcome-section#webpage","url":"https:\/\/mindfb.com\/es\/welcome-section","name":"MINDFUL FRAMING - WELCOME section: Mindful meditation, self-reflection practice | Mindful Framing","description":"Mindful framing is a self-reflection practice to transform your anxiety into vital energy by investing just 1 percent of your time, 15 minutes per day. Once you master this daily practice, you will become familiar with a new concept: the nature\u2212mind\u2212body connection, a more intimate connection with Mother Nature.","inLanguage":"es-ES","isPartOf":{"@id":"https:\/\/mindfb.com\/es\/#website"},"breadcrumb":{"@id":"https:\/\/mindfb.com\/es\/welcome-section#breadcrumblist"},"image":{"@type":"ImageObject","url":"https:\/\/i0.wp.com\/mindfb.com\/wp-content\/uploads\/2018\/02\/welcome-1.png?fit=500%2C500&ssl=1","@id":"https:\/\/mindfb.com\/es\/welcome-section\/#mainImage","width":500,"height":500,"caption":"welcome section - mindful framing"},"primaryImageOfPage":{"@id":"https:\/\/mindfb.com\/es\/welcome-section#mainImage"},"datePublished":"2018-02-27T15:41:21-08:00","dateModified":"2018-03-17T22:59:30-07:00"},{"@type":"WebSite","@id":"https:\/\/mindfb.com\/es\/#website","url":"https:\/\/mindfb.com\/es\/","name":"Mindful Framing","description":"Transform Your Anxiety into Vital Energy","inLanguage":"es-ES","publisher":{"@id":"https:\/\/mindfb.com\/es\/#organization"}}]}},"aioseo_meta_data":{"post_id":"1212","title":"MINDFUL FRAMING - WELCOME section: Mindful meditation, self-reflection practice | #site_title","description":"Mindful framing is a self-reflection practice to transform your anxiety into vital energy by investing just 1 percent of your time, 15 minutes per day. Once you master this daily practice, you will become familiar with a new concept: the nature\u2212mind\u2212body connection, a more intimate connection with Mother Nature.","keywords":[{"label":"self-reflection practice","value":"self-reflection practice"},{"label":"anxiety","value":"anxiety"},{"label":"vital energy","value":"vital energy"},{"label":"daily practice","value":"daily practice"},{"label":"body and mind Mother Nature","value":"body and mind Mother Nature"},{"label":"Mother Earth","value":"Mother Earth"}],"keyphrases":null,"primary_term":null,"canonical_url":null,"og_title":null,"og_description":null,"og_object_type":"default","og_image_type":"default","og_image_url":null,"og_image_width":null,"og_image_height":null,"og_image_custom_url":null,"og_image_custom_fields":null,"og_video":null,"og_custom_url":null,"og_article_section":null,"og_article_tags":null,"twitter_use_og":false,"twitter_card":"default","twitter_image_type":"default","twitter_image_url":null,"twitter_image_custom_url":null,"twitter_image_custom_fields":null,"twitter_title":null,"twitter_description":null,"schema":{"blockGraphs":[],"customGraphs":[],"default":{"data":{"Article":[],"Course":[],"Dataset":[],"FAQPage":[],"Movie":[],"Person":[],"Product":[],"ProductReview":[],"Car":[],"Recipe":[],"Service":[],"SoftwareApplication":[],"WebPage":[]},"graphName":"","isEnabled":true},"graphs":[],"defaultGraph":"","defaultPostTypeGraph":""},"schema_type":null,"schema_type_options":null,"pillar_content":false,"robots_default":true,"robots_noindex":false,"robots_noarchive":false,"robots_nosnippet":false,"robots_nofollow":false,"robots_noimageindex":false,"robots_noodp":false,"robots_notranslate":false,"robots_max_snippet":null,"robots_max_videopreview":null,"robots_max_imagepreview":"large","priority":null,"frequency":null,"local_seo":null,"seo_analyzer_scan_date":"2025-10-09 00:59:03","breadcrumb_settings":null,"limit_modified_date":false,"open_ai":null,"ai":null,"created":"2021-01-11 13:45:09","updated":"2025-10-09 00:59:03"},"aioseo_breadcrumb":"<div class=\"aioseo-breadcrumbs\"><span class=\"aioseo-breadcrumb\">\n\t<a href=\"https:\/\/mindfb.com\/es\" title=\"Home\">Home<\/a>\n<\/span><span class=\"aioseo-breadcrumb-separator\">&raquo;<\/span><span class=\"aioseo-breadcrumb\">\n\tTe doy la BIENVENIDA\n<\/span><\/div>","aioseo_breadcrumb_json":[{"label":"Home","link":"https:\/\/mindfb.com\/es"},{"label":"Te doy la BIENVENIDA","link":"https:\/\/mindfb.com\/es\/welcome-section"}],"jetpack_sharing_enabled":true,"jetpack_shortlink":"https:\/\/wp.me\/P9HfYW-jy","jetpack_likes_enabled":true,"jetpack-related-posts":[],"_links":{"self":[{"href":"https:\/\/mindfb.com\/es\/wp-json\/wp\/v2\/pages\/1212","targetHints":{"allow":["GET"]}}],"collection":[{"href":"https:\/\/mindfb.com\/es\/wp-json\/wp\/v2\/pages"}],"about":[{"href":"https:\/\/mindfb.com\/es\/wp-json\/wp\/v2\/types\/page"}],"author":[{"embeddable":true,"href":"https:\/\/mindfb.com\/es\/wp-json\/wp\/v2\/users\/1"}],"replies":[{"embeddable":true,"href":"https:\/\/mindfb.com\/es\/wp-json\/wp\/v2\/comments?post=1212"}],"version-history":[{"count":0,"href":"https:\/\/mindfb.com\/es\/wp-json\/wp\/v2\/pages\/1212\/revisions"}],"wp:featuredmedia":[{"embeddable":true,"href":"https:\/\/mindfb.com\/es\/wp-json\/wp\/v2\/media\/1264"}],"wp:attachment":[{"href":"https:\/\/mindfb.com\/es\/wp-json\/wp\/v2\/media?parent=1212"}],"curies":[{"name":"wp","href":"https:\/\/api.w.org\/{rel}","templated":true}]}}