{"id":1580,"date":"2018-05-01T00:15:43","date_gmt":"2018-05-01T00:15:43","guid":{"rendered":"http:\/\/mindfb.com?page_id=1580"},"modified":"2018-05-01T00:20:55","modified_gmt":"2018-05-01T00:20:55","slug":"testimonios","status":"publish","type":"page","link":"https:\/\/mindfb.com\/es\/testimonios","title":{"rendered":"TESTIMONIOS"},"content":{"rendered":"<blockquote><p>Buscaba un libro que me sirviera de gu\u00eda para manejar un poco mejor mi estr\u00e9s. Realmente me sorprendi\u00f3 cuando empec\u00e9 a leerlo porque su enfoque es muy pr\u00e1ctico y el tono muy ameno, y no es lo que usualmente me encuentro en libros con este tipo de tem\u00e1ticas. El autor utiliza unos recursos muy curiosos e interactivos para que reflexiones sobre lo que te quiere transmitir y eso hace que realmente te quedes con lo importante y luego lo puedas aplicar a tu vida. <em><strong>&#8211; Carol<\/strong><\/em><\/p><\/blockquote>\n<div class=\"entry-content\">\n<div class=\"testimonial_rotator template-longform\">\n<div class=\"testimonial_rotator_single hreview itemreviewed item cf-tr\">\n<div class=\"text testimonial_rotator_description\">\n<blockquote>\n<div class=\"testimonial_rotator_quote\">Magn\u00edfico libro que alienta un despertar a la vida a trav\u00e9s de herramientas que todos tenemos a nuestro alcance. Se trata de un nuevo y sugerente enfoque que te convierte en protagonista activo de tu destino. Muy recomendable su lectura pausada y la aplicaci\u00f3n pr\u00e1ctica de sus sabios consejos.<em><strong> &#8211; Javier Zato<\/strong><\/em><\/div>\n<\/blockquote>\n<\/div>\n<\/div>\n<\/div>\n<\/div>\n<div class=\"entry-content\">\n<div class=\"testimonial_rotator template-longform\">\n<div class=\"testimonial_rotator_single hreview itemreviewed item cf-tr\">\n<div class=\"text testimonial_rotator_description\">\n<div>\n<div class=\"entry-content\">\n<div class=\"testimonial_rotator testimonial_rotator_single template-default hreview itemreviewed item cf-tr\">\n<div class=\"text testimonial_rotator_description\">\n<blockquote>\n<div class=\"testimonial_rotator_quote\">He le\u00eddo el libro con mucho inter\u00e9s y atenci\u00f3n. He descubierto un libro que te ayuda a reconocerte, ser m\u00e1s consciente y protagonista de tu vida. Lo hace de forma sencilla, entendible y pr\u00e1ctica. Ha sido una buena experiencia. <em><strong>-Millan Moran<\/strong><\/em><\/div>\n<\/blockquote>\n<\/div>\n<\/div>\n<\/div>\n<\/div>\n<\/div>\n<\/div>\n<\/div>\n<\/div>\n<div class=\"entry-content\">\n<div class=\"testimonial_rotator template-longform\">\n<div class=\"testimonial_rotator_single hreview itemreviewed item cf-tr\">\n<div class=\"text testimonial_rotator_description\">\n<div>\n<div class=\"entry-content\">\n<div class=\"testimonial_rotator testimonial_rotator_single template-default hreview itemreviewed item cf-tr\">\n<div>\n<blockquote>\n<div class=\"testimonial_rotator_quote\">He descubierto este libro hace poco. Y para m\u00ed se ha convertido ya, en un libro imprescindible y con un m\u00e9todo muy original y sencillo, para la lucha contra el estr\u00e9s para todos los que estamos inmersos en la vor\u00e1gine de la vida actual&#8230; <em><strong>&#8211; Kindle addict<\/strong><\/em><\/div>\n<\/blockquote>\n<\/div>\n<\/div>\n<\/div>\n<\/div>\n<\/div>\n<\/div>\n<\/div>\n<\/div>\n","protected":false},"excerpt":{"rendered":"<p>Buscaba un libro que me sirviera de gu\u00eda para manejar un poco mejor mi estr\u00e9s. Realmente me sorprendi\u00f3 cuando empec\u00e9 a leerlo porque su enfoque es muy pr\u00e1ctico y el [&hellip;]<\/p>\n","protected":false},"author":1,"featured_media":0,"parent":0,"menu_order":0,"comment_status":"closed","ping_status":"closed","template":"","meta":{"_exactmetrics_skip_tracking":false,"_exactmetrics_sitenote_active":false,"_exactmetrics_sitenote_note":"","_exactmetrics_sitenote_category":0,"_monsterinsights_skip_tracking":false,"_monsterinsights_sitenote_active":false,"_monsterinsights_sitenote_note":"","_monsterinsights_sitenote_category":0,"_genesis_hide_title":false,"_genesis_hide_breadcrumbs":false,"_genesis_hide_singular_image":false,"_genesis_hide_footer_widgets":false,"_genesis_custom_body_class":"","_genesis_custom_post_class":"","_genesis_layout":"","ngg_post_thumbnail":0,"jetpack_post_was_ever_published":false,"footnotes":""},"class_list":["post-1580","page","type-page","status-publish","entry"],"aioseo_notices":[],"aioseo_head":"\n\t\t<!-- All in One SEO Pro 4.9.5.2 - aioseo.com -->\n\t<meta name=\"robots\" content=\"max-image-preview:large\" \/>\n\t<meta name=\"google-site-verification\" content=\"R3p8qoxnKDD2ey8UfFcI0032TE8RtguDzPd_6rx-yVo\" \/>\n\t<meta name=\"msvalidate.01\" content=\"C2613C93A35D5FFAA26B4CCBC4D61E15\" \/>\n\t<link rel=\"canonical\" href=\"https:\/\/mindfb.com\/es\/testimonios\" \/>\n\t<meta name=\"generator\" content=\"All in One SEO Pro (AIOSEO) 4.9.5.2\" \/>\n\t\t<script type=\"application\/ld+json\" class=\"aioseo-schema\">\n\t\t\t{\"@context\":\"https:\\\/\\\/schema.org\",\"@graph\":[{\"@type\":\"BreadcrumbList\",\"@id\":\"https:\\\/\\\/mindfb.com\\\/es\\\/testimonios#breadcrumblist\",\"itemListElement\":[{\"@type\":\"ListItem\",\"@id\":\"https:\\\/\\\/mindfb.com\\\/es#listItem\",\"position\":1,\"name\":\"Home\",\"item\":\"https:\\\/\\\/mindfb.com\\\/es\",\"nextItem\":{\"@type\":\"ListItem\",\"@id\":\"https:\\\/\\\/mindfb.com\\\/es\\\/testimonios#listItem\",\"name\":\"TESTIMONIOS\"}},{\"@type\":\"ListItem\",\"@id\":\"https:\\\/\\\/mindfb.com\\\/es\\\/testimonios#listItem\",\"position\":2,\"name\":\"TESTIMONIOS\",\"previousItem\":{\"@type\":\"ListItem\",\"@id\":\"https:\\\/\\\/mindfb.com\\\/es#listItem\",\"name\":\"Home\"}}]},{\"@type\":\"Organization\",\"@id\":\"https:\\\/\\\/mindfb.com\\\/es\\\/#organization\",\"name\":\"Mindful Framing\",\"description\":\"Transform Your Anxiety into Vital Energy\",\"url\":\"https:\\\/\\\/mindfb.com\\\/es\\\/\",\"logo\":{\"@type\":\"ImageObject\",\"url\":\"https:\\\/\\\/i0.wp.com\\\/mindfb.com\\\/wp-content\\\/uploads\\\/2023\\\/02\\\/cropped-mindfulframing_logo.png?fit=640%2C269&ssl=1\",\"@id\":\"https:\\\/\\\/mindfb.com\\\/es\\\/testimonios\\\/#organizationLogo\",\"width\":640,\"height\":269},\"image\":{\"@id\":\"https:\\\/\\\/mindfb.com\\\/es\\\/testimonios\\\/#organizationLogo\"},\"sameAs\":[\"https:\\\/\\\/www.facebook.com\\\/neochiorg\\\/\",\"https:\\\/\\\/twitter.com\\\/neochiorg\",\"https:\\\/\\\/www.instagram.com\\\/neochiorg\\\/\",\"https:\\\/\\\/hu.pinterest.com\\\/oscarsegurado\\\/\"]},{\"@type\":\"WebPage\",\"@id\":\"https:\\\/\\\/mindfb.com\\\/es\\\/testimonios#webpage\",\"url\":\"https:\\\/\\\/mindfb.com\\\/es\\\/testimonios\",\"name\":\"TESTIMONIOS | Mindful Framing\",\"inLanguage\":\"es-ES\",\"isPartOf\":{\"@id\":\"https:\\\/\\\/mindfb.com\\\/es\\\/#website\"},\"breadcrumb\":{\"@id\":\"https:\\\/\\\/mindfb.com\\\/es\\\/testimonios#breadcrumblist\"},\"datePublished\":\"2018-05-01T00:15:43-07:00\",\"dateModified\":\"2018-05-01T00:20:55-07:00\"},{\"@type\":\"WebSite\",\"@id\":\"https:\\\/\\\/mindfb.com\\\/es\\\/#website\",\"url\":\"https:\\\/\\\/mindfb.com\\\/es\\\/\",\"name\":\"Mindful Framing\",\"description\":\"Transform Your Anxiety into Vital Energy\",\"inLanguage\":\"es-ES\",\"publisher\":{\"@id\":\"https:\\\/\\\/mindfb.com\\\/es\\\/#organization\"}}]}\n\t\t<\/script>\n\t\t<!-- All in One SEO Pro -->\r\n\t\t<title>TESTIMONIOS | Mindful Framing<\/title>\n\n","aioseo_head_json":{"title":"TESTIMONIOS | Mindful Framing","description":"","canonical_url":"https:\/\/mindfb.com\/es\/testimonios","robots":"max-image-preview:large","keywords":"","webmasterTools":{"google-site-verification":"R3p8qoxnKDD2ey8UfFcI0032TE8RtguDzPd_6rx-yVo","msvalidate.01":"C2613C93A35D5FFAA26B4CCBC4D61E15","miscellaneous":""},"schema":{"@context":"https:\/\/schema.org","@graph":[{"@type":"BreadcrumbList","@id":"https:\/\/mindfb.com\/es\/testimonios#breadcrumblist","itemListElement":[{"@type":"ListItem","@id":"https:\/\/mindfb.com\/es#listItem","position":1,"name":"Home","item":"https:\/\/mindfb.com\/es","nextItem":{"@type":"ListItem","@id":"https:\/\/mindfb.com\/es\/testimonios#listItem","name":"TESTIMONIOS"}},{"@type":"ListItem","@id":"https:\/\/mindfb.com\/es\/testimonios#listItem","position":2,"name":"TESTIMONIOS","previousItem":{"@type":"ListItem","@id":"https:\/\/mindfb.com\/es#listItem","name":"Home"}}]},{"@type":"Organization","@id":"https:\/\/mindfb.com\/es\/#organization","name":"Mindful Framing","description":"Transform Your Anxiety into Vital Energy","url":"https:\/\/mindfb.com\/es\/","logo":{"@type":"ImageObject","url":"https:\/\/i0.wp.com\/mindfb.com\/wp-content\/uploads\/2023\/02\/cropped-mindfulframing_logo.png?fit=640%2C269&ssl=1","@id":"https:\/\/mindfb.com\/es\/testimonios\/#organizationLogo","width":640,"height":269},"image":{"@id":"https:\/\/mindfb.com\/es\/testimonios\/#organizationLogo"},"sameAs":["https:\/\/www.facebook.com\/neochiorg\/","https:\/\/twitter.com\/neochiorg","https:\/\/www.instagram.com\/neochiorg\/","https:\/\/hu.pinterest.com\/oscarsegurado\/"]},{"@type":"WebPage","@id":"https:\/\/mindfb.com\/es\/testimonios#webpage","url":"https:\/\/mindfb.com\/es\/testimonios","name":"TESTIMONIOS | Mindful Framing","inLanguage":"es-ES","isPartOf":{"@id":"https:\/\/mindfb.com\/es\/#website"},"breadcrumb":{"@id":"https:\/\/mindfb.com\/es\/testimonios#breadcrumblist"},"datePublished":"2018-05-01T00:15:43-07:00","dateModified":"2018-05-01T00:20:55-07:00"},{"@type":"WebSite","@id":"https:\/\/mindfb.com\/es\/#website","url":"https:\/\/mindfb.com\/es\/","name":"Mindful Framing","description":"Transform Your Anxiety into Vital Energy","inLanguage":"es-ES","publisher":{"@id":"https:\/\/mindfb.com\/es\/#organization"}}]}},"aioseo_meta_data":{"post_id":"1580","title":null,"description":null,"keywords":null,"keyphrases":null,"primary_term":null,"canonical_url":null,"og_title":null,"og_description":null,"og_object_type":"default","og_image_type":"default","og_image_url":null,"og_image_width":null,"og_image_height":null,"og_image_custom_url":null,"og_image_custom_fields":null,"og_video":null,"og_custom_url":null,"og_article_section":null,"og_article_tags":null,"twitter_use_og":false,"twitter_card":"default","twitter_image_type":"default","twitter_image_url":null,"twitter_image_custom_url":null,"twitter_image_custom_fields":null,"twitter_title":null,"twitter_description":null,"schema":{"blockGraphs":[],"customGraphs":[],"default":{"data":{"Article":[],"Course":[],"Dataset":[],"FAQPage":[],"Movie":[],"Person":[],"Product":[],"ProductReview":[],"Car":[],"Recipe":[],"Service":[],"SoftwareApplication":[],"WebPage":[]},"graphName":"","isEnabled":true},"graphs":[],"defaultGraph":"","defaultPostTypeGraph":""},"schema_type":null,"schema_type_options":null,"pillar_content":false,"robots_default":true,"robots_noindex":false,"robots_noarchive":false,"robots_nosnippet":false,"robots_nofollow":false,"robots_noimageindex":false,"robots_noodp":false,"robots_notranslate":false,"robots_max_snippet":null,"robots_max_videopreview":null,"robots_max_imagepreview":"large","priority":null,"frequency":null,"local_seo":null,"seo_analyzer_scan_date":"2025-10-09 01:00:55","breadcrumb_settings":null,"limit_modified_date":false,"open_ai":null,"ai":null,"created":"2021-01-11 13:45:10","updated":"2025-10-09 01:00:55"},"aioseo_breadcrumb":"<div class=\"aioseo-breadcrumbs\"><span class=\"aioseo-breadcrumb\">\n\t<a href=\"https:\/\/mindfb.com\/es\" title=\"Home\">Home<\/a>\n<\/span><span class=\"aioseo-breadcrumb-separator\">&raquo;<\/span><span class=\"aioseo-breadcrumb\">\n\tTESTIMONIOS\n<\/span><\/div>","aioseo_breadcrumb_json":[{"label":"Home","link":"https:\/\/mindfb.com\/es"},{"label":"TESTIMONIOS","link":"https:\/\/mindfb.com\/es\/testimonios"}],"jetpack_sharing_enabled":true,"jetpack_shortlink":"https:\/\/wp.me\/P9HfYW-pu","jetpack_likes_enabled":true,"jetpack-related-posts":[],"_links":{"self":[{"href":"https:\/\/mindfb.com\/es\/wp-json\/wp\/v2\/pages\/1580","targetHints":{"allow":["GET"]}}],"collection":[{"href":"https:\/\/mindfb.com\/es\/wp-json\/wp\/v2\/pages"}],"about":[{"href":"https:\/\/mindfb.com\/es\/wp-json\/wp\/v2\/types\/page"}],"author":[{"embeddable":true,"href":"https:\/\/mindfb.com\/es\/wp-json\/wp\/v2\/users\/1"}],"replies":[{"embeddable":true,"href":"https:\/\/mindfb.com\/es\/wp-json\/wp\/v2\/comments?post=1580"}],"version-history":[{"count":0,"href":"https:\/\/mindfb.com\/es\/wp-json\/wp\/v2\/pages\/1580\/revisions"}],"wp:attachment":[{"href":"https:\/\/mindfb.com\/es\/wp-json\/wp\/v2\/media?parent=1580"}],"curies":[{"name":"wp","href":"https:\/\/api.w.org\/{rel}","templated":true}]}}