{"id":2330,"date":"2021-02-03T14:44:40","date_gmt":"2021-02-03T14:44:40","guid":{"rendered":"https:\/\/mindfb.com\/?page_id=2330"},"modified":"2021-02-03T14:44:59","modified_gmt":"2021-02-03T14:44:59","slug":"research","status":"publish","type":"page","link":"https:\/\/mindfb.com\/es\/research","title":{"rendered":"Research"},"content":{"rendered":"<div data-id=\"4bf1f9a0\" data-element_type=\"widget\" data-widget_type=\"theme-page-title.default\">\n<h1 style=\"text-align: center;\">Investigaci\u00f3n<\/h1>\n<\/div>\n<div data-id=\"f634dca\" data-element_type=\"widget\" data-widget_type=\"heading.default\">\n<h2 class=\"elementor-heading-title elementor-size-default\" style=\"text-align: center;\">EN COLABORACI\u00d3N CON LA FUNDACI\u00d3N CHOPRA<\/h2>\n<p style=\"text-align: center;\"><span lang=\"ES\">Las actividades de investigaci\u00f3n<\/span><span lang=\"ES\">est\u00e1n dirigidas por el Doctor Oscar Segurado, que coordina las actividades en EEUU y en Espa\u00f1a. Uno de los proyectos principales refleja la colaboraci\u00f3n con los autores de los libros \u2018S\u00fapercerebro\u2019 y S\u00fapergenes,\u2019 el profesor y neurocient\u00edfico de la universidad de Harvard Rudi Tanzi y el Doctor Deepak Chopra, endocrin\u00f3logo y presidente de la Fundaci\u00f3n Chopra. Estos cient\u00edficos tienen extensa experiencia en endocrinolog\u00eda, neurociencia y practicas de meditaci\u00f3n y Ayurveda, referencias clave para los planes de investigaci\u00f3n del Instituto. Esta colaboraci\u00f3n se extiende al equipo cient\u00edfico liderado por el Doctor Paul Mills,<\/span><span lang=\"ES\">Director del Laboratorio de Investigaci\u00f3n Cl\u00ednica de Biomarcadores de la Universidad de San Diego, California. &nbsp;Uno de los proyectos de investigaci\u00f3n bajo consideraci\u00f3n propone el estudio del efecto de la medicina hol\u00edstica para potenciar la mejor\u00eda de pacientes con c\u00e1ncer que reciben inmunoterapia.<\/span><\/p>\n<\/div>\n<div class=\"one-half first\"><a href=\"https:\/\/www.choprafoundation.org\/home?k=bc78b2dd\" target=\"_blank\" rel=\"noopener\"><img data-recalc-dims=\"1\" loading=\"lazy\" decoding=\"async\" class=\"alignnone wp-image-2323 size-large aligncenter\" src=\"https:\/\/i0.wp.com\/mindfb.com\/wp-content\/uploads\/2021\/02\/Screen-Shot-2021-02-03-at-9.38.46-AM.png?resize=1024%2C515&#038;ssl=1\" alt=\"\" width=\"1024\" height=\"515\" srcset=\"https:\/\/i0.wp.com\/mindfb.com\/wp-content\/uploads\/2021\/02\/Screen-Shot-2021-02-03-at-9.38.46-AM.png?resize=1024%2C515&amp;ssl=1 1024w, https:\/\/i0.wp.com\/mindfb.com\/wp-content\/uploads\/2021\/02\/Screen-Shot-2021-02-03-at-9.38.46-AM.png?resize=300%2C151&amp;ssl=1 300w, https:\/\/i0.wp.com\/mindfb.com\/wp-content\/uploads\/2021\/02\/Screen-Shot-2021-02-03-at-9.38.46-AM.png?resize=768%2C386&amp;ssl=1 768w, https:\/\/i0.wp.com\/mindfb.com\/wp-content\/uploads\/2021\/02\/Screen-Shot-2021-02-03-at-9.38.46-AM.png?resize=800%2C402&amp;ssl=1 800w, https:\/\/i0.wp.com\/mindfb.com\/wp-content\/uploads\/2021\/02\/Screen-Shot-2021-02-03-at-9.38.46-AM.png?resize=796%2C400&amp;ssl=1 796w, https:\/\/i0.wp.com\/mindfb.com\/wp-content\/uploads\/2021\/02\/Screen-Shot-2021-02-03-at-9.38.46-AM.png?w=1118&amp;ssl=1 1118w\" sizes=\"auto, (max-width: 1000px) 100vw, 1000px\" \/><\/a><\/div>\n<div class=\"one-half\"><a href=\"https:\/\/www.medicaffairs.com\/\" target=\"_blank\" rel=\"noopener\"><img data-recalc-dims=\"1\" loading=\"lazy\" decoding=\"async\" class=\"alignnone wp-image-2325 size-large aligncenter\" src=\"https:\/\/i0.wp.com\/mindfb.com\/wp-content\/uploads\/2021\/02\/Screen-Shot-2021-02-03-at-9.38.56-AM.png?resize=1024%2C513&#038;ssl=1\" alt=\"\" width=\"1024\" height=\"513\" srcset=\"https:\/\/i0.wp.com\/mindfb.com\/wp-content\/uploads\/2021\/02\/Screen-Shot-2021-02-03-at-9.38.56-AM.png?resize=1024%2C513&amp;ssl=1 1024w, https:\/\/i0.wp.com\/mindfb.com\/wp-content\/uploads\/2021\/02\/Screen-Shot-2021-02-03-at-9.38.56-AM.png?resize=300%2C150&amp;ssl=1 300w, https:\/\/i0.wp.com\/mindfb.com\/wp-content\/uploads\/2021\/02\/Screen-Shot-2021-02-03-at-9.38.56-AM.png?resize=768%2C385&amp;ssl=1 768w, https:\/\/i0.wp.com\/mindfb.com\/wp-content\/uploads\/2021\/02\/Screen-Shot-2021-02-03-at-9.38.56-AM.png?resize=800%2C401&amp;ssl=1 800w, https:\/\/i0.wp.com\/mindfb.com\/wp-content\/uploads\/2021\/02\/Screen-Shot-2021-02-03-at-9.38.56-AM.png?resize=799%2C400&amp;ssl=1 799w, https:\/\/i0.wp.com\/mindfb.com\/wp-content\/uploads\/2021\/02\/Screen-Shot-2021-02-03-at-9.38.56-AM.png?w=1118&amp;ssl=1 1118w\" sizes=\"auto, (max-width: 1000px) 100vw, 1000px\" \/><\/a><\/div>\n<div class=\"clearfix\">&nbsp;<\/div>\n","protected":false},"excerpt":{"rendered":"<p>Investigaci\u00f3n EN COLABORACI\u00d3N CON LA FUNDACI\u00d3N CHOPRA Las actividades de investigaci\u00f3nest\u00e1n dirigidas por el Doctor Oscar Segurado, que coordina las actividades en EEUU y en Espa\u00f1a. Uno de los proyectos [&hellip;]<\/p>\n","protected":false},"author":3,"featured_media":0,"parent":0,"menu_order":0,"comment_status":"closed","ping_status":"closed","template":"","meta":{"_exactmetrics_skip_tracking":false,"_exactmetrics_sitenote_active":false,"_exactmetrics_sitenote_note":"","_exactmetrics_sitenote_category":0,"_monsterinsights_skip_tracking":false,"_monsterinsights_sitenote_active":false,"_monsterinsights_sitenote_note":"","_monsterinsights_sitenote_category":0,"_genesis_hide_title":false,"_genesis_hide_breadcrumbs":false,"_genesis_hide_singular_image":false,"_genesis_hide_footer_widgets":false,"_genesis_custom_body_class":"","_genesis_custom_post_class":"","_genesis_layout":"full-width-content","ngg_post_thumbnail":0,"jetpack_post_was_ever_published":false,"footnotes":""},"class_list":["post-2330","page","type-page","status-publish","entry"],"aioseo_notices":[],"aioseo_head":"\n\t\t<!-- All in One SEO Pro 4.9.5.2 - aioseo.com -->\n\t<meta name=\"robots\" content=\"max-image-preview:large\" \/>\n\t<meta name=\"google-site-verification\" content=\"R3p8qoxnKDD2ey8UfFcI0032TE8RtguDzPd_6rx-yVo\" \/>\n\t<meta name=\"msvalidate.01\" content=\"C2613C93A35D5FFAA26B4CCBC4D61E15\" \/>\n\t<link rel=\"canonical\" href=\"https:\/\/mindfb.com\/es\/research\" \/>\n\t<meta name=\"generator\" content=\"All in One SEO Pro (AIOSEO) 4.9.5.2\" \/>\n\t\t<script type=\"application\/ld+json\" class=\"aioseo-schema\">\n\t\t\t{\"@context\":\"https:\\\/\\\/schema.org\",\"@graph\":[{\"@type\":\"BreadcrumbList\",\"@id\":\"https:\\\/\\\/mindfb.com\\\/es\\\/research#breadcrumblist\",\"itemListElement\":[{\"@type\":\"ListItem\",\"@id\":\"https:\\\/\\\/mindfb.com\\\/es#listItem\",\"position\":1,\"name\":\"Home\",\"item\":\"https:\\\/\\\/mindfb.com\\\/es\",\"nextItem\":{\"@type\":\"ListItem\",\"@id\":\"https:\\\/\\\/mindfb.com\\\/es\\\/research#listItem\",\"name\":\"Research\"}},{\"@type\":\"ListItem\",\"@id\":\"https:\\\/\\\/mindfb.com\\\/es\\\/research#listItem\",\"position\":2,\"name\":\"Research\",\"previousItem\":{\"@type\":\"ListItem\",\"@id\":\"https:\\\/\\\/mindfb.com\\\/es#listItem\",\"name\":\"Home\"}}]},{\"@type\":\"Organization\",\"@id\":\"https:\\\/\\\/mindfb.com\\\/es\\\/#organization\",\"name\":\"Mindful Framing\",\"description\":\"Transform Your Anxiety into Vital Energy\",\"url\":\"https:\\\/\\\/mindfb.com\\\/es\\\/\",\"logo\":{\"@type\":\"ImageObject\",\"url\":\"https:\\\/\\\/i0.wp.com\\\/mindfb.com\\\/wp-content\\\/uploads\\\/2023\\\/02\\\/cropped-mindfulframing_logo.png?fit=640%2C269&ssl=1\",\"@id\":\"https:\\\/\\\/mindfb.com\\\/es\\\/research\\\/#organizationLogo\",\"width\":640,\"height\":269},\"image\":{\"@id\":\"https:\\\/\\\/mindfb.com\\\/es\\\/research\\\/#organizationLogo\"},\"sameAs\":[\"https:\\\/\\\/www.facebook.com\\\/neochiorg\\\/\",\"https:\\\/\\\/twitter.com\\\/neochiorg\",\"https:\\\/\\\/www.instagram.com\\\/neochiorg\\\/\",\"https:\\\/\\\/hu.pinterest.com\\\/oscarsegurado\\\/\"]},{\"@type\":\"WebPage\",\"@id\":\"https:\\\/\\\/mindfb.com\\\/es\\\/research#webpage\",\"url\":\"https:\\\/\\\/mindfb.com\\\/es\\\/research\",\"name\":\"Research | Mindful Framing\",\"inLanguage\":\"es-ES\",\"isPartOf\":{\"@id\":\"https:\\\/\\\/mindfb.com\\\/es\\\/#website\"},\"breadcrumb\":{\"@id\":\"https:\\\/\\\/mindfb.com\\\/es\\\/research#breadcrumblist\"},\"datePublished\":\"2021-02-03T14:44:40-08:00\",\"dateModified\":\"2021-02-03T14:44:59-08:00\"},{\"@type\":\"WebSite\",\"@id\":\"https:\\\/\\\/mindfb.com\\\/es\\\/#website\",\"url\":\"https:\\\/\\\/mindfb.com\\\/es\\\/\",\"name\":\"Mindful Framing\",\"description\":\"Transform Your Anxiety into Vital Energy\",\"inLanguage\":\"es-ES\",\"publisher\":{\"@id\":\"https:\\\/\\\/mindfb.com\\\/es\\\/#organization\"}}]}\n\t\t<\/script>\n\t\t<!-- All in One SEO Pro -->\r\n\t\t<title>Research | Mindful Framing<\/title>\n\n","aioseo_head_json":{"title":"Research | Mindful Framing","description":"","canonical_url":"https:\/\/mindfb.com\/es\/research","robots":"max-image-preview:large","keywords":"","webmasterTools":{"google-site-verification":"R3p8qoxnKDD2ey8UfFcI0032TE8RtguDzPd_6rx-yVo","msvalidate.01":"C2613C93A35D5FFAA26B4CCBC4D61E15","miscellaneous":""},"schema":{"@context":"https:\/\/schema.org","@graph":[{"@type":"BreadcrumbList","@id":"https:\/\/mindfb.com\/es\/research#breadcrumblist","itemListElement":[{"@type":"ListItem","@id":"https:\/\/mindfb.com\/es#listItem","position":1,"name":"Home","item":"https:\/\/mindfb.com\/es","nextItem":{"@type":"ListItem","@id":"https:\/\/mindfb.com\/es\/research#listItem","name":"Research"}},{"@type":"ListItem","@id":"https:\/\/mindfb.com\/es\/research#listItem","position":2,"name":"Research","previousItem":{"@type":"ListItem","@id":"https:\/\/mindfb.com\/es#listItem","name":"Home"}}]},{"@type":"Organization","@id":"https:\/\/mindfb.com\/es\/#organization","name":"Mindful Framing","description":"Transform Your Anxiety into Vital Energy","url":"https:\/\/mindfb.com\/es\/","logo":{"@type":"ImageObject","url":"https:\/\/i0.wp.com\/mindfb.com\/wp-content\/uploads\/2023\/02\/cropped-mindfulframing_logo.png?fit=640%2C269&ssl=1","@id":"https:\/\/mindfb.com\/es\/research\/#organizationLogo","width":640,"height":269},"image":{"@id":"https:\/\/mindfb.com\/es\/research\/#organizationLogo"},"sameAs":["https:\/\/www.facebook.com\/neochiorg\/","https:\/\/twitter.com\/neochiorg","https:\/\/www.instagram.com\/neochiorg\/","https:\/\/hu.pinterest.com\/oscarsegurado\/"]},{"@type":"WebPage","@id":"https:\/\/mindfb.com\/es\/research#webpage","url":"https:\/\/mindfb.com\/es\/research","name":"Research | Mindful Framing","inLanguage":"es-ES","isPartOf":{"@id":"https:\/\/mindfb.com\/es\/#website"},"breadcrumb":{"@id":"https:\/\/mindfb.com\/es\/research#breadcrumblist"},"datePublished":"2021-02-03T14:44:40-08:00","dateModified":"2021-02-03T14:44:59-08:00"},{"@type":"WebSite","@id":"https:\/\/mindfb.com\/es\/#website","url":"https:\/\/mindfb.com\/es\/","name":"Mindful Framing","description":"Transform Your Anxiety into Vital Energy","inLanguage":"es-ES","publisher":{"@id":"https:\/\/mindfb.com\/es\/#organization"}}]}},"aioseo_meta_data":{"post_id":"2330","title":null,"description":null,"keywords":[],"keyphrases":{"focus":[],"additional":[]},"primary_term":null,"canonical_url":null,"og_title":null,"og_description":null,"og_object_type":"default","og_image_type":"default","og_image_url":null,"og_image_width":null,"og_image_height":null,"og_image_custom_url":null,"og_image_custom_fields":null,"og_video":"","og_custom_url":null,"og_article_section":null,"og_article_tags":[],"twitter_use_og":false,"twitter_card":"default","twitter_image_type":"default","twitter_image_url":null,"twitter_image_custom_url":null,"twitter_image_custom_fields":null,"twitter_title":null,"twitter_description":null,"schema":{"blockGraphs":[],"customGraphs":[],"default":{"data":{"Article":[],"Course":[],"Dataset":[],"FAQPage":[],"Movie":[],"Person":[],"Product":[],"ProductReview":[],"Car":[],"Recipe":[],"Service":[],"SoftwareApplication":[],"WebPage":[]},"graphName":"","isEnabled":true},"graphs":[],"defaultGraph":"","defaultPostTypeGraph":""},"schema_type":"none","schema_type_options":"{\"webPage\":{\"webPageType\":\"WebPage\"},\"article\":{\"articleType\":\"BlogPosting\"},\"book\":[],\"course\":[],\"event\":[],\"jobPosting\":[],\"music\":[],\"person\":[],\"product\":[],\"recipe\":[],\"restaurant\":[],\"service\":[],\"software\":[],\"video\":[]}","pillar_content":false,"robots_default":true,"robots_noindex":false,"robots_noarchive":false,"robots_nosnippet":false,"robots_nofollow":false,"robots_noimageindex":false,"robots_noodp":false,"robots_notranslate":false,"robots_max_snippet":"-1","robots_max_videopreview":"-1","robots_max_imagepreview":"large","priority":null,"frequency":"default","local_seo":{"businessInfo":{"name":"","urls":{"website":"","aboutPage":"","contactPage":""},"address":{"line1":"","line2":"","zip":"","city":"","state":"","country":""},"contact":{"email":"","phone":"","fax":""},"ids":{"vatID":"","taxID":"","chamberID":""},"payment":{"priceIndication":"","currenciesAccepted":"","methodsAccepted":""},"areaServed":""},"openingHours":{"show":false,"closedLabel":"","open24h":false,"open24hLabel":"","open247":false,"use24hFormat":false,"twoSets":false,"timezone":"","hours":[]}},"seo_analyzer_scan_date":"2025-10-09 01:04:36","breadcrumb_settings":null,"limit_modified_date":false,"open_ai":null,"ai":null,"created":"2021-02-03 14:43:37","updated":"2025-10-09 01:04:36"},"aioseo_breadcrumb":"<div class=\"aioseo-breadcrumbs\"><span class=\"aioseo-breadcrumb\">\n\t<a href=\"https:\/\/mindfb.com\/es\" title=\"Home\">Home<\/a>\n<\/span><span class=\"aioseo-breadcrumb-separator\">&raquo;<\/span><span class=\"aioseo-breadcrumb\">\n\tResearch\n<\/span><\/div>","aioseo_breadcrumb_json":[{"label":"Home","link":"https:\/\/mindfb.com\/es"},{"label":"Research","link":"https:\/\/mindfb.com\/es\/research"}],"jetpack_sharing_enabled":true,"jetpack_shortlink":"https:\/\/wp.me\/P9HfYW-BA","jetpack_likes_enabled":true,"jetpack-related-posts":[],"_links":{"self":[{"href":"https:\/\/mindfb.com\/es\/wp-json\/wp\/v2\/pages\/2330","targetHints":{"allow":["GET"]}}],"collection":[{"href":"https:\/\/mindfb.com\/es\/wp-json\/wp\/v2\/pages"}],"about":[{"href":"https:\/\/mindfb.com\/es\/wp-json\/wp\/v2\/types\/page"}],"author":[{"embeddable":true,"href":"https:\/\/mindfb.com\/es\/wp-json\/wp\/v2\/users\/3"}],"replies":[{"embeddable":true,"href":"https:\/\/mindfb.com\/es\/wp-json\/wp\/v2\/comments?post=2330"}],"version-history":[{"count":0,"href":"https:\/\/mindfb.com\/es\/wp-json\/wp\/v2\/pages\/2330\/revisions"}],"wp:attachment":[{"href":"https:\/\/mindfb.com\/es\/wp-json\/wp\/v2\/media?parent=2330"}],"curies":[{"name":"wp","href":"https:\/\/api.w.org\/{rel}","templated":true}]}}